{"id":17551,"date":"2023-07-04T20:36:34","date_gmt":"2023-07-04T18:36:34","guid":{"rendered":"https:\/\/nakedearth.al\/?post_type=product&#038;p=17551"},"modified":"2023-12-14T23:50:41","modified_gmt":"2023-12-14T22:50:41","slug":"squeeze-spoon","status":"publish","type":"product","link":"https:\/\/nakedearth.al\/en\/product\/squeeze-spoon\/","title":{"rendered":"Squeeze Spoon"},"content":{"rendered":"<p>Squeeze Spoon<\/p>\n<p>Ushqyerja e foshnj\u00ebs mund t\u00eb jet\u00eb nj\u00eb situate shum\u00eb e \u00e7rregullt dhe ndonj\u00ebher\u00eb kjo v\u00ebshtir\u00ebson t\u00eb gjith\u00eb k\u00ebnaq\u00ebsin\u00eb e fillimit t\u00eb ushqimit. Kjo lug\u00eb redukton rr\u00ebmuj\u00ebn duke e b\u00ebr\u00eb ushqyerjen pa stres, ve\u00e7an\u00ebrisht kur jeni n\u00eb l\u00ebvizje. Thjesht mbushni baz\u00ebn me ushqim p\u00ebr f\u00ebmij\u00eb (t\u00eb b\u00ebr\u00eb vet\u00eb ose t\u00eb bler\u00eb n\u00eb dyqan) dhe rrotullojeni maj\u00ebn e lug\u00ebs. M\u00eb pas, thjesht shtrydhni ushqimin direkt n\u00eb lug\u00eb dhe rimbushni kur t\u00eb mbaroj\u00eb koha e ushqyerjes. P\u00ebr n\u00ebnat e z\u00ebna, n\u00eb l\u00ebvizje, kjo \u00ebsht\u00eb nj\u00eb zgjidhje e p\u00ebrshtatshme, q\u00eb nuk mund t\u00eb jetoj\u00eb pa t\u00eb, p\u00ebr arg\u00ebtim t\u00eb leht\u00eb gjat\u00eb vaktit.<\/p>\n<p>Karakteristikat:<\/p>\n<p>Lug\u00eb ushqimore silikoni<br \/>\nP\u00ebrshtatet p\u00ebr puret\u00eb e faz\u00ebs 1 dhe t\u00eb faz\u00ebs 2<br \/>\nKapaku e mban lug\u00ebn t\u00eb mbrojtur n\u00eb \u00e7ant\u00ebn tuaj<br \/>\nForma ergonomike \u00ebsht\u00eb e leht\u00eb p\u00ebr t\u2019u shtypur, deri n\u00eb kafshimin e fundit<br \/>\nPa BPA<br \/>\nKapaciteti: 140 g ushqim p\u00ebr f\u00ebmij\u00eb<\/p>","protected":false},"excerpt":{"rendered":"<p>Ushqyerja e foshnj\u00ebs mund t\u00eb jet\u00eb nj\u00eb situate shum\u00eb e \u00e7rregullt dhe ndonj\u00ebher\u00eb kjo v\u00ebshtir\u00ebson t\u00eb gjith\u00eb k\u00ebnaq\u00ebsin\u00eb e fillimit t\u00eb ushqimit. Kjo lug\u00eb redukton rr\u00ebmuj\u00ebn duke e b\u00ebr\u00eb ushqyerjen pa stres, ve\u00e7an\u00ebrisht kur jeni n\u00eb l\u00ebvizje.<\/p>","protected":false},"featured_media":17493,"comment_status":"open","ping_status":"closed","template":"","meta":[],"product_brand":[],"product_cat":[263,1039],"product_tag":[898],"class_list":{"0":"post-17551","1":"product","2":"type-product","3":"status-publish","4":"has-post-thumbnail","6":"product_cat-luge-pirun","7":"product_cat-munchkin","8":"product_tag-feeding","10":"first","11":"outofstock","12":"shipping-taxable","13":"purchasable","14":"product-type-variable"},"jetpack_sharing_enabled":true,"_links":{"self":[{"href":"https:\/\/nakedearth.al\/en\/wp-json\/wp\/v2\/product\/17551","targetHints":{"allow":["GET"]}}],"collection":[{"href":"https:\/\/nakedearth.al\/en\/wp-json\/wp\/v2\/product"}],"about":[{"href":"https:\/\/nakedearth.al\/en\/wp-json\/wp\/v2\/types\/product"}],"replies":[{"embeddable":true,"href":"https:\/\/nakedearth.al\/en\/wp-json\/wp\/v2\/comments?post=17551"}],"wp:featuredmedia":[{"embeddable":true,"href":"https:\/\/nakedearth.al\/en\/wp-json\/wp\/v2\/media\/17493"}],"wp:attachment":[{"href":"https:\/\/nakedearth.al\/en\/wp-json\/wp\/v2\/media?parent=17551"}],"wp:term":[{"taxonomy":"product_brand","embeddable":true,"href":"https:\/\/nakedearth.al\/en\/wp-json\/wp\/v2\/product_brand?post=17551"},{"taxonomy":"product_cat","embeddable":true,"href":"https:\/\/nakedearth.al\/en\/wp-json\/wp\/v2\/product_cat?post=17551"},{"taxonomy":"product_tag","embeddable":true,"href":"https:\/\/nakedearth.al\/en\/wp-json\/wp\/v2\/product_tag?post=17551"}],"curies":[{"name":"wp","href":"https:\/\/api.w.org\/{rel}","templated":true}]}}