{"id":17556,"date":"2023-07-04T20:39:37","date_gmt":"2023-07-04T18:39:37","guid":{"rendered":"https:\/\/nakedearth.al\/?post_type=product&#038;p=17556"},"modified":"2025-03-25T12:41:44","modified_gmt":"2025-03-25T11:41:44","slug":"soft-tip-infant-spoons-6pk","status":"publish","type":"product","link":"https:\/\/nakedearth.al\/en\/product\/soft-tip-infant-spoons-6pk\/","title":{"rendered":"Soft Tip Infant Spoons \u2013 6pk"},"content":{"rendered":"<p>Soft Tip\u2122 Infant Spoons \u2013 6pk<\/p>\n<p>Lug\u00ebt p\u00ebr foshnjat e Munchkin\u2019s Soft Tip\u2122 Infant Spoons jan\u00eb krijuar posa\u00e7\u00ebrisht p\u00ebr t\u2019ju ndihmuar me ushqyerjen e par\u00eb t\u00eb foshnj\u00ebs. Maja dhe forma e rrumbullakos jan\u00eb t\u00eb buta me mishrat e dh\u00ebmb\u00ebve dhe thell\u00ebsia e lug\u00ebs e b\u00ebn t\u00eb leht\u00eb p\u00ebr t\u00eb ushqyer f\u00ebmij\u00ebn tuaj t\u00eb vog\u00ebl. Lug\u00ebt jan\u00eb b\u00ebr\u00eb gjithashtu duke pasur parasysh n\u00ebn\u00ebn \u2013 doreza e ve\u00e7ant\u00eb \u00ebsht\u00eb projektuar n\u00eb m\u00ebnyr\u00eb ergonomike p\u00ebr nj\u00eb mbajtje t\u00eb rehatshme dhe gjat\u00ebsin\u00eb e duhur p\u00ebr t\u00eb arritur n\u00eb fund t\u00eb kavanoz\u00ebve t\u00eb ushqimit p\u00ebr f\u00ebmij\u00eb. Gati, vendos dhe ushqehu me leht\u00ebsi!<\/p>\n<p>Karakteristikat:<\/p>\n<p>Kupat e lug\u00ebve t\u00eb rrumbullakosura dhe t\u00eb buta p\u00ebr mishrat e dh\u00ebmb\u00ebve t\u00eb foshnj\u00ebs<br \/>\nDoreza e projektuar n\u00eb m\u00ebnyr\u00eb ergonomike \u00ebsht\u00eb e rehatshme p\u00ebr tu mbajtur<br \/>\nMund t\u00eb lahen n\u00eb lavastovlje<br \/>\nPa BPA dhe Ftalate<br \/>\nP\u00ebrfshin 6 lug\u00eb<\/p>","protected":false},"excerpt":{"rendered":"<p>Gati, vendos dhe ushqehu me leht\u00ebsi!<\/p>\n<p>Lug\u00ebt p\u00ebr foshnjat e Munchkin\u2019s Soft Tip\u2122 Infant Spoons jan\u00eb krijuar posa\u00e7\u00ebrisht p\u00ebr t\u2019ju ndihmuar me ushqyerjen e par\u00eb t\u00eb foshnj\u00ebs.<\/p>","protected":false},"featured_media":17491,"comment_status":"open","ping_status":"closed","template":"","meta":[],"product_brand":[],"product_cat":[263,1039],"product_tag":[898],"class_list":{"0":"post-17556","1":"product","2":"type-product","3":"status-publish","4":"has-post-thumbnail","6":"product_cat-luge-pirun","7":"product_cat-munchkin","8":"product_tag-feeding","10":"first","11":"instock","12":"shipping-taxable","13":"purchasable","14":"product-type-simple"},"jetpack_sharing_enabled":true,"_links":{"self":[{"href":"https:\/\/nakedearth.al\/en\/wp-json\/wp\/v2\/product\/17556","targetHints":{"allow":["GET"]}}],"collection":[{"href":"https:\/\/nakedearth.al\/en\/wp-json\/wp\/v2\/product"}],"about":[{"href":"https:\/\/nakedearth.al\/en\/wp-json\/wp\/v2\/types\/product"}],"replies":[{"embeddable":true,"href":"https:\/\/nakedearth.al\/en\/wp-json\/wp\/v2\/comments?post=17556"}],"wp:featuredmedia":[{"embeddable":true,"href":"https:\/\/nakedearth.al\/en\/wp-json\/wp\/v2\/media\/17491"}],"wp:attachment":[{"href":"https:\/\/nakedearth.al\/en\/wp-json\/wp\/v2\/media?parent=17556"}],"wp:term":[{"taxonomy":"product_brand","embeddable":true,"href":"https:\/\/nakedearth.al\/en\/wp-json\/wp\/v2\/product_brand?post=17556"},{"taxonomy":"product_cat","embeddable":true,"href":"https:\/\/nakedearth.al\/en\/wp-json\/wp\/v2\/product_cat?post=17556"},{"taxonomy":"product_tag","embeddable":true,"href":"https:\/\/nakedearth.al\/en\/wp-json\/wp\/v2\/product_tag?post=17556"}],"curies":[{"name":"wp","href":"https:\/\/api.w.org\/{rel}","templated":true}]}}