{"id":17557,"date":"2023-07-04T20:42:24","date_gmt":"2023-07-04T18:42:24","guid":{"rendered":"https:\/\/nakedearth.al\/?post_type=product&#038;p=17557"},"modified":"2025-04-22T21:11:17","modified_gmt":"2025-04-22T19:11:17","slug":"love-a-bowls-10pcs","status":"publish","type":"product","link":"https:\/\/nakedearth.al\/en\/product\/love-a-bowls-10pcs\/","title":{"rendered":"Love-a-Bowls \u2013 10pcs"},"content":{"rendered":"<p>Love-a-Bowls\u2122 \u2013 10pcs<\/p>\n<p>Ky set prej kat\u00ebr tasash t\u00eb nd\u00ebrruesh\u00ebm vjen me kat\u00ebr kapak\u00eb dhe dy lug\u00eb me maj\u00eb t\u00eb but\u00eb, duke e b\u00ebr\u00eb k\u00ebt\u00eb setin fillestarin perfekt p\u00ebr dit\u00ebt e para t\u00eb ushqyerjes. I duhuri p\u00ebr \u00e7do gj\u00eb, nga ushqimi p\u00ebr f\u00ebmij\u00eb deri te ushqimet e vogla p\u00ebr t\u00eb vegjlit, k\u00ebto tasa jan\u00eb t\u00eb leht\u00eb p\u00ebr t\u2019u ruajtur dhe praktik p\u00ebr n\u00ebnat e z\u00ebna p\u00ebr t\u2019i marr\u00eb n\u00eb l\u00ebvizje.<\/p>\n<p>Karakteristikat:<\/p>\n<p>T\u00eb pap\u00ebrshkuesh\u00ebm nga derdhja, rezistente ndaj rrjedhjeve dhe thyerjes<br \/>\nP\u00ebrfshin 4 tasa, 4 kapak dhe 2 lug\u00eb me maj\u00eb t\u00eb but\u00eb<br \/>\nAn\u00ebt leht\u00eb p\u00ebr t\u2019u kapur<br \/>\nPa BPA<br \/>\nMund t\u00eb lahen n\u00eb lavastovlje<br \/>\nMund t\u00eb p\u00ebrdoren n\u00eb mikroval\u00eb<br \/>\n4+ muaj<\/p>","protected":false},"excerpt":{"rendered":"<p>Ky set prej kat\u00ebr tasash t\u00eb nd\u00ebrruesh\u00ebm vjen me kat\u00ebr kapak\u00eb dhe dy lug\u00eb me maj\u00eb t\u00eb but\u00eb, duke e b\u00ebr\u00eb k\u00ebt\u00eb setin fillestarin perfekt p\u00ebr dit\u00ebt e para t\u00eb ushqyerjes. I duhuri p\u00ebr \u00e7do gj\u00eb, nga ushqimi p\u00ebr f\u00ebmij\u00eb deri te ushqimet e vogla p\u00ebr t\u00eb vegjlit, k\u00ebto tasa jan\u00eb t\u00eb leht\u00eb p\u00ebr t\u2019u ruajtur dhe praktik p\u00ebr n\u00ebnat e z\u00ebna p\u00ebr t\u2019i marr\u00eb n\u00eb l\u00ebvizje.<\/p>","protected":false},"featured_media":17492,"comment_status":"open","ping_status":"closed","template":"","meta":[],"product_brand":[],"product_cat":[1039],"product_tag":[898],"class_list":{"0":"post-17557","1":"product","2":"type-product","3":"status-publish","4":"has-post-thumbnail","6":"product_cat-munchkin","7":"product_tag-feeding","9":"first","10":"instock","11":"shipping-taxable","12":"purchasable","13":"product-type-simple"},"jetpack_sharing_enabled":true,"_links":{"self":[{"href":"https:\/\/nakedearth.al\/en\/wp-json\/wp\/v2\/product\/17557","targetHints":{"allow":["GET"]}}],"collection":[{"href":"https:\/\/nakedearth.al\/en\/wp-json\/wp\/v2\/product"}],"about":[{"href":"https:\/\/nakedearth.al\/en\/wp-json\/wp\/v2\/types\/product"}],"replies":[{"embeddable":true,"href":"https:\/\/nakedearth.al\/en\/wp-json\/wp\/v2\/comments?post=17557"}],"wp:featuredmedia":[{"embeddable":true,"href":"https:\/\/nakedearth.al\/en\/wp-json\/wp\/v2\/media\/17492"}],"wp:attachment":[{"href":"https:\/\/nakedearth.al\/en\/wp-json\/wp\/v2\/media?parent=17557"}],"wp:term":[{"taxonomy":"product_brand","embeddable":true,"href":"https:\/\/nakedearth.al\/en\/wp-json\/wp\/v2\/product_brand?post=17557"},{"taxonomy":"product_cat","embeddable":true,"href":"https:\/\/nakedearth.al\/en\/wp-json\/wp\/v2\/product_cat?post=17557"},{"taxonomy":"product_tag","embeddable":true,"href":"https:\/\/nakedearth.al\/en\/wp-json\/wp\/v2\/product_tag?post=17557"}],"curies":[{"name":"wp","href":"https:\/\/api.w.org\/{rel}","templated":true}]}}