{"id":17569,"date":"2023-07-04T21:22:14","date_gmt":"2023-07-04T19:22:14","guid":{"rendered":"https:\/\/nakedearth.al\/?post_type=product&#038;p=17569"},"modified":"2025-07-15T15:58:44","modified_gmt":"2025-07-15T13:58:44","slug":"click-lock-tip-sip-flexi-straw-cup-207ml","status":"publish","type":"product","link":"https:\/\/nakedearth.al\/en\/product\/click-lock-tip-sip-flexi-straw-cup-207ml\/","title":{"rendered":"Click Lock Tip &#038; Sip Flexi-Straw Cup \u2013 207ml"},"content":{"rendered":"<p>Click Lock Tip &amp; Sip Flexi-Straw Cup<\/p>\n<p>Me got\u00ebn e re, f\u00ebmija juaj mund ta mbaj\u00eb at\u00eb si nj\u00eb shishe, por t\u00eb pij\u00eb nga nj\u00eb pipz\u00eb. Gota me pipz\u00eb shp\u00ebrndan l\u00ebng nga \u00e7do k\u00ebnd. Me kapakun e sip\u00ebrm dhe funksionalitetin Click Lock\u2122, kjo got\u00eb \u00ebsht\u00eb gjithashtu e p\u00ebrkryer p\u00ebr t\u2019u p\u00ebrdorur n\u00eb l\u00ebvizje. Munchkin jep garanci 100% z\u00ebvend\u00ebsimi, n\u00ebse gota rrjedh! Sigurohuni dhe jini t\u00eb qet\u00eb \u2013 kjo mund t\u00eb jet\u00eb thjesht gota e \u00ebndrrave tuaja.<\/p>\n<p>Karakteristikat:<\/p>\n<p>Pipza e p\u00ebrkulshme i lejon vog\u00eblushit tuaj t\u00eb mbaj\u00eb got\u00eb n\u00eb \u00e7do k\u00ebnd<br \/>\nP\u00ebrmban teknologjin\u00eb Click-Lock\u00ae p\u00ebr nj\u00eb vul\u00eb t\u00eb garantuar kund\u00ebr rrjedhjeve<br \/>\nPipza fleksib\u00ebl \u00ebsht\u00eb e but\u00eb p\u00ebr mishrat e dh\u00ebmb\u00ebve<br \/>\nP\u00ebrfshin fur\u00e7\u00eb p\u00ebr t\u00eb pastruar leht\u00ebsisht pipz\u00ebn<br \/>\nKapaciteti 207ml p\u00ebr qum\u00ebsht, l\u00ebng dhe uj\u00eb<br \/>\nPa BPA, me kapak t\u00eb sip\u00ebrm, e p\u00ebrshtatshme n\u00eb lavastovilje<br \/>\n6+ muaj<\/p>","protected":false},"excerpt":{"rendered":"<p>Posht\u00eb lart!<\/p>\n<p>Ne e dim\u00eb se i vogli juaj mund t\u00eb l\u00ebviz\u00eb shpejt n\u00eb \u00e7do drejtim \u2013 tani edhe ai mund t\u00eb pij\u00eb nga \u00e7do k\u00ebnd! Pavar\u00ebsisht se n\u00eb cil\u00ebn m\u00ebnyr\u00eb zgjedh i vogli juaj p\u00ebr t\u00eb anuar kok\u00ebn e tij, pip\u0113za l\u00ebviz me t\u00eb, duke siguruar q\u00eb ata t\u00eb mund t\u00eb marrin l\u00ebng, pavar\u00ebsisht se n\u00eb cil\u00ebn an\u00eb shkojn\u00eb. Dhe me kapakun e sip\u00ebrm t\u00eb rrokullisjes dhe funksionalitetin \u201cClick Lock\u201d kund\u00ebr rrjedhjeve, kjo got\u00eb \u00ebsht\u00eb gjithashtu e p\u00ebrkryer p\u00ebr t\u2019u p\u00ebrdorur n\u00eb l\u00ebvizje! Jini t\u00eb sigurt \u2013 kjo mund t\u00eb jet\u00eb thjesht gota e \u00ebndrrave tuaja.<\/p>","protected":false},"featured_media":17478,"comment_status":"open","ping_status":"closed","template":"","meta":[],"product_brand":[],"product_cat":[1039],"product_tag":[898],"class_list":{"0":"post-17569","1":"product","2":"type-product","3":"status-publish","4":"has-post-thumbnail","6":"product_cat-munchkin","7":"product_tag-feeding","9":"first","10":"instock","11":"shipping-taxable","12":"purchasable","13":"product-type-variable"},"jetpack_sharing_enabled":true,"_links":{"self":[{"href":"https:\/\/nakedearth.al\/en\/wp-json\/wp\/v2\/product\/17569","targetHints":{"allow":["GET"]}}],"collection":[{"href":"https:\/\/nakedearth.al\/en\/wp-json\/wp\/v2\/product"}],"about":[{"href":"https:\/\/nakedearth.al\/en\/wp-json\/wp\/v2\/types\/product"}],"replies":[{"embeddable":true,"href":"https:\/\/nakedearth.al\/en\/wp-json\/wp\/v2\/comments?post=17569"}],"wp:featuredmedia":[{"embeddable":true,"href":"https:\/\/nakedearth.al\/en\/wp-json\/wp\/v2\/media\/17478"}],"wp:attachment":[{"href":"https:\/\/nakedearth.al\/en\/wp-json\/wp\/v2\/media?parent=17569"}],"wp:term":[{"taxonomy":"product_brand","embeddable":true,"href":"https:\/\/nakedearth.al\/en\/wp-json\/wp\/v2\/product_brand?post=17569"},{"taxonomy":"product_cat","embeddable":true,"href":"https:\/\/nakedearth.al\/en\/wp-json\/wp\/v2\/product_cat?post=17569"},{"taxonomy":"product_tag","embeddable":true,"href":"https:\/\/nakedearth.al\/en\/wp-json\/wp\/v2\/product_tag?post=17569"}],"curies":[{"name":"wp","href":"https:\/\/api.w.org\/{rel}","templated":true}]}}