{"id":17582,"date":"2023-07-04T21:51:57","date_gmt":"2023-07-04T19:51:57","guid":{"rendered":"https:\/\/nakedearth.al\/?post_type=product&#038;p=17582"},"modified":"2025-02-05T14:45:49","modified_gmt":"2025-02-05T13:45:49","slug":"miracle-sippy-cup-295ml","status":"publish","type":"product","link":"https:\/\/nakedearth.al\/en\/product\/miracle-sippy-cup-295ml\/","title":{"rendered":"Miracle Sippy Cup \u2013 295ml"},"content":{"rendered":"<p>Miracle Sippy Cup \u2013 295ml<\/p>\n<p>Jo, nuk \u00ebsht\u00eb nj\u00eb mrekulli \u2013 \u00ebsht\u00eb Munchkin\u2019s Miracle\u00ae 360\u00b0 Cup. Gota e par\u00eb sippy e shpikur me prind\u00ebrit dhe f\u00ebmij\u00ebt n\u00eb mendje, Miracle\u00ae 360\u00b0 eliminon rr\u00ebmuj\u00ebn dhe mb\u00ebshtet sh\u00ebndetin e dh\u00ebmb\u00ebve t\u00eb f\u00ebmij\u00ebve menj\u00ebher\u00eb. Pirja nga kudo rreth buz\u00ebs, si nj\u00eb got\u00eb e rregullt, ndihmon n\u00eb mb\u00ebshtetjen e zhvillimit normal t\u00eb muskujve n\u00eb goj\u00ebn e nj\u00eb f\u00ebmije. Dhe pa gryk\u00eb, pip\u00ebz apo aksesor\u00eb shtes\u00eb, gota Miracle\u00ae 360\u00b0 \u00ebsht\u00eb e leht\u00eb p\u00ebr t\u2019u p\u00ebrdorur dhe madje edhe m\u00eb e leht\u00eb p\u00ebr t\u2019u pastruar.<\/p>\n<p>Karakteristikat:<\/p>\n<p>Gota p\u00ebr f\u00ebmij\u00eb me dizajn pa gryk\u00eb e rekomanduar nga dentist\u00ebt<br \/>\nBuza 360\u00b0 ju lejon t\u00eb pini nga \u00e7do an\u00eb e got\u00ebs \u2013 thjesht anoni got\u00ebn dhe thithni buz\u00ebn e valvul\u00ebs<br \/>\nShpejt\u00ebsia e rrjedh\u00ebs e krijuar p\u00ebr mosha dhe faza t\u00eb ndryshme<br \/>\nGota mbyllet automatikisht kur f\u00ebmija ndalon s\u00eb piri p\u00ebr t\u00eb eliminuar derdhjet<br \/>\nKapaciteti 295ml p\u00ebr qum\u00ebsht, l\u00ebng dhe uj\u00eb<br \/>\nLeht\u00eb p\u00ebr t\u2019u pastruar<br \/>\nPa BPA<br \/>\nLahet n\u0113 lavastovilje<br \/>\n12+ muaj<\/p>","protected":false},"excerpt":{"rendered":"<p>Mrekullit\u00eb ndodhin!<\/p>\n<p>Le ta pranojm\u00eb: t\u00eb vegjlit jan\u00eb nj\u00eb grup i \u00e7rregullt, ve\u00e7an\u00ebrisht kur eksplorojn\u00eb p\u00ebr her\u00eb t\u00eb par\u00eb gotat. Tani imagjinoni nj\u00eb bot\u00eb n\u00eb t\u00eb cil\u00ebn pijet nuk derdhen fare \u2013 as n\u00eb \u00e7ant\u00ebn tuaj t\u00eb pelenave, as n\u00eb komodin\u00ebn tuaj dhe as mbi f\u00ebmij\u00ebn tuaj t\u00eb etur p\u00ebr t\u00eb m\u00ebsuar.<\/p>","protected":false},"featured_media":17476,"comment_status":"open","ping_status":"closed","template":"","meta":[],"product_brand":[],"product_cat":[1039],"product_tag":[898],"class_list":{"0":"post-17582","1":"product","2":"type-product","3":"status-publish","4":"has-post-thumbnail","6":"product_cat-munchkin","7":"product_tag-feeding","9":"first","10":"instock","11":"shipping-taxable","12":"purchasable","13":"product-type-variable"},"jetpack_sharing_enabled":true,"_links":{"self":[{"href":"https:\/\/nakedearth.al\/en\/wp-json\/wp\/v2\/product\/17582","targetHints":{"allow":["GET"]}}],"collection":[{"href":"https:\/\/nakedearth.al\/en\/wp-json\/wp\/v2\/product"}],"about":[{"href":"https:\/\/nakedearth.al\/en\/wp-json\/wp\/v2\/types\/product"}],"replies":[{"embeddable":true,"href":"https:\/\/nakedearth.al\/en\/wp-json\/wp\/v2\/comments?post=17582"}],"wp:featuredmedia":[{"embeddable":true,"href":"https:\/\/nakedearth.al\/en\/wp-json\/wp\/v2\/media\/17476"}],"wp:attachment":[{"href":"https:\/\/nakedearth.al\/en\/wp-json\/wp\/v2\/media?parent=17582"}],"wp:term":[{"taxonomy":"product_brand","embeddable":true,"href":"https:\/\/nakedearth.al\/en\/wp-json\/wp\/v2\/product_brand?post=17582"},{"taxonomy":"product_cat","embeddable":true,"href":"https:\/\/nakedearth.al\/en\/wp-json\/wp\/v2\/product_cat?post=17582"},{"taxonomy":"product_tag","embeddable":true,"href":"https:\/\/nakedearth.al\/en\/wp-json\/wp\/v2\/product_tag?post=17582"}],"curies":[{"name":"wp","href":"https:\/\/api.w.org\/{rel}","templated":true}]}}