{"id":18053,"date":"2023-09-07T10:42:19","date_gmt":"2023-09-07T08:42:19","guid":{"rendered":"https:\/\/nakedearth.al\/?post_type=product&#038;p=18053"},"modified":"2026-02-14T21:23:54","modified_gmt":"2026-02-14T20:23:54","slug":"multi-peptide-copper-peptides-1-serum-buffet-copper-peptides-1-serum-30-ml","status":"publish","type":"product","link":"https:\/\/nakedearth.al\/en\/product\/multi-peptide-copper-peptides-1-serum-buffet-copper-peptides-1-serum-30-ml\/","title":{"rendered":"Multi-Peptide + Copper Peptides 1% Serum (\u201cBuffet\u201d + Copper Peptides 1% Serum) 30 ml"},"content":{"rendered":"<h4>Multi-Peptide + Copper Peptides 1% Serum\u00a0(\u201cBuffet\u201d + Copper Peptides 1% Serum) 30 ml<\/h4>\n<p>Multi-Peptide + Copper Peptides 1% (m\u00eb par\u00eb \u201cBuffet\u201d + Copper Peptides 1%) \u00ebsht\u00eb\u00a0nj\u00eb formul\u00eb e cila p\u00ebrdor teknologji t\u00eb shumta mb\u00ebshtet\u00ebse t\u00eb l\u00ebkur\u00ebs q\u00eb luftojn\u00eb\u00a0shenjat e shumta t\u00eb plakjes me efektivitet t\u00eb menj\u00ebhersh\u00ebm. Formula p\u00ebrfshin\u00a0pes\u00eb teknologji peptide t\u00eb mir\u00eb-studiuara, aminoacide, dhe acide t\u00eb shumta\u00a0hialuronik. P\u00ebr ata q\u00eb k\u00ebrkojn\u00eb nj\u00eb zgjidhje gjith\u00ebp\u00ebrfshir\u00ebse p\u00ebr kujdesin e l\u00ebkur\u00ebs,\u00a0Multi-Peptide + Peptide Bakri 1% ndihmon n\u00eb p\u00ebrmir\u00ebsimin e pamjes s\u00eb rrudhave t\u00eb\u00a0holla dhe dinamike dhe p\u00ebrmir\u00ebson elasticitetin dhe but\u00ebsin\u00eb. Duke qen\u00eb se ky\u00a0serum i avancuar p\u00ebrmban peptide t\u00eb drejtp\u00ebrdrejta t\u00eb bakrit, ai synon gjithashtu\u00a0shenjat e plakjes q\u00eb zakonisht lidhen me stresin oksidativ, duke rezultuar n\u00eb l\u00ebkur\u00eb\u00a0rrezatuese dhe m\u00eb t\u00eb sh\u00ebndetshme.<\/p>\n<h5>Udh\u00ebzimet:<\/h5>\n<p>Aplikoni disa pika n\u00eb fytyr\u00eb n\u00eb m\u00ebngjes dhe n\u00eb\u00a0mbr\u00ebmje.<\/p>\n<p><em>Funksioni:<\/em>\u00a0Shenja t\u00eb plakjes<\/p>\n<p><em>P\u00ebrshtatet:\u00a0<\/em>T\u00eb gjitha l\u00ebkurave<\/p>\n<p><em>Format:\u00a0<\/em>Water-based Serum<\/p>\n<p><em><strong>P\u00ebrdorimi: 6 muaj pas hapjes<\/strong><\/em><\/p>","protected":false},"excerpt":{"rendered":"<p>Multi-Peptide + Copper Peptides 1% (m\u00eb par\u00eb \u201cBuffet\u201d + Copper Peptides 1%) \u00ebsht\u00eb\u00a0nj\u00eb formul\u00eb e cila p\u00ebrdor teknologji t\u00eb shumta mb\u00ebshtet\u00ebse t\u00eb l\u00ebkur\u00ebs q\u00eb luftojn\u00eb\u00a0shenjat e shumta t\u00eb plakjes me efektivitet t\u00eb menj\u00ebhersh\u00ebm.<\/p>","protected":false},"featured_media":17879,"comment_status":"open","ping_status":"closed","template":"","meta":[],"product_brand":[],"product_cat":[1048],"product_tag":[425],"class_list":{"0":"post-18053","1":"product","2":"type-product","3":"status-publish","4":"has-post-thumbnail","6":"product_cat-the-ordinary","7":"product_tag-skincare","9":"first","10":"instock","11":"shipping-taxable","12":"purchasable","13":"product-type-simple"},"jetpack_sharing_enabled":true,"_links":{"self":[{"href":"https:\/\/nakedearth.al\/en\/wp-json\/wp\/v2\/product\/18053","targetHints":{"allow":["GET"]}}],"collection":[{"href":"https:\/\/nakedearth.al\/en\/wp-json\/wp\/v2\/product"}],"about":[{"href":"https:\/\/nakedearth.al\/en\/wp-json\/wp\/v2\/types\/product"}],"replies":[{"embeddable":true,"href":"https:\/\/nakedearth.al\/en\/wp-json\/wp\/v2\/comments?post=18053"}],"wp:featuredmedia":[{"embeddable":true,"href":"https:\/\/nakedearth.al\/en\/wp-json\/wp\/v2\/media\/17879"}],"wp:attachment":[{"href":"https:\/\/nakedearth.al\/en\/wp-json\/wp\/v2\/media?parent=18053"}],"wp:term":[{"taxonomy":"product_brand","embeddable":true,"href":"https:\/\/nakedearth.al\/en\/wp-json\/wp\/v2\/product_brand?post=18053"},{"taxonomy":"product_cat","embeddable":true,"href":"https:\/\/nakedearth.al\/en\/wp-json\/wp\/v2\/product_cat?post=18053"},{"taxonomy":"product_tag","embeddable":true,"href":"https:\/\/nakedearth.al\/en\/wp-json\/wp\/v2\/product_tag?post=18053"}],"curies":[{"name":"wp","href":"https:\/\/api.w.org\/{rel}","templated":true}]}}