{"id":18086,"date":"2023-09-07T11:35:04","date_gmt":"2023-09-07T09:35:04","guid":{"rendered":"https:\/\/nakedearth.al\/?post_type=product&#038;p=18086"},"modified":"2026-02-14T21:22:32","modified_gmt":"2026-02-14T20:22:32","slug":"niacinamide-10-zinc-1-30ml","status":"publish","type":"product","link":"https:\/\/nakedearth.al\/en\/product\/niacinamide-10-zinc-1-30ml\/","title":{"rendered":"Niacinamide 10% + Zinc 1% \u2013 30ml"},"content":{"rendered":"<h4>Niacinamide 10% + Zinc 1% \u2013 30ml<\/h4>\n<p>Formula jon\u00eb Niacinamide 10% + Zink 1% \u00ebsht\u00eb\u00a0nj\u00eb serum me baz\u00eb uji q\u00eb rrit shk\u00eblqimi,\u00a0p\u00ebrmir\u00ebson but\u00ebsin\u00eb e l\u00ebkur\u00ebs dhe p\u00ebrforcon\u00a0barrier\u00ebn e l\u00ebkur\u00ebs me kalimin e koh\u00ebs. \u00cbsht\u00eb\u00a0serum universal p\u00ebr l\u00ebkura problematike q\u00eb zbut,\u00a0i jep ndri\u00e7im dhe e suporton.<\/p>\n<h5>Udh\u00ebzimet:<\/h5>\n<ul>\n<li>Aplikoni disa pika n\u00eb fytyr\u00eb n\u00eb m\u00ebngjes dhe n\u00eb\u00a0mbr\u00ebmje.<\/li>\n<li>N\u00ebse shfaqet acarim, shp\u00eblajeni, nd\u00ebrprisni\u00a0p\u00ebrdorimin dhe konsultohuni me nj\u00eb mjek.<\/li>\n<li>P\u00ebrdoreni vet\u00ebm sipas udh\u00ebzimeve n\u00eb l\u00ebkur\u00eb t\u00ebpad\u00ebmtuar.<\/li>\n<\/ul>\n<p><em><strong>K\u00ebshillohet patch-testing p\u00ebrpara p\u00ebrdorimit.<\/strong><\/em><\/p>\n<p><em>Funksioni:\u00a0<\/em>Tekstur\u00eb t\u00eb parregullt, That\u00ebsi,\u00a0Pa shk\u00eblqim,Yndyr\u00eb, Bllokime\u00a0poresh<\/p>\n<p><em>P\u00ebrshtatet:\u00a0<\/em>T\u00eb gjitha l\u00ebkurave<\/p>\n<p><em>Format:\u00a0<\/em>Water-based Gel<\/p>\n<p><em><strong>P\u00ebrdorimi: 12 muaj pas hapjes<\/strong><\/em><\/p>","protected":false},"excerpt":{"rendered":"<p>Formula jon\u00eb Niacinamide 10% + Zink 1% \u00ebsht\u00eb\u00a0nj\u00eb serum me baz\u00eb uji q\u00eb rrit shk\u00eblqimi,\u00a0p\u00ebrmir\u00ebson but\u00ebsin\u00eb e l\u00ebkur\u00ebs dhe p\u00ebrforcon\u00a0barrier\u00ebn e l\u00ebkur\u00ebs me kalimin e koh\u00ebs. \u00cbsht\u00eb\u00a0serum universal p\u00ebr l\u00ebkura problematike q\u00eb zbut,\u00a0i jep ndri\u00e7im dhe e suporton.<\/p>","protected":false},"featured_media":17905,"comment_status":"open","ping_status":"closed","template":"","meta":[],"product_brand":[],"product_cat":[1048],"product_tag":[425],"class_list":{"0":"post-18086","1":"product","2":"type-product","3":"status-publish","4":"has-post-thumbnail","6":"product_cat-the-ordinary","7":"product_tag-skincare","9":"first","10":"instock","11":"shipping-taxable","12":"purchasable","13":"product-type-simple"},"jetpack_sharing_enabled":true,"_links":{"self":[{"href":"https:\/\/nakedearth.al\/en\/wp-json\/wp\/v2\/product\/18086","targetHints":{"allow":["GET"]}}],"collection":[{"href":"https:\/\/nakedearth.al\/en\/wp-json\/wp\/v2\/product"}],"about":[{"href":"https:\/\/nakedearth.al\/en\/wp-json\/wp\/v2\/types\/product"}],"replies":[{"embeddable":true,"href":"https:\/\/nakedearth.al\/en\/wp-json\/wp\/v2\/comments?post=18086"}],"wp:featuredmedia":[{"embeddable":true,"href":"https:\/\/nakedearth.al\/en\/wp-json\/wp\/v2\/media\/17905"}],"wp:attachment":[{"href":"https:\/\/nakedearth.al\/en\/wp-json\/wp\/v2\/media?parent=18086"}],"wp:term":[{"taxonomy":"product_brand","embeddable":true,"href":"https:\/\/nakedearth.al\/en\/wp-json\/wp\/v2\/product_brand?post=18086"},{"taxonomy":"product_cat","embeddable":true,"href":"https:\/\/nakedearth.al\/en\/wp-json\/wp\/v2\/product_cat?post=18086"},{"taxonomy":"product_tag","embeddable":true,"href":"https:\/\/nakedearth.al\/en\/wp-json\/wp\/v2\/product_tag?post=18086"}],"curies":[{"name":"wp","href":"https:\/\/api.w.org\/{rel}","templated":true}]}}