{"id":18264,"date":"2023-10-10T15:15:40","date_gmt":"2023-10-10T13:15:40","guid":{"rendered":"https:\/\/nakedearth.al\/?post_type=product&#038;p=18264"},"modified":"2026-02-14T21:35:58","modified_gmt":"2026-02-14T20:35:58","slug":"multibiotic-drops-0-3-vjec-8ml","status":"publish","type":"product","link":"https:\/\/nakedearth.al\/en\/product\/multibiotic-drops-0-3-vjec-8ml\/","title":{"rendered":"Multibiotic Drops &#8211; 0-3 vje\u00e7 &#8211; 8ml"},"content":{"rendered":"<h3>Pika Multibiotic<\/h3>\n<p>Zhvilluar pe\u0308r te\u0308 ndihmuar ne\u0308 ruajtjen e flore\u0308s natyrale te\u0308 zorre\u0308ve te\u0308 foshnje\u0308s. Pikat Probiotic Colief\u00ae pe\u0308rmbajne\u0308 L. rhamnosus LGG\u00ae, lloji me\u0308 i ke\u0308rkuar i baktereve qe\u0308 duan zorre\u0308t, si dhe Bifidobacterium infantis, nje\u0308 bakter miqe\u0308sor i aprovuar shkence\u0308risht pe\u0308r foshnjat dhe fe\u0308mije\u0308t.<\/p>\n<div class=\"page\" title=\"Page 1\">\n<div class=\"section\">\n<div class=\"layoutArea\">\n<div class=\"column\">Pikat e Suplementit Probiotic pe\u0308rmban 1.1 miliarde\u0308 kultura te\u0308 gjalla pe\u0308r nje\u0308 doze\u0308 ditore. I pe\u0308rshtatshe\u0308m pe\u0308r foshnjat qe\u0308 ushqehen me qume\u0308sht gjiri dhe me formule\u0308 qe\u0308 nga lindja e tutje.<\/p>\n<div class=\"page\" title=\"Page 1\">\n<div class=\"section\">\n<div class=\"layoutArea\">\n<div class=\"column\">Ky suplement pe\u0308rmban nje\u0308 lloj bakterie, e cila e\u0308shte\u0308 e provuar qe\u0308 arrin e gjalle\u0308 ne\u0308 zorre\u0308.<\/div>\n<h4>Si ta p\u00ebrdor?<\/h4>\n<div class=\"page\" title=\"Page 2\">\n<div class=\"section\">\n<div class=\"layoutArea\">\n<div class=\"column\">Pe\u0308r ta pe\u0308rdorur, tundeni mire\u0308 derisa kultura e baktereve te\u0308 pe\u0308rzihet ne\u0308 me\u0308nyre\u0308 te\u0308 barabarte\u0308 me vajin. Mbajeni shishen me koke\u0308 poshte\u0308 dhe hidhni 6 pika ne\u0308 nje\u0308 luge\u0308.Pikat mund t&#8217;i jepen drejtpe\u0308rdrejt fe\u0308mije\u0308s suaj ose t&#8217;i shtohen qume\u0308shtit te\u0308 gjirit ose formule\u0308s se\u0308 foshnjave, qume\u0308shtit ose kosit. Pikat mund te\u0308 administrohen gjithashtu duke i shtuar direkt ne\u0308 thithe\u0308 para ushqyerjes me gji. Nuk rekomandohet shtimi i pikave ne\u0308 uje\u0308, le\u0308ng ose ushqim te\u0308 nxehte\u0308.Colief\u00ae Probiotic Drops mund te\u0308 pe\u0308rdoret ne\u0308 me\u0308nyre\u0308 te\u0308 vazhdueshme.<\/div>\n<h4>P\u00ebrb\u00ebr\u00ebsit:<\/h4>\n<div class=\"page\" title=\"Page 2\">\n<div class=\"section\">\n<div class=\"layoutArea\">\n<div class=\"column\">\n<div class=\"page\" title=\"Page 2\">\n<div class=\"section\">\n<div class=\"layoutArea\">\n<div class=\"column\">\n<p>Lactobacillus rhamnosus, Bifidobacterium infantis<\/p>\n<\/div>\n<\/div>\n<\/div>\n<\/div>\n<p>Vaj luledielli, dl-alfa-tokoferol si konservues<\/p>\n<\/div>\n<\/div>\n<\/div>\n<\/div>\n<h5>Kujdes!<\/h5>\n<div class=\"page\" title=\"Page 2\">\n<div class=\"section\">\n<div class=\"layoutArea\">\n<div class=\"column\">\n<p>Mos e tejkaloni doze\u0308n e rekomanduar ditore. Nje\u0308 suplement nuk e\u0308shte\u0308 ze\u0308vende\u0308sues i nje\u0308 diete dhe stili jetese te\u0308 she\u0308ndetshe\u0308m.<\/p>\n<\/div>\n<\/div>\n<\/div>\n<\/div>\n<\/div>\n<\/div>\n<\/div>\n<\/div>\n<\/div>\n<\/div>\n<\/div>\n<\/div>\n<\/div>\n<\/div>","protected":false},"excerpt":{"rendered":"<div class=\"page\" title=\"Page 1\">\n<div class=\"section\">\n<div class=\"layoutArea\">\n<div class=\"column\">\n<h2>Pika Multibiotic<\/h2>\n<p>Zhvilluar pe\u0308r te\u0308 ndihmuar ne\u0308 ruajtjen e flore\u0308s natyrale te\u0308 zorre\u0308ve te\u0308 foshnje\u0308s. Pikat Probiotic Colief\u00ae pe\u0308rmbajne\u0308 L. rhamnosus LGG\u00ae, lloji me\u0308 i ke\u0308rkuar i baktereve qe\u0308 duan zorre\u0308t, si dhe Bifidobacterium infantis, nje\u0308 bakter miqe\u0308sor i aprovuar shkence\u0308risht pe\u0308r foshnjat dhe fe\u0308mije\u0308t.<\/p>\n<\/div>\n<\/div>\n<\/div>\n<\/div>","protected":false},"featured_media":18263,"comment_status":"open","ping_status":"closed","template":"","meta":[],"product_brand":[],"product_cat":[554],"product_tag":[],"class_list":{"0":"post-18264","1":"product","2":"type-product","3":"status-publish","4":"has-post-thumbnail","6":"product_cat-colief","8":"first","9":"outofstock","10":"shipping-taxable","11":"purchasable","12":"product-type-simple"},"jetpack_sharing_enabled":true,"_links":{"self":[{"href":"https:\/\/nakedearth.al\/en\/wp-json\/wp\/v2\/product\/18264","targetHints":{"allow":["GET"]}}],"collection":[{"href":"https:\/\/nakedearth.al\/en\/wp-json\/wp\/v2\/product"}],"about":[{"href":"https:\/\/nakedearth.al\/en\/wp-json\/wp\/v2\/types\/product"}],"replies":[{"embeddable":true,"href":"https:\/\/nakedearth.al\/en\/wp-json\/wp\/v2\/comments?post=18264"}],"wp:featuredmedia":[{"embeddable":true,"href":"https:\/\/nakedearth.al\/en\/wp-json\/wp\/v2\/media\/18263"}],"wp:attachment":[{"href":"https:\/\/nakedearth.al\/en\/wp-json\/wp\/v2\/media?parent=18264"}],"wp:term":[{"taxonomy":"product_brand","embeddable":true,"href":"https:\/\/nakedearth.al\/en\/wp-json\/wp\/v2\/product_brand?post=18264"},{"taxonomy":"product_cat","embeddable":true,"href":"https:\/\/nakedearth.al\/en\/wp-json\/wp\/v2\/product_cat?post=18264"},{"taxonomy":"product_tag","embeddable":true,"href":"https:\/\/nakedearth.al\/en\/wp-json\/wp\/v2\/product_tag?post=18264"}],"curies":[{"name":"wp","href":"https:\/\/api.w.org\/{rel}","templated":true}]}}