{"id":18625,"date":"2024-01-11T10:57:01","date_gmt":"2024-01-11T09:57:01","guid":{"rendered":"https:\/\/nakedearth.al\/?post_type=product&#038;p=18625"},"modified":"2025-03-26T14:45:07","modified_gmt":"2025-03-26T13:45:07","slug":"lunch-bento-box","status":"publish","type":"product","link":"https:\/\/nakedearth.al\/en\/product\/lunch-bento-box\/","title":{"rendered":"Lunch Bento Box"},"content":{"rendered":"<h3>Lunch\u2122 Bento Box with Stainless Steel Utensils<\/h3>\n<p>Kutia jon\u00eb bento me aksesor\u00eb prej \u00e7eliku inox \u00ebsht\u00eb hapi i p\u00ebrsosur p\u00ebr t\u00eb vegjlit dhe f\u00ebmij\u00ebt m\u00eb t\u00eb m\u00ebdhenj q\u00eb duan t\u00eb marrin ushqimin me vete! E mban ushqimin t\u00eb fresk\u00ebt dhe gjithashtu duket e mrekullueshme!<\/p>\n<p>F\u00ebmij\u00ebt parashkollor\u00eb mund t\u00eb jen\u00eb t\u00eb ve\u00e7ant\u00eb p\u00ebr gjith\u00e7ka \u2013 ve\u00e7an\u00ebrisht p\u00ebr ushqimin. Munchkin\u2019s Lunch\u2122 Bento Box me aksesor\u00eb \u00ebsht\u00eb k\u00ebtu p\u00ebr t\u2019ju shp\u00ebtuar nga problemet e t\u00eb ngr\u00ebnit. E dizenjuar p\u00ebr t\u2019u p\u00ebrshtatur me porcione t\u00eb vogla dhe duar t\u00eb vogla, kutia bento \u00ebsht\u00eb zgjidhja\u00a0 p\u00ebr drekat e sh\u00ebndetshme n\u00eb shkoll\u00eb. Hidhni qeset nj\u00ebp\u00ebrdorimshe dhe paketoni drek\u00ebn, ushqimet, \u00ebmb\u00eblsirat dhe t\u00eb gjitha n\u00eb nj\u00eb kuti t\u00eb stilit bento q\u00eb \u00ebsht\u00eb sa e lezetshme aq edhe praktike. 5 ndarjet sigurojn\u00eb q\u00eb ushqimet t\u00eb mos bashkohen dhe jan\u00eb thjesht p\u00ebrzierja e duhur e madh\u00ebsive p\u00ebr nj\u00eb vakt ushqyes dhe t\u00eb p\u00ebrshtatsh\u00ebm p\u00ebr f\u00ebmij\u00ebt. Kutia e drek\u00ebs bento madje vjen me aksesor\u00ebt (pirun &amp; lug\u00eb) prej \u00e7eliku t\u00eb pandryshksh\u00ebm p\u00ebr f\u00ebmij\u00eb q\u00eb vendosen direkt mbi kapak.<\/p>\n<h4>Karakteristikat:<\/h4>\n<p>\u2022 Bento box shum\u00ebngjyr\u00ebsh p\u00ebr t\u00eb vegjlit dhe f\u00ebmij\u00ebt \u2013 perfekt p\u00ebr \u00e7erdhe, dreka n\u00eb shkoll\u00eb ose n\u00eb l\u00ebvizje<br \/>\n\u2022 P\u00ebrfshin aksesor\u00ebt (pirun &amp; lug\u00eb) p\u00ebr f\u00ebmij\u00eb prej \u00e7eliku t\u00eb pandryshksh\u00ebm q\u00eb fiksohen drejtp\u00ebrdrejt n\u00eb kapak p\u00ebr ruajtje t\u00eb leht\u00eb<br \/>\n\u2022 5 ndarje jan\u00eb t\u00eb madh\u00ebsis\u00eb s\u00eb p\u00ebrkryer p\u00ebr t\u2019iu p\u00ebrshtatur ushqimeve t\u00eb preferuara t\u00eb t\u00eb voglit tuaj \u2013 sandui\u00e7e, kuti l\u00ebngjesh dhe m\u00eb shum\u00eb<br \/>\n\u2022 Dizajn i q\u00ebndruesh\u00ebm dhe miq\u00ebsor p\u00ebr f\u00ebmij\u00ebt, i kompletuar me nj\u00eb dorez\u00eb<br \/>\n\u2022 I sigurt n\u00eb lavastovilje p\u00ebr pastrim t\u00eb leht\u00eb<br \/>\n\u2022 P\u00ebrshtatet me shumic\u00ebn e \u00e7antave t\u00eb shpin\u00ebs me madh\u00ebsi p\u00ebr f\u00ebmij\u00eb<br \/>\n\u2022 18+ muaj<br \/>\n\u2022 Pa BPA<\/p>","protected":false},"excerpt":{"rendered":"<h2>Lunchbox p\u00ebr n\u00eb shkoll\u00eb<\/h2>\n<p>Kutia jon\u00eb bento me aksesor\u00eb prej \u00e7eliku inox \u00ebsht\u00eb hapi i p\u00ebrsosur p\u00ebr t\u00eb vegjlit dhe f\u00ebmij\u00ebt m\u00eb t\u00eb m\u00ebdhenj q\u00eb duan t\u00eb marrin ushqimin me vete! E mban ushqimin t\u00eb fresk\u00ebt dhe gjithashtu duket e mrekullueshme!<\/p>","protected":false},"featured_media":18606,"comment_status":"open","ping_status":"closed","template":"","meta":[],"product_brand":[],"product_cat":[1039],"product_tag":[1059],"class_list":{"0":"post-18625","1":"product","2":"type-product","3":"status-publish","4":"has-post-thumbnail","6":"product_cat-munchkin","7":"product_tag-munchkin","9":"first","10":"instock","11":"shipping-taxable","12":"purchasable","13":"product-type-variable"},"jetpack_sharing_enabled":true,"_links":{"self":[{"href":"https:\/\/nakedearth.al\/en\/wp-json\/wp\/v2\/product\/18625","targetHints":{"allow":["GET"]}}],"collection":[{"href":"https:\/\/nakedearth.al\/en\/wp-json\/wp\/v2\/product"}],"about":[{"href":"https:\/\/nakedearth.al\/en\/wp-json\/wp\/v2\/types\/product"}],"replies":[{"embeddable":true,"href":"https:\/\/nakedearth.al\/en\/wp-json\/wp\/v2\/comments?post=18625"}],"wp:featuredmedia":[{"embeddable":true,"href":"https:\/\/nakedearth.al\/en\/wp-json\/wp\/v2\/media\/18606"}],"wp:attachment":[{"href":"https:\/\/nakedearth.al\/en\/wp-json\/wp\/v2\/media?parent=18625"}],"wp:term":[{"taxonomy":"product_brand","embeddable":true,"href":"https:\/\/nakedearth.al\/en\/wp-json\/wp\/v2\/product_brand?post=18625"},{"taxonomy":"product_cat","embeddable":true,"href":"https:\/\/nakedearth.al\/en\/wp-json\/wp\/v2\/product_cat?post=18625"},{"taxonomy":"product_tag","embeddable":true,"href":"https:\/\/nakedearth.al\/en\/wp-json\/wp\/v2\/product_tag?post=18625"}],"curies":[{"name":"wp","href":"https:\/\/api.w.org\/{rel}","templated":true}]}}