{"id":18631,"date":"2024-01-11T11:08:17","date_gmt":"2024-01-11T10:08:17","guid":{"rendered":"https:\/\/nakedearth.al\/?post_type=product&#038;p=18631"},"modified":"2024-07-17T14:01:03","modified_gmt":"2024-07-17T12:01:03","slug":"splash-divided-plates-2pk","status":"publish","type":"product","link":"https:\/\/nakedearth.al\/en\/product\/splash-divided-plates-2pk\/","title":{"rendered":"Splash Divided Plates \u2013 2pk"},"content":{"rendered":"<h3>Splash\u2122 Toddler Divided Plates \u2013 2pk<\/h3>\n<p>Paketimi i dyfisht\u00eb i pjatave t\u00eb Munchkin nga linja Splash\u2122 do ta g\u00ebzoj\u00eb t\u00eb voglin tuaj her\u00ebn tjet\u00ebr q\u00eb do t\u00eb ulet p\u00ebr t\u00eb ngr\u00ebn\u00eb. Dizajni modern nuk do t\u00eb bie ndesh me dekorin tuaj dhe pjesa e poshtme pa rr\u00ebshqitje do t\u00eb thot\u00eb m\u00eb pak rr\u00ebmuj\u00eb. Pa BPA, t\u00eb sigurta p\u00ebr mikroval\u00eb dhe lavastovilje, k\u00ebto pjata jan\u00eb t\u00eb nevojshme p\u00ebr m\u00ebngjes, drek\u00eb dhe dark\u00eb!<\/p>\n<h4>Karakteristikat:<\/h4>\n<ul>\n<li>Seti p\u00ebrfshin (2) pjata t\u00eb ndara me fund pa rr\u00ebshqitje<\/li>\n<li>Dizajn modern, me ngjyra t\u00eb zbehta (p\u00ebrfshihen 2 ngjyra)<\/li>\n<li>Mure t\u00eb thella p\u00ebr pastrim t\u00eb leht\u00eb<\/li>\n<li>Pjatat vendosen s\u00eb bashku p\u00ebr ruajtje t\u00eb leht\u00eb<\/li>\n<li>T\u00eb sigurta n\u00eb lavastovilje dhe mikroval\u00eb, pa BPA<\/li>\n<li><strong>6+ muaj<\/strong><\/li>\n<\/ul>","protected":false},"excerpt":{"rendered":"<h2>Pjata me ndarje p\u00ebr f\u00ebmij\u00eb<\/h2>\n<div class=\"woocommerce-product-details__short-description\">\n<p>Paketimi i dyfisht\u00eb i pjatave t\u00eb Munchkin nga linja Splash\u2122 do ta g\u00ebzoj\u00eb t\u00eb voglin tuaj her\u00ebn tjet\u00ebr q\u00eb do t\u00eb ulet p\u00ebr t\u00eb ngr\u00ebn\u00eb.<\/p>\n<\/div>\n<form class=\"variations_form cart wvs-loaded\" style=\"font-size: 16px; font-style: normal; font-variant-caps: normal; font-weight: 400; letter-spacing: normal; text-align: start; text-indent: 0px; text-transform: none; white-space: normal; word-spacing: 0px; -webkit-text-stroke-width: 0px; text-decoration: none; box-sizing: border-box; margin: 0px 0px 20px; padding: 0px; font-family: 'BR Candor'; display: flex; flex-wrap: wrap; color: #173107; font-variant-ligatures: normal; orphans: 2; widows: 2; background-color: #ffffff; text-decoration-thickness: initial; text-decoration-style: initial; text-decoration-color: initial;\" action=\"https:\/\/prime-distributor.al\/product\/splash-divided-plates-2pk\/\" enctype=\"multipart\/form-data\" method=\"post\" data-product_id=\"11619\" data-product_variations=\"[{&quot;attributes&quot;:{&quot;attribute_pa_kombinimi-munchkin&quot;:&quot;blue-green&quot;},&quot;availability_html&quot;:&quot;&lt;p class=\\&quot;stock in-stock\\&quot;&gt;9 stok&lt;\\\/p&gt;\\n&quot;,&quot;backorders_allowed&quot;:false,&quot;dimensions&quot;:{&quot;length&quot;:&quot;&quot;,&quot;width&quot;:&quot;&quot;,&quot;height&quot;:&quot;&quot;},&quot;dimensions_html&quot;:&quot;N\\\/A&quot;,&quot;display_price&quot;:1530,&quot;display_regular_price&quot;:1530,&quot;image&quot;:{&quot;title&quot;:&quot;&quot;,&quot;caption&quot;:&quot;&quot;,&quot;url&quot;:&quot;https:\\\/\\\/prime-distributor.al\\\/wp-content\\\/uploads\\\/2023\\\/12\\\/Prime-Distributor-Shpk-Splash-Divided-Plates-BlueGreen-Attribute-1.png&quot;,&quot;alt&quot;:&quot;&quot;,&quot;src&quot;:&quot;https:\\\/\\\/prime-distributor.al\\\/wp-content\\\/uploads\\\/2023\\\/12\\\/Prime-Distributor-Shpk-Splash-Divided-Plates-BlueGreen-Attribute-1.png&quot;,&quot;srcset&quot;:false,&quot;sizes&quot;:&quot;(max-width: 600px) 100vw, 600px&quot;,&quot;full_src&quot;:&quot;https:\\\/\\\/prime-distributor.al\\\/wp-content\\\/uploads\\\/2023\\\/12\\\/Prime-Distributor-Shpk-Splash-Divided-Plates-BlueGreen-Attribute-1.png&quot;,&quot;full_src_w&quot;:700,&quot;full_src_h&quot;:700,&quot;gallery_thumbnail_src&quot;:&quot;https:\\\/\\\/prime-distributor.al\\\/wp-content\\\/uploads\\\/2023\\\/12\\\/Prime-Distributor-Shpk-Splash-Divided-Plates-BlueGreen-Attribute-1.png&quot;,&quot;gallery_thumbnail_src_w&quot;:300,&quot;gallery_thumbnail_src_h&quot;:300,&quot;thumb_src&quot;:&quot;https:\\\/\\\/prime-distributor.al\\\/wp-content\\\/uploads\\\/2023\\\/12\\\/Prime-Distributor-Shpk-Splash-Divided-Plates-BlueGreen-Attribute-1.png&quot;,&quot;thumb_src_w&quot;:700,&quot;thumb_src_h&quot;:700,&quot;src_w&quot;:600,&quot;src_h&quot;:600},&quot;image_id&quot;:11702,&quot;is_downloadable&quot;:false,&quot;is_in_stock&quot;:true,&quot;is_purchasable&quot;:true,&quot;is_sold_individually&quot;:&quot;no&quot;,&quot;is_virtual&quot;:false,&quot;max_qty&quot;:9,&quot;min_qty&quot;:1,&quot;price_html&quot;:&quot;&lt;div class=\\&quot;woocommerce_rrp 2\\&quot;&gt;Cmimi i rekomanduar i shitjes: &lt;span&gt;&lt;span class=\\&quot;woocommerce-Price-amount amount\\&quot;&gt;&lt;bdi&gt;1,990&amp;nbsp;&lt;span class=\\&quot;woocommerce-Price-currencySymbol\\&quot;&gt;L&lt;\\\/span&gt;&lt;\\\/bdi&gt;&lt;\\\/span&gt;&lt;\\\/span&lt;\\\/div&gt;&quot;,&quot;sku&quot;:&quot;1300&quot;,&quot;variation_description&quot;:&quot;&quot;,&quot;variation_id&quot;:11690,&quot;variation_is_active&quot;:true,&quot;variation_is_visible&quot;:true,&quot;weight&quot;:&quot;&quot;,&quot;weight_html&quot;:&quot;N\\\/A&quot;,&quot;step&quot;:1},{&quot;attributes&quot;:{&quot;attribute_pa_kombinimi-munchkin&quot;:&quot;pink-purple&quot;},&quot;availability_html&quot;:&quot;&lt;p class=\\&quot;stock in-stock\\&quot;&gt;9 stok&lt;\\\/p&gt;\\n&quot;,&quot;backorders_allowed&quot;:false,&quot;dimensions&quot;:{&quot;length&quot;:&quot;&quot;,&quot;width&quot;:&quot;&quot;,&quot;height&quot;:&quot;&quot;},&quot;dimensions_html&quot;:&quot;N\\\/A&quot;,&quot;display_price&quot;:1530,&quot;display_regular_price&quot;:1530,&quot;image&quot;:{&quot;title&quot;:&quot;&quot;,&quot;caption&quot;:&quot;&quot;,&quot;url&quot;:&quot;https:\\\/\\\/prime-distributor.al\\\/wp-content\\\/uploads\\\/2023\\\/12\\\/Prime-Distributor-Shpk-Splash-Divided-Plates-PinkPurple-Attribute-1.png&quot;,&quot;alt&quot;:&quot;&quot;,&quot;src&quot;:&quot;https:\\\/\\\/prime-distributor.al\\\/wp-content\\\/uploads\\\/2023\\\/12\\\/Prime-Distributor-Shpk-Splash-Divided-Plates-PinkPurple-Attribute-1.png&quot;,&quot;srcset&quot;:false,&quot;sizes&quot;:&quot;(max-width: 600px) 100vw, 600px&quot;,&quot;full_src&quot;:&quot;https:\\\/\\\/prime-distributor.al\\\/wp-content\\\/uploads\\\/2023\\\/12\\\/Prime-Distributor-Shpk-Splash-Divided-Plates-PinkPurple-Attribute-1.png&quot;,&quot;full_src_w&quot;:700,&quot;full_src_h&quot;:700,&quot;gallery_thumbnail_src&quot;:&quot;https:\\\/\\\/prime-distributor.al\\\/wp-content\\\/uploads\\\/2023\\\/12\\\/Prime-Distributor-Shpk-Splash-Divided-Plates-PinkPurple-Attribute-1.png&quot;,&quot;gallery_thumbnail_src_w&quot;:300,&quot;gallery_thumbnail_src_h&quot;:300,&quot;thumb_src&quot;:&quot;https:\\\/\\\/prime-distributor.al\\\/wp-content\\\/uploads\\\/2023\\\/12\\\/Prime-Distributor-Shpk-Splash-Divided-Plates-PinkPurple-Attribute-1.png&quot;,&quot;thumb_src_w&quot;:700,&quot;thumb_src_h&quot;:700,&quot;src_w&quot;:600,&quot;src_h&quot;:600},&quot;image_id&quot;:11703,&quot;is_downloadable&quot;:false,&quot;is_in_stock&quot;:true,&quot;is_purchasable&quot;:true,&quot;is_sold_individually&quot;:&quot;no&quot;,&quot;is_virtual&quot;:false,&quot;max_qty&quot;:9,&quot;min_qty&quot;:1,&quot;price_html&quot;:&quot;&lt;div class=\\&quot;woocommerce_rrp 2\\&quot;&gt;Cmimi i rekomanduar i shitjes: &lt;span&gt;&lt;span class=\\&quot;woocommerce-Price-amount amount\\&quot;&gt;&lt;bdi&gt;1,990&amp;nbsp;&lt;span class=\\&quot;woocommerce-Price-currencySymbol\\&quot;&gt;L&lt;\\\/span&gt;&lt;\\\/bdi&gt;&lt;\\\/span&gt;&lt;\\\/span&lt;\\\/div&gt;&quot;,&quot;sku&quot;:&quot;1299&quot;,&quot;variation_description&quot;:&quot;&quot;,&quot;variation_id&quot;:11691,&quot;variation_is_active&quot;:true,&quot;variation_is_visible&quot;:true,&quot;weight&quot;:&quot;&quot;,&quot;weight_html&quot;:&quot;N\\\/A&quot;,&quot;step&quot;:1}]\">\n<div data-product_id=\"11619\" data-threshold_min=\"30\" data-threshold_max=\"100\" data-total=\"2\"><\/div>\n<\/form>","protected":false},"featured_media":18608,"comment_status":"open","ping_status":"closed","template":"","meta":[],"product_brand":[],"product_cat":[1039],"product_tag":[1059],"class_list":{"0":"post-18631","1":"product","2":"type-product","3":"status-publish","4":"has-post-thumbnail","6":"product_cat-munchkin","7":"product_tag-munchkin","9":"first","10":"instock","11":"shipping-taxable","12":"purchasable","13":"product-type-variable"},"jetpack_sharing_enabled":true,"_links":{"self":[{"href":"https:\/\/nakedearth.al\/en\/wp-json\/wp\/v2\/product\/18631","targetHints":{"allow":["GET"]}}],"collection":[{"href":"https:\/\/nakedearth.al\/en\/wp-json\/wp\/v2\/product"}],"about":[{"href":"https:\/\/nakedearth.al\/en\/wp-json\/wp\/v2\/types\/product"}],"replies":[{"embeddable":true,"href":"https:\/\/nakedearth.al\/en\/wp-json\/wp\/v2\/comments?post=18631"}],"wp:featuredmedia":[{"embeddable":true,"href":"https:\/\/nakedearth.al\/en\/wp-json\/wp\/v2\/media\/18608"}],"wp:attachment":[{"href":"https:\/\/nakedearth.al\/en\/wp-json\/wp\/v2\/media?parent=18631"}],"wp:term":[{"taxonomy":"product_brand","embeddable":true,"href":"https:\/\/nakedearth.al\/en\/wp-json\/wp\/v2\/product_brand?post=18631"},{"taxonomy":"product_cat","embeddable":true,"href":"https:\/\/nakedearth.al\/en\/wp-json\/wp\/v2\/product_cat?post=18631"},{"taxonomy":"product_tag","embeddable":true,"href":"https:\/\/nakedearth.al\/en\/wp-json\/wp\/v2\/product_tag?post=18631"}],"curies":[{"name":"wp","href":"https:\/\/api.w.org\/{rel}","templated":true}]}}