{"id":18664,"date":"2024-01-17T15:38:01","date_gmt":"2024-01-17T14:38:01","guid":{"rendered":"https:\/\/nakedearth.al\/?post_type=product&#038;p=18664"},"modified":"2026-02-14T21:20:59","modified_gmt":"2026-02-14T20:20:59","slug":"5-in-1-ear-infrared-digital-thermometer","status":"publish","type":"product","link":"https:\/\/nakedearth.al\/en\/product\/5-in-1-ear-infrared-digital-thermometer\/","title":{"rendered":"5-in-1 Ear &#038; Infrared Digital Thermometer"},"content":{"rendered":"<h3 dir=\"ltr\" data-placeholder=\"Translation\" data-ved=\"2ahUKEwj2muuT0OSDAxVZhv0HHdYlBTEQ3ewLegQICxAQ\">5-in-1 Ear &amp; Infrared Digital Thermometer<\/h3>\n<p id=\"tw-target-text\" class=\"tw-data-text tw-text-large tw-ta\" dir=\"ltr\" data-placeholder=\"Translation\" data-ved=\"2ahUKEwj2muuT0OSDAxVZhv0HHdYlBTEQ3ewLegQICxAQ\"><span class=\"Y2IQFc\" lang=\"sq\">Or\u00e4 i mat t\u00eb gjitha! Ky termomet\u00ebr dixhital infra t\u00eb kuqe i shpejt\u00eb dhe preciz 5-n\u00eb-1 konvertohet automatikisht nd\u00ebrmjet matjes s\u00eb veshit dhe infra t\u00eb kuqe me kapakun e sond\u00ebs magnetike. E b\u00ebn v\u00ebrtet t\u00eb leht\u00eb gjurmimin e temperatur\u00ebs n\u00eb shumic\u00ebn e pjes\u00ebve t\u00eb trupit dhe sip\u00ebrfaqeve t\u00eb ndryshme. Dizajni i tij kompakt dhe qesja e tij praktike ju lejojn\u00eb ta mbani me leht\u00ebsi kudo q\u00eb t\u00eb shkoni. Or\u00e4 \u00ebsht\u00eb i vetmi termomet\u00ebr q\u00eb ju nevojitet p\u00ebr t\u00eb gjith\u00eb familjen.<\/span><\/p>\n<p dir=\"ltr\" data-placeholder=\"Translation\" data-ved=\"2ahUKEwj2muuT0OSDAxVZhv0HHdYlBTEQ3ewLegQICxAQ\">\n<ul>\n<li dir=\"ltr\" data-placeholder=\"Translation\" data-ved=\"2ahUKEwj2muuT0OSDAxVZhv0HHdYlBTEQ3ewLegQICxAQ\">Modaliteti p\u00ebr f\u00ebmij\u00eb dhe t\u00eb rritur<\/li>\n<li dir=\"ltr\" data-placeholder=\"Translation\" data-ved=\"2ahUKEwj2muuT0OSDAxVZhv0HHdYlBTEQ3ewLegQICxAQ\">Mosha 3 m+<\/li>\n<li dir=\"ltr\" data-placeholder=\"Translation\" data-ved=\"2ahUKEwj2muuT0OSDAxVZhv0HHdYlBTEQ3ewLegQICxAQ\">I shpejt\u00eb dhe i sakt\u00eb<\/li>\n<li dir=\"ltr\" data-placeholder=\"Translation\" data-ved=\"2ahUKEwj2muuT0OSDAxVZhv0HHdYlBTEQ3ewLegQICxAQ\">Mbajtja e kujtes\u00ebs deri n\u00eb 20 lexime<\/li>\n<li dir=\"ltr\" data-placeholder=\"Translation\" data-ved=\"2ahUKEwj2muuT0OSDAxVZhv0HHdYlBTEQ3ewLegQICxAQ\">Modaliteti i z\u00ebrit ose i heshtur<\/li>\n<li dir=\"ltr\" data-placeholder=\"Translation\" data-ved=\"2ahUKEwj2muuT0OSDAxVZhv0HHdYlBTEQ3ewLegQICxAQ\">Butoni i nd\u00ebrrimit t\u00eb nj\u00ebsis\u00eb (\u00b0 C \/ \u00b0 F)<\/li>\n<li dir=\"ltr\" data-placeholder=\"Translation\" data-ved=\"2ahUKEwj2muuT0OSDAxVZhv0HHdYlBTEQ3ewLegQICxAQ\">Mat temperatur\u00ebn n\u00eb ball\u00eb, sqetull, vesh\u00eb, l\u00ebngje (uji i banj\u00ebs ose qum\u00ebsht) dhe temperatur\u00ebn e hap\u00ebsir\u00ebs s\u00eb vog\u00ebl (d.m.th.: temperatur\u00ebn n\u00eb krevat f\u00ebmij\u00ebsh)<\/li>\n<li dir=\"ltr\" data-placeholder=\"Translation\" data-ved=\"2ahUKEwj2muuT0OSDAxVZhv0HHdYlBTEQ3ewLegQICxAQ\">Ekran LCD me ekran me ndri\u00e7im t\u00eb pas\u00ebm<\/li>\n<li dir=\"ltr\" data-placeholder=\"Translation\" data-ved=\"2ahUKEwj2muuT0OSDAxVZhv0HHdYlBTEQ3ewLegQICxAQ\">Paralajm\u00ebrim p\u00ebr temperatur\u00eb t\u00eb lart\u00eb<\/li>\n<li dir=\"ltr\" data-placeholder=\"Translation\" data-ved=\"2ahUKEwj2muuT0OSDAxVZhv0HHdYlBTEQ3ewLegQICxAQ\">Vjen me nj\u00eb \u00e7ant\u00eb udh\u00ebtimi prej veluri<\/li>\n<li dir=\"ltr\" data-placeholder=\"Translation\" data-ved=\"2ahUKEwj2muuT0OSDAxVZhv0HHdYlBTEQ3ewLegQICxAQ\">Mbulesa e sond\u00ebs magnetike<\/li>\n<li dir=\"ltr\" data-placeholder=\"Translation\" data-ved=\"2ahUKEwj2muuT0OSDAxVZhv0HHdYlBTEQ3ewLegQICxAQ\">P\u00ebrmasat (cm): 15,5 x 4 x 5<\/li>\n<\/ul>","protected":false},"excerpt":{"rendered":"<h2>Termomet\u00ebr p\u00ebr f\u00ebmij\u00eb dhe t\u00eb rritur<\/h2>\n<p id=\"tw-target-text\" class=\"tw-data-text tw-text-large tw-ta\" dir=\"ltr\" data-placeholder=\"Translation\" data-ved=\"2ahUKEwj2muuT0OSDAxVZhv0HHdYlBTEQ3ewLegQICxAQ\"><span class=\"Y2IQFc\" lang=\"sq\">Balli, veshi, sqetulla, f\u00ebmija, i rrituri, ajri i ambientit, ushqimi, qum\u00ebshti, uji i banj\u00ebs&#8230; Or\u00e4 i mat t\u00eb gjitha! Ky termomet\u00ebr dixhital infra t\u00eb kuqe i shpejt\u00eb dhe preciz 5-n\u00eb-1 konvertohet automatikisht nd\u00ebrmjet matjes s\u00eb veshit dhe infra t\u00eb kuqe me kapakun e sond\u00ebs magnetike. E b\u00ebn v\u00ebrtet t\u00eb leht\u00eb gjurmimin e temperatur\u00ebs n\u00eb shumic\u00ebn e pjes\u00ebve t\u00eb trupit dhe sip\u00ebrfaqeve t\u00eb ndryshme.<\/span><\/p>","protected":false},"featured_media":18661,"comment_status":"open","ping_status":"closed","template":"","meta":[],"product_brand":[],"product_cat":[427],"product_tag":[],"class_list":{"0":"post-18664","1":"product","2":"type-product","3":"status-publish","4":"has-post-thumbnail","6":"product_cat-bbluv","8":"first","9":"instock","10":"featured","11":"shipping-taxable","12":"purchasable","13":"product-type-simple"},"jetpack_sharing_enabled":true,"_links":{"self":[{"href":"https:\/\/nakedearth.al\/en\/wp-json\/wp\/v2\/product\/18664","targetHints":{"allow":["GET"]}}],"collection":[{"href":"https:\/\/nakedearth.al\/en\/wp-json\/wp\/v2\/product"}],"about":[{"href":"https:\/\/nakedearth.al\/en\/wp-json\/wp\/v2\/types\/product"}],"replies":[{"embeddable":true,"href":"https:\/\/nakedearth.al\/en\/wp-json\/wp\/v2\/comments?post=18664"}],"wp:featuredmedia":[{"embeddable":true,"href":"https:\/\/nakedearth.al\/en\/wp-json\/wp\/v2\/media\/18661"}],"wp:attachment":[{"href":"https:\/\/nakedearth.al\/en\/wp-json\/wp\/v2\/media?parent=18664"}],"wp:term":[{"taxonomy":"product_brand","embeddable":true,"href":"https:\/\/nakedearth.al\/en\/wp-json\/wp\/v2\/product_brand?post=18664"},{"taxonomy":"product_cat","embeddable":true,"href":"https:\/\/nakedearth.al\/en\/wp-json\/wp\/v2\/product_cat?post=18664"},{"taxonomy":"product_tag","embeddable":true,"href":"https:\/\/nakedearth.al\/en\/wp-json\/wp\/v2\/product_tag?post=18664"}],"curies":[{"name":"wp","href":"https:\/\/api.w.org\/{rel}","templated":true}]}}