{"id":18682,"date":"2024-01-20T10:51:08","date_gmt":"2024-01-20T09:51:08","guid":{"rendered":"https:\/\/nakedearth.al\/?post_type=product&#038;p=18682"},"modified":"2026-02-14T21:20:50","modified_gmt":"2026-02-14T20:20:50","slug":"nourishing-baby-shampoo-200ml","status":"publish","type":"product","link":"https:\/\/nakedearth.al\/en\/product\/nourishing-baby-shampoo-200ml\/","title":{"rendered":"Nourishing Baby Shampoo &#8211; 200ml"},"content":{"rendered":"<h3><strong>Nourishing Baby Shampoo 200ml<\/strong><\/h3>\n<p>Nj\u00eb shampo p\u00ebr bebe dhe f\u00ebmij\u00eb me p\u00ebrb\u00ebr\u00ebs natyral q\u00eb pastron but\u00ebsisht,<br \/>\nushqen dhe nuk ju djeg syt\u00eb? Shampo ushqyese Na\u00eff \u00ebsht\u00eb k\u00ebtu p\u00ebr t\u00eb gjith\u00eb t\u00eb vegjlit.<\/p>\n<p>Shampo me p\u00ebrb\u00ebr\u00ebs natyral si vaji i far\u00ebs s\u00eb pambukut dhe derivate t\u00eb vajit t\u00eb kokosit<br \/>\n\u2022 Pastron dhe kujdeset p\u00ebr flok\u00ebt dhe skalpin e ndjesh\u00ebm t\u00eb foshnjave dhe f\u00ebmij\u00ebve<br \/>\n\u2022 Nuk djeg syt\u00eb (0% SLES)<br \/>\n\u2022 Pa mikroplastik\u00eb dhe vajra minerale<\/p>\n<h4><strong>\u00c7far\u00eb e b\u00ebn Na\u00eff-in t\u00eb ve\u00e7ant\u00eb<\/strong><\/h4>\n<p>N\u00eb Na\u00eff ne duam t\u00eb ndihmojm\u00eb t\u00eb gjith\u00eb prind\u00ebrit t\u00eb kujdesen mir\u00eb p\u00ebr f\u00ebmij\u00ebt e tyre dhe planetin,<br \/>\npa u shqet\u00ebsuar.<\/p>\n<p>Produktet Na\u00eff jan\u00eb:<br \/>\n\u2022 Prodhuar me p\u00ebrb\u00ebr\u00ebs natyral dhe me baz\u00eb bimore<br \/>\n\u2022 Pa SLES, mikroplastik\u00eb dhe 26 nga alergjen\u00ebt m\u00eb t\u00eb zakonsh\u00ebm<br \/>\n\u2022 T\u00eb testuar dermatologjikisht, pa mizori n\u00eb kafsh\u00eb dhe vegan<\/p>\n<p><strong>P\u00ebrdorimi<\/strong><br \/>\nLagni flok\u00ebt dhe l\u00ebkur\u00ebn e kok\u00ebs, merrni nj\u00eb sasi t\u00eb vog\u00ebl shampo (madh\u00ebsia e nj\u00eb bizele \u00ebsht\u00eb<br \/>\ntashm\u00eb m\u00eb shum\u00eb se e mjaftueshme p\u00ebr foshnjat) dhe masazhoni but\u00ebsisht. Shp\u00eblajeni mir\u00eb!<br \/>\nE shk\u00eblqyeshme: syt\u00eb nuk do t\u00eb djegin.<\/p>\n<p><em>Nj\u00eb shampo e p\u00ebrshtatshme p\u00ebr bebe dhe f\u00ebmij\u00eb. Pa flok\u00eb? Nuk ka problem!<\/em><br \/>\n<em>Shampo gjithashtu pastron dhe ushqen l\u00ebkur\u00ebn e kok\u00ebs.<\/em><\/p>\n<p><strong>P\u00ebrb\u00ebr\u00ebsit:<\/strong><br \/>\nUj\u00eb, koko-glukozid, koko-sulfat natriumi, kokamidopropil betain\u00eb, glicerin\u00eb, Proteina e grurit (proteina e<br \/>\ngrurit, pa gluten) e hidrolizuar, ekstrakt i far\u00ebs Gossypium Hirsutum (vaji i pambukut), Betaine, Oleat<br \/>\ngliceril, tokoferol, gliceride palme t\u00eb hidrogjenizuara, citrate, levulinat natriumi, anizat natriumi, Klorur<br \/>\nnatriumi, parfum\/arom\u00eb, acid limoni, hidroksid natriumi<\/p>\n<p><strong>Ushqen, pastron dhe kujdeset p\u00ebr flok\u00ebt dhe l\u00ebkur\u00ebn e kok\u00ebs!<\/strong><\/p>","protected":false},"excerpt":{"rendered":"<h2>Shampo p\u00ebr bebe dhe f\u00ebmij\u00eb<\/h2>\n<p>Nj\u00eb shampo p\u00ebr bebe dhe f\u00ebmij\u00eb me p\u00ebrb\u00ebr\u00ebs natyral q\u00eb pastron but\u00ebsisht, ushqen dhe nuk ju djeg syt\u00eb? Shampo ushqyese Na\u00eff \u00ebsht\u00eb k\u00ebtu p\u00ebr t\u00eb gjith\u00eb t\u00eb vegjlit.<\/p>","protected":false},"featured_media":18681,"comment_status":"open","ping_status":"closed","template":"","meta":[],"product_brand":[],"product_cat":[1060],"product_tag":[],"class_list":{"0":"post-18682","1":"product","2":"type-product","3":"status-publish","4":"has-post-thumbnail","6":"product_cat-naif","8":"first","9":"instock","10":"shipping-taxable","11":"purchasable","12":"product-type-simple"},"jetpack_sharing_enabled":true,"_links":{"self":[{"href":"https:\/\/nakedearth.al\/en\/wp-json\/wp\/v2\/product\/18682","targetHints":{"allow":["GET"]}}],"collection":[{"href":"https:\/\/nakedearth.al\/en\/wp-json\/wp\/v2\/product"}],"about":[{"href":"https:\/\/nakedearth.al\/en\/wp-json\/wp\/v2\/types\/product"}],"replies":[{"embeddable":true,"href":"https:\/\/nakedearth.al\/en\/wp-json\/wp\/v2\/comments?post=18682"}],"wp:featuredmedia":[{"embeddable":true,"href":"https:\/\/nakedearth.al\/en\/wp-json\/wp\/v2\/media\/18681"}],"wp:attachment":[{"href":"https:\/\/nakedearth.al\/en\/wp-json\/wp\/v2\/media?parent=18682"}],"wp:term":[{"taxonomy":"product_brand","embeddable":true,"href":"https:\/\/nakedearth.al\/en\/wp-json\/wp\/v2\/product_brand?post=18682"},{"taxonomy":"product_cat","embeddable":true,"href":"https:\/\/nakedearth.al\/en\/wp-json\/wp\/v2\/product_cat?post=18682"},{"taxonomy":"product_tag","embeddable":true,"href":"https:\/\/nakedearth.al\/en\/wp-json\/wp\/v2\/product_tag?post=18682"}],"curies":[{"name":"wp","href":"https:\/\/api.w.org\/{rel}","templated":true}]}}