{"id":18698,"date":"2024-01-20T10:59:03","date_gmt":"2024-01-20T09:59:03","guid":{"rendered":"https:\/\/nakedearth.al\/?post_type=product&#038;p=18698"},"modified":"2026-02-14T21:20:27","modified_gmt":"2026-02-14T20:20:27","slug":"easy-styling-hair-lotion-150ml","status":"publish","type":"product","link":"https:\/\/nakedearth.al\/en\/product\/easy-styling-hair-lotion-150ml\/","title":{"rendered":"Easy Styling Hair Lotion &#8211; 150ml"},"content":{"rendered":"<h4>Easy Styling Hair Lotion 150ml<\/h4>\n<p>Nj\u00eb locion flok\u00ebsh p\u00ebr t\u00eb zbutur dhe p\u00ebr t\u2019u kujdesur p\u00ebr flok\u00ebt e f\u00ebmij\u00ebve. Locioni i flok\u00ebve Easy<br \/>\nStyling Na\u00eff\u2019s e b\u00ebn m\u00eb t\u00eb leht\u00eb krehjen dhe redukton ngat\u00ebrresat dhe elektrizimin p\u00ebr t\u00eb gjitha<br \/>\nllojet e flok\u00ebve.<\/p>\n<p>Locion p\u00ebr flok\u00eb me p\u00ebrb\u00ebr\u00ebs natyral q\u00eb nuk i yndyros flok\u00ebt<br \/>\n\u2022 Zbut nyjet dhe ngat\u00ebrresat n\u00eb flok\u00eb dhe zvog\u00eblon elektrizimin tek ka\u00e7urrelat<br \/>\n\u2022 Mund t\u00eb p\u00ebrdoret edhe n\u00ebse f\u00ebmija ka probleme me skalpin (koret e kok\u00ebs)<br \/>\n\u2022 P\u00ebr p\u00ebrdorim tek foshnjat dhe f\u00ebmij\u00ebt, p\u00ebr t\u00eb gjitha llojet e flok\u00ebve<br \/>\n\u2022 Nuk p\u00ebrmban mikroplastik\u00eb, vajra minerale, SLES ose silikone<\/p>\n<p><strong>\u00c7far\u00eb e b\u00ebn t\u00eb ve\u00e7ant\u00eb?<\/strong><\/p>\n<p>N\u00eb Na\u00eff ne duam t\u2019i ndihmojm\u00eb t\u00eb gjith\u00eb prind\u00ebrit t\u00eb kujdesen mir\u00eb p\u00ebr f\u00ebmij\u00ebt e tyre dhe planetin,<br \/>\npa u shqet\u00ebsuar.<\/p>\n<p>Produktet Na\u00eff jan\u00eb:<br \/>\n\u2022\u00a0<em>Prodhuar me p\u00ebrb\u00ebr\u00ebs natyral dhe me baz\u00eb bimore<\/em><br \/>\n<em>\u2022 Pa SLES, mikroplastik\u00eb dhe 26 nga alergjen\u00ebt m\u00eb t\u00eb zakonsh\u00ebm<\/em><br \/>\n<em>\u2022 T\u00eb testuar dermatologjikisht, pa mizori n\u00eb kafsh\u00eb dhe vegan<\/em><\/p>\n<p><strong>P\u00ebrdorimi<\/strong><br \/>\nSp\u00ebrkateni n\u00eb flok\u00eb t\u00eb thar\u00eb me peshqir nga 30 cm larg.<br \/>\nMasazhojeni but\u00ebsisht, krihni flok\u00ebt dhe stilojini.<\/p>\n<p><em><strong>I p\u00ebrshtatsh\u00ebm p\u00ebr p\u00ebrdorim t\u00eb p\u00ebrditsh\u00ebm.<\/strong><\/em><\/p>\n<p><strong>P\u00ebrb\u00ebr\u00ebsit:<\/strong><br \/>\nUj\u00eb, Metilpropanediol, Kaprilil\/Glukozid Kapril, Glicerin\u00eb, Ekstrakt Gossypium Hirsutum (Far\u00eb pambuku), Glikoli Kapryl,<br \/>\nPhenylpropanol, Inulin, Betaine, Sodium Cocoyl Glutamate, Gliceryl Caprylate, Poligliceril-6 Oleate, Sodium Surfaktin,<br \/>\nParfum\/Arom\u00eb, Acid laktik, Acid citrik, Hidroksid Natriumi<\/p>","protected":false},"excerpt":{"rendered":"<h2>Locion stilues p\u00ebr flok\u00ebt<\/h2>\n<p>Locioni Na\u00eff e b\u00ebn\u00a0<em>m\u00eb t\u00eb leht\u00eb krehjen<\/em>\u00a0dhe\u00a0<em>stilimin<\/em>\u00a0e<br \/>\nflok\u00ebve t\u00eb f\u00ebmij\u00ebve tuaj dhe parandalon dram\u00ebn n\u00eb m\u00ebngjes.<\/p>\n<p>Dhe ajo era\u2026 qiellore!<\/p>","protected":false},"featured_media":18697,"comment_status":"open","ping_status":"closed","template":"","meta":[],"product_brand":[],"product_cat":[1060],"product_tag":[],"class_list":{"0":"post-18698","1":"product","2":"type-product","3":"status-publish","4":"has-post-thumbnail","6":"product_cat-naif","8":"first","9":"instock","10":"shipping-taxable","11":"purchasable","12":"product-type-simple"},"jetpack_sharing_enabled":true,"_links":{"self":[{"href":"https:\/\/nakedearth.al\/en\/wp-json\/wp\/v2\/product\/18698","targetHints":{"allow":["GET"]}}],"collection":[{"href":"https:\/\/nakedearth.al\/en\/wp-json\/wp\/v2\/product"}],"about":[{"href":"https:\/\/nakedearth.al\/en\/wp-json\/wp\/v2\/types\/product"}],"replies":[{"embeddable":true,"href":"https:\/\/nakedearth.al\/en\/wp-json\/wp\/v2\/comments?post=18698"}],"wp:featuredmedia":[{"embeddable":true,"href":"https:\/\/nakedearth.al\/en\/wp-json\/wp\/v2\/media\/18697"}],"wp:attachment":[{"href":"https:\/\/nakedearth.al\/en\/wp-json\/wp\/v2\/media?parent=18698"}],"wp:term":[{"taxonomy":"product_brand","embeddable":true,"href":"https:\/\/nakedearth.al\/en\/wp-json\/wp\/v2\/product_brand?post=18698"},{"taxonomy":"product_cat","embeddable":true,"href":"https:\/\/nakedearth.al\/en\/wp-json\/wp\/v2\/product_cat?post=18698"},{"taxonomy":"product_tag","embeddable":true,"href":"https:\/\/nakedearth.al\/en\/wp-json\/wp\/v2\/product_tag?post=18698"}],"curies":[{"name":"wp","href":"https:\/\/api.w.org\/{rel}","templated":true}]}}