{"id":18781,"date":"2024-01-30T13:09:21","date_gmt":"2024-01-30T12:09:21","guid":{"rendered":"https:\/\/nakedearth.al\/?post_type=product&#038;p=18781"},"modified":"2024-01-30T13:09:22","modified_gmt":"2024-01-30T12:09:22","slug":"bounce-and-play","status":"publish","type":"product","link":"https:\/\/nakedearth.al\/en\/product\/bounce-and-play\/","title":{"rendered":"Bounce and Play"},"content":{"rendered":"<h3>Bounce and Play<\/h3>\n<p>Bounce and Play \u00ebsht\u00eb plot\u00ebsisht e sigurt, k\u00ebshtu q\u00eb nuk keni pse t\u00eb shqet\u00ebsoheni. Ky Bouncer i dyerve p\u00ebrshtatet mir\u00eb dhe komod p\u00ebr t\u00eb mb\u00ebshtetur q\u00ebndrimin e mir\u00eb dhe e mban f\u00ebmij\u00ebn tuaj t\u00eb lumtur dhe t\u00eb angazhuar. Dizajni i lezetsh\u00ebm mb\u00ebshtet koordinimin dhe inkurajon k\u00ebrcimin &#8211; p\u00ebr or\u00eb t\u00eb t\u00ebra arg\u00ebtimi.<\/p>\n<p>&nbsp;<\/p>\n<h4><strong>Karakteristikat:<\/strong><\/h4>\n<ul>\n<li>Arg\u00ebtim me luanin Lenny<\/li>\n<li>2 unaza t\u00eb daljes s\u00eb dh\u00ebmb\u00ebve e nxisin f\u00ebmij\u00ebn t\u00eb k\u00ebrcej\u00eb<\/li>\n<li>Plot\u00ebsisht i sigurt, k\u00ebshtu q\u00eb nuk duhet t\u00eb shqet\u00ebsoheni<\/li>\n<li>Kap\u00ebse e fort\u00eb dhe e sigurt p\u00ebr korniz\u00ebn e der\u00ebs<\/li>\n<li>Sedilja e mb\u00ebshtetur plot\u00ebsisht siguron q\u00ebndrimin e duhur p\u00ebr f\u00ebmij\u00ebn<\/li>\n<li>Rripat e rregulluesh\u00ebm dhe shtr\u00ebngimi i pasm\u00eb p\u00ebr nj\u00eb p\u00ebrshtatje t\u00eb sigurt<\/li>\n<li>Mund t\u00eb p\u00ebrdoret vet\u00ebm me korniza t\u00eb sigurta t\u00eb dyerve q\u00eb mund t\u00eb mbajn\u00eb ngarkes\u00ebn e nj\u00eb f\u00ebmije q\u00eb luan<\/li>\n<li>P\u00ebr f\u00ebmij\u00ebt q\u00eb mund ta mbajn\u00eb kok\u00ebn drejt n\u00eb m\u00ebnyr\u00eb t\u00eb pavarur, por ende nuk mund t\u00eb ecin<\/li>\n<li>P\u00ebr f\u00ebmij\u00ebt me pesh\u00eb maksimale 12 kg<\/li>\n<\/ul>","protected":false},"excerpt":{"rendered":"<h2>Bounce and Play<\/h2>\n<p>Bounce and Play \u00ebsht\u00eb plot\u00ebsisht e sigurt, k\u00ebshtu q\u00eb nuk keni pse t\u00eb shqet\u00ebsoheni. Ky Bouncer i dyerve p\u00ebrshtatet mir\u00eb dhe komod p\u00ebr t\u00eb mb\u00ebshtetur q\u00ebndrimin e mir\u00eb dhe e mban f\u00ebmij\u00ebn tuaj t\u00eb lumtur dhe t\u00eb angazhuar. Dizajni i lezetsh\u00ebm mb\u00ebshtet koordinimin dhe inkurajon k\u00ebrcimin &#8211; p\u00ebr or\u00eb t\u00eb t\u00ebra arg\u00ebtimi.<\/p>","protected":false},"featured_media":18775,"comment_status":"open","ping_status":"closed","template":"","meta":[],"product_brand":[],"product_cat":[1039],"product_tag":[],"class_list":{"0":"post-18781","1":"product","2":"type-product","3":"status-publish","4":"has-post-thumbnail","6":"product_cat-munchkin","8":"first","9":"instock","10":"shipping-taxable","11":"purchasable","12":"product-type-simple"},"jetpack_sharing_enabled":true,"_links":{"self":[{"href":"https:\/\/nakedearth.al\/en\/wp-json\/wp\/v2\/product\/18781","targetHints":{"allow":["GET"]}}],"collection":[{"href":"https:\/\/nakedearth.al\/en\/wp-json\/wp\/v2\/product"}],"about":[{"href":"https:\/\/nakedearth.al\/en\/wp-json\/wp\/v2\/types\/product"}],"replies":[{"embeddable":true,"href":"https:\/\/nakedearth.al\/en\/wp-json\/wp\/v2\/comments?post=18781"}],"wp:featuredmedia":[{"embeddable":true,"href":"https:\/\/nakedearth.al\/en\/wp-json\/wp\/v2\/media\/18775"}],"wp:attachment":[{"href":"https:\/\/nakedearth.al\/en\/wp-json\/wp\/v2\/media?parent=18781"}],"wp:term":[{"taxonomy":"product_brand","embeddable":true,"href":"https:\/\/nakedearth.al\/en\/wp-json\/wp\/v2\/product_brand?post=18781"},{"taxonomy":"product_cat","embeddable":true,"href":"https:\/\/nakedearth.al\/en\/wp-json\/wp\/v2\/product_cat?post=18781"},{"taxonomy":"product_tag","embeddable":true,"href":"https:\/\/nakedearth.al\/en\/wp-json\/wp\/v2\/product_tag?post=18781"}],"curies":[{"name":"wp","href":"https:\/\/api.w.org\/{rel}","templated":true}]}}