{"id":18898,"date":"2024-02-08T16:14:28","date_gmt":"2024-02-08T15:14:28","guid":{"rendered":"https:\/\/nakedearth.al\/?post_type=product&#038;p=18898"},"modified":"2024-02-08T16:16:51","modified_gmt":"2024-02-08T15:16:51","slug":"body-me-menge-te-shkurtra-white-7-cope","status":"publish","type":"product","link":"https:\/\/nakedearth.al\/en\/product\/body-me-menge-te-shkurtra-white-7-cope\/","title":{"rendered":"Body me m\u00ebng\u00eb t\u00eb shkurtra &#8211; White &#8211; 7 cop\u00eb"},"content":{"rendered":"<h3>Body me m\u00ebnge t\u00eb shkurtra<\/h3>\n<p style=\"font-weight: 400;\">Set me 7 trupore prej pambuku organik t\u00eb but\u00eb dhe me m\u00ebng\u00eb t\u00eb shkurtra. Qepjet e sheshta parandalojn\u00eb acarimin, nd\u00ebrsa fiksimet me ngjyr\u00eb dhe nj\u00eb dekolte me zarf mund\u00ebsojn\u00eb nd\u00ebrres\u00ebn e leht\u00eb.<\/p>\n<p style=\"font-weight: 400;\">P\u00ebrmasat deri n\u00eb 3-6 muaj p\u00ebrfshijn\u00eb dorashka integrale, p\u00ebr t&#8217;u mbrojtur nga g\u00ebrvishtjet.<\/p>\n<h4>Detajet<\/h4>\n<ul>\n<li style=\"font-weight: 400;\">Mb\u00ebrthimi me poper<\/li>\n<li style=\"font-weight: 400;\">7 cop\u00eb<\/li>\n<li style=\"font-weight: 400;\">M\u00ebng\u00eb t\u00eb shkurtra<\/li>\n<li style=\"font-weight: 400;\">100% pambuk<\/li>\n<\/ul>","protected":false},"excerpt":{"rendered":"<h2>Body me m\u00ebnge t\u00eb shkurtra<\/h2>\n<p style=\"font-weight: 400;\">Set me 7 trupore prej pambuku organik t\u00eb but\u00eb dhe me m\u00ebng\u00eb t\u00eb gjata. Qepjet e sheshta parandalojn\u00eb acarimin, nd\u00ebrsa fiksimet me ngjyr\u00eb dhe nj\u00eb dekolte me zarf mund\u00ebsojn\u00eb nd\u00ebrres\u00ebn e leht\u00eb.<\/p>","protected":false},"featured_media":18902,"comment_status":"open","ping_status":"closed","template":"","meta":[],"product_brand":[],"product_cat":[1062],"product_tag":[1078],"class_list":{"0":"post-18898","1":"product","2":"type-product","3":"status-publish","4":"has-post-thumbnail","6":"product_cat-mark-spencer","7":"product_tag-marksspencer","9":"first","10":"instock","11":"sale","12":"shipping-taxable","13":"purchasable","14":"product-type-variable"},"jetpack_sharing_enabled":true,"_links":{"self":[{"href":"https:\/\/nakedearth.al\/en\/wp-json\/wp\/v2\/product\/18898","targetHints":{"allow":["GET"]}}],"collection":[{"href":"https:\/\/nakedearth.al\/en\/wp-json\/wp\/v2\/product"}],"about":[{"href":"https:\/\/nakedearth.al\/en\/wp-json\/wp\/v2\/types\/product"}],"replies":[{"embeddable":true,"href":"https:\/\/nakedearth.al\/en\/wp-json\/wp\/v2\/comments?post=18898"}],"wp:featuredmedia":[{"embeddable":true,"href":"https:\/\/nakedearth.al\/en\/wp-json\/wp\/v2\/media\/18902"}],"wp:attachment":[{"href":"https:\/\/nakedearth.al\/en\/wp-json\/wp\/v2\/media?parent=18898"}],"wp:term":[{"taxonomy":"product_brand","embeddable":true,"href":"https:\/\/nakedearth.al\/en\/wp-json\/wp\/v2\/product_brand?post=18898"},{"taxonomy":"product_cat","embeddable":true,"href":"https:\/\/nakedearth.al\/en\/wp-json\/wp\/v2\/product_cat?post=18898"},{"taxonomy":"product_tag","embeddable":true,"href":"https:\/\/nakedearth.al\/en\/wp-json\/wp\/v2\/product_tag?post=18898"}],"curies":[{"name":"wp","href":"https:\/\/api.w.org\/{rel}","templated":true}]}}