{"id":18958,"date":"2024-02-09T21:31:15","date_gmt":"2024-02-09T20:31:15","guid":{"rendered":"https:\/\/nakedearth.al\/?post_type=product&#038;p=18958"},"modified":"2024-11-09T05:02:06","modified_gmt":"2024-11-09T04:02:06","slug":"sleepsuit-forest-3-cope","status":"publish","type":"product","link":"https:\/\/nakedearth.al\/en\/product\/sleepsuit-forest-3-cope\/","title":{"rendered":"Sleepsuit &#8211; Forest &#8211; 3 cop\u00eb"},"content":{"rendered":"<h3>Tutina p\u00ebr bebe<\/h3>\n<p style=\"font-weight: 400;\">Set me 3 kostume gjumi komode prej pambuku t\u00eb past\u00ebr. K\u00ebto stile me m\u00ebng\u00eb t\u00eb gjata kan\u00eb fiksime me ngjyr\u00eb n\u00eb pjes\u00ebn e p\u00ebrparme, nj\u00ebra prej t\u00eb cilave \u00ebsht\u00eb prej bakri, n\u00eb m\u00ebnyr\u00eb q\u00eb t\u00eb mund t&#8217;i p\u00ebrputhni ato p\u00ebr veshje t\u00eb leht\u00eb.<\/p>\n<p style=\"font-weight: 400;\">Dorezat integrale t\u00eb madh\u00ebsive 3 deri n\u00eb 6 muaj mbrojn\u00eb f\u00ebmij\u00ebn nga g\u00ebrvishtjet. Nd\u00ebrsa pjesa e k\u00ebmb\u00ebve me gom\u00eb kund\u00ebr rr\u00ebshqitjes n\u00eb madh\u00ebsit\u00eb 9 deri n\u00eb 12 muaj jan\u00eb perfekte p\u00ebr t\u00eb vegjlit n\u00eb l\u00ebvizje. Pambuk me burim t\u00eb p\u00ebrgjegjsh\u00ebm.<\/p>\n<h3><span style=\"font-size: 16px;\">Detajet<\/span><\/h3>\n<ul>\n<li style=\"font-weight: 400;\">Mb\u00ebrthimi me poper<\/li>\n<li style=\"font-weight: 400;\">3 cop\u00eb<\/li>\n<li style=\"font-weight: 400;\">M\u00ebng\u00eb t\u00eb gjata<\/li>\n<li style=\"font-weight: 400;\">100% pambuk<\/li>\n<\/ul>","protected":false},"excerpt":{"rendered":"<h2>Tutina p\u00ebr bebe<\/h2>\n<p style=\"font-weight: 400;\">Set me 3 kostume gjumi komode prej pambuku t\u00eb past\u00ebr. K\u00ebto stile me m\u00ebng\u00eb t\u00eb gjata kan\u00eb fiksime me ngjyr\u00eb n\u00eb pjes\u00ebn e p\u00ebrparme, nj\u00ebra prej t\u00eb cilave \u00ebsht\u00eb prej bakri, n\u00eb m\u00ebnyr\u00eb q\u00eb t\u00eb mund t&#8217;i p\u00ebrputhni ato p\u00ebr veshje t\u00eb leht\u00eb.<\/p>","protected":false},"featured_media":18923,"comment_status":"open","ping_status":"closed","template":"","meta":[],"product_brand":[],"product_cat":[1062],"product_tag":[1078],"class_list":{"0":"post-18958","1":"product","2":"type-product","3":"status-publish","4":"has-post-thumbnail","6":"product_cat-mark-spencer","7":"product_tag-marksspencer","9":"first","10":"instock","11":"sale","12":"shipping-taxable","13":"purchasable","14":"product-type-variable"},"jetpack_sharing_enabled":true,"_links":{"self":[{"href":"https:\/\/nakedearth.al\/en\/wp-json\/wp\/v2\/product\/18958","targetHints":{"allow":["GET"]}}],"collection":[{"href":"https:\/\/nakedearth.al\/en\/wp-json\/wp\/v2\/product"}],"about":[{"href":"https:\/\/nakedearth.al\/en\/wp-json\/wp\/v2\/types\/product"}],"replies":[{"embeddable":true,"href":"https:\/\/nakedearth.al\/en\/wp-json\/wp\/v2\/comments?post=18958"}],"wp:featuredmedia":[{"embeddable":true,"href":"https:\/\/nakedearth.al\/en\/wp-json\/wp\/v2\/media\/18923"}],"wp:attachment":[{"href":"https:\/\/nakedearth.al\/en\/wp-json\/wp\/v2\/media?parent=18958"}],"wp:term":[{"taxonomy":"product_brand","embeddable":true,"href":"https:\/\/nakedearth.al\/en\/wp-json\/wp\/v2\/product_brand?post=18958"},{"taxonomy":"product_cat","embeddable":true,"href":"https:\/\/nakedearth.al\/en\/wp-json\/wp\/v2\/product_cat?post=18958"},{"taxonomy":"product_tag","embeddable":true,"href":"https:\/\/nakedearth.al\/en\/wp-json\/wp\/v2\/product_tag?post=18958"}],"curies":[{"name":"wp","href":"https:\/\/api.w.org\/{rel}","templated":true}]}}