{"id":18988,"date":"2024-02-09T21:56:46","date_gmt":"2024-02-09T20:56:46","guid":{"rendered":"https:\/\/nakedearth.al\/?post_type=product&#038;p=18988"},"modified":"2024-02-09T21:58:45","modified_gmt":"2024-02-09T20:58:45","slug":"premature-kanatjere-flower-3-cope","status":"publish","type":"product","link":"https:\/\/nakedearth.al\/en\/product\/premature-kanatjere-flower-3-cope\/","title":{"rendered":"Premature &#8211; Kanatjere &#8211; Flower &#8211; 3 cop\u00eb"},"content":{"rendered":"<h3>Kanatjere p\u00ebr bebe premature<\/h3>\n<p style=\"font-weight: 400;\">Set me 3 kanatjere p\u00ebr bebet q\u00eb lindin her\u00ebt &#8211; premature. Shum\u00eb t\u00eb lehta p\u00ebr tu veshur me pambuk organik t\u00eb but\u00eb.<\/p>\n<h3><span style=\"font-size: 16px;\">Detajet<\/span><\/h3>\n<ul>\n<li style=\"font-weight: 400;\">Mb\u00ebrthimi me ngjit\u00ebse<\/li>\n<li style=\"font-weight: 400;\">3 cop\u00eb<\/li>\n<li style=\"font-weight: 400;\">Kanatjere<\/li>\n<li style=\"font-weight: 400;\">100% pambuk<\/li>\n<\/ul>","protected":false},"excerpt":{"rendered":"<h2>Kanatjere p\u00ebr bebe premature<\/h2>\n<p style=\"font-weight: 400;\">Set me 3 kanatjere p\u00ebr bebet q\u00eb lindin her\u00ebt &#8211; premature. Shum\u00eb t\u00eb lehta p\u00ebr tu veshur me pambuk organik t\u00eb but\u00eb.<\/p>","protected":false},"featured_media":18978,"comment_status":"open","ping_status":"closed","template":"","meta":[],"product_brand":[],"product_cat":[1062],"product_tag":[1078],"class_list":{"0":"post-18988","1":"product","2":"type-product","3":"status-publish","4":"has-post-thumbnail","6":"product_cat-mark-spencer","7":"product_tag-marksspencer","9":"first","10":"instock","11":"sale","12":"shipping-taxable","13":"purchasable","14":"product-type-variable"},"jetpack_sharing_enabled":true,"_links":{"self":[{"href":"https:\/\/nakedearth.al\/en\/wp-json\/wp\/v2\/product\/18988","targetHints":{"allow":["GET"]}}],"collection":[{"href":"https:\/\/nakedearth.al\/en\/wp-json\/wp\/v2\/product"}],"about":[{"href":"https:\/\/nakedearth.al\/en\/wp-json\/wp\/v2\/types\/product"}],"replies":[{"embeddable":true,"href":"https:\/\/nakedearth.al\/en\/wp-json\/wp\/v2\/comments?post=18988"}],"wp:featuredmedia":[{"embeddable":true,"href":"https:\/\/nakedearth.al\/en\/wp-json\/wp\/v2\/media\/18978"}],"wp:attachment":[{"href":"https:\/\/nakedearth.al\/en\/wp-json\/wp\/v2\/media?parent=18988"}],"wp:term":[{"taxonomy":"product_brand","embeddable":true,"href":"https:\/\/nakedearth.al\/en\/wp-json\/wp\/v2\/product_brand?post=18988"},{"taxonomy":"product_cat","embeddable":true,"href":"https:\/\/nakedearth.al\/en\/wp-json\/wp\/v2\/product_cat?post=18988"},{"taxonomy":"product_tag","embeddable":true,"href":"https:\/\/nakedearth.al\/en\/wp-json\/wp\/v2\/product_tag?post=18988"}],"curies":[{"name":"wp","href":"https:\/\/api.w.org\/{rel}","templated":true}]}}