{"id":18994,"date":"2024-02-09T22:02:27","date_gmt":"2024-02-09T21:02:27","guid":{"rendered":"https:\/\/nakedearth.al\/?post_type=product&#038;p=18994"},"modified":"2024-02-09T22:03:18","modified_gmt":"2024-02-09T21:03:18","slug":"premature-kapuc-dorashka-pink-2-sete","status":"publish","type":"product","link":"https:\/\/nakedearth.al\/en\/product\/premature-kapuc-dorashka-pink-2-sete\/","title":{"rendered":"Premature &#8211; Kapu\u00e7 &#038; Dorashka &#8211; Pink &#8211; 2 sete"},"content":{"rendered":"<h3>Set p\u00ebr bebe premature<\/h3>\n<p style=\"font-weight: 400;\">Set me 2 kapu\u00e7a dhe 2 pal\u00eb dorashka p\u00ebr bebet q\u00eb lindin her\u00ebt &#8211; premature. Shum\u00eb t\u00eb lehta p\u00ebr tu veshur me pambuk organik t\u00eb but\u00eb.<\/p>\n<h3><span style=\"font-size: 16px;\">Detajet<\/span><\/h3>\n<ul>\n<li style=\"font-weight: 400;\">2 kapu\u00e7a<\/li>\n<li style=\"font-weight: 400;\">2 pal\u00eb dorashka<\/li>\n<li style=\"font-weight: 400;\">100% pambuk<\/li>\n<\/ul>","protected":false},"excerpt":{"rendered":"<h2>Set p\u00ebr bebe premature<\/h2>\n<p style=\"font-weight: 400;\">Set me 2 kapu\u00e7a dhe 2 pal\u00eb dorashka p\u00ebr bebet q\u00eb lindin her\u00ebt &#8211; premature. Shum\u00eb t\u00eb lehta p\u00ebr tu veshur me pambuk organik t\u00eb but\u00eb.<\/p>","protected":false},"featured_media":18982,"comment_status":"open","ping_status":"closed","template":"","meta":[],"product_brand":[],"product_cat":[1062],"product_tag":[1078],"class_list":{"0":"post-18994","1":"product","2":"type-product","3":"status-publish","4":"has-post-thumbnail","6":"product_cat-mark-spencer","7":"product_tag-marksspencer","9":"first","10":"instock","11":"sale","12":"shipping-taxable","13":"purchasable","14":"product-type-variable"},"jetpack_sharing_enabled":true,"_links":{"self":[{"href":"https:\/\/nakedearth.al\/en\/wp-json\/wp\/v2\/product\/18994","targetHints":{"allow":["GET"]}}],"collection":[{"href":"https:\/\/nakedearth.al\/en\/wp-json\/wp\/v2\/product"}],"about":[{"href":"https:\/\/nakedearth.al\/en\/wp-json\/wp\/v2\/types\/product"}],"replies":[{"embeddable":true,"href":"https:\/\/nakedearth.al\/en\/wp-json\/wp\/v2\/comments?post=18994"}],"wp:featuredmedia":[{"embeddable":true,"href":"https:\/\/nakedearth.al\/en\/wp-json\/wp\/v2\/media\/18982"}],"wp:attachment":[{"href":"https:\/\/nakedearth.al\/en\/wp-json\/wp\/v2\/media?parent=18994"}],"wp:term":[{"taxonomy":"product_brand","embeddable":true,"href":"https:\/\/nakedearth.al\/en\/wp-json\/wp\/v2\/product_brand?post=18994"},{"taxonomy":"product_cat","embeddable":true,"href":"https:\/\/nakedearth.al\/en\/wp-json\/wp\/v2\/product_cat?post=18994"},{"taxonomy":"product_tag","embeddable":true,"href":"https:\/\/nakedearth.al\/en\/wp-json\/wp\/v2\/product_tag?post=18994"}],"curies":[{"name":"wp","href":"https:\/\/api.w.org\/{rel}","templated":true}]}}