{"id":19064,"date":"2024-02-13T10:40:37","date_gmt":"2024-02-13T09:40:37","guid":{"rendered":"https:\/\/nakedearth.al\/?post_type=product&#038;p=19064"},"modified":"2024-04-29T16:49:33","modified_gmt":"2024-04-29T14:49:33","slug":"triko-blush","status":"publish","type":"product","link":"https:\/\/nakedearth.al\/en\/product\/triko-blush\/","title":{"rendered":"Triko &#8211; Blush"},"content":{"rendered":"<h3>Triko p\u00ebr f\u00ebmij\u00eb<\/h3>\n<p style=\"font-weight: 400;\">Nj\u00eb triko, shum\u00eb e but\u00eb dhe i lezetsh\u00ebm p\u00ebr tju shoq\u00ebruar gjat\u00eb xhirove me karroc\u00eb. Me kopsa dhe nje shtres\u00eb t\u00eb but\u00eb pambuku p\u00ebr br\u00ebnda.<\/p>\n<h3><span style=\"font-size: 16px;\">Detajet<\/span><\/h3>\n<ul>\n<li style=\"font-weight: 400;\">Triko<\/li>\n<li style=\"font-weight: 400;\">M\u00ebng\u00eb t\u00eb gjata<\/li>\n<li style=\"font-weight: 400;\">100% pambuk<\/li>\n<\/ul>","protected":false},"excerpt":{"rendered":"<h2>Triko p\u00ebr f\u00ebmij\u00eb<\/h2>\n<p style=\"font-weight: 400;\">Nj\u00eb triko, shum\u00eb e but\u00eb dhe i lezetsh\u00ebm p\u00ebr tju shoq\u00ebruar gjat\u00eb xhirove me karroc\u00eb. Me kopsa dhe nje shtres\u00eb t\u00eb but\u00eb pambuku p\u00ebr br\u00ebnda.<\/p>","protected":false},"featured_media":19045,"comment_status":"open","ping_status":"closed","template":"","meta":[],"product_brand":[],"product_cat":[1062],"product_tag":[1078],"class_list":{"0":"post-19064","1":"product","2":"type-product","3":"status-publish","4":"has-post-thumbnail","6":"product_cat-mark-spencer","7":"product_tag-marksspencer","9":"first","10":"instock","11":"sale","12":"shipping-taxable","13":"purchasable","14":"product-type-variable"},"jetpack_sharing_enabled":true,"_links":{"self":[{"href":"https:\/\/nakedearth.al\/en\/wp-json\/wp\/v2\/product\/19064","targetHints":{"allow":["GET"]}}],"collection":[{"href":"https:\/\/nakedearth.al\/en\/wp-json\/wp\/v2\/product"}],"about":[{"href":"https:\/\/nakedearth.al\/en\/wp-json\/wp\/v2\/types\/product"}],"replies":[{"embeddable":true,"href":"https:\/\/nakedearth.al\/en\/wp-json\/wp\/v2\/comments?post=19064"}],"wp:featuredmedia":[{"embeddable":true,"href":"https:\/\/nakedearth.al\/en\/wp-json\/wp\/v2\/media\/19045"}],"wp:attachment":[{"href":"https:\/\/nakedearth.al\/en\/wp-json\/wp\/v2\/media?parent=19064"}],"wp:term":[{"taxonomy":"product_brand","embeddable":true,"href":"https:\/\/nakedearth.al\/en\/wp-json\/wp\/v2\/product_brand?post=19064"},{"taxonomy":"product_cat","embeddable":true,"href":"https:\/\/nakedearth.al\/en\/wp-json\/wp\/v2\/product_cat?post=19064"},{"taxonomy":"product_tag","embeddable":true,"href":"https:\/\/nakedearth.al\/en\/wp-json\/wp\/v2\/product_tag?post=19064"}],"curies":[{"name":"wp","href":"https:\/\/api.w.org\/{rel}","templated":true}]}}