{"id":19141,"date":"2024-02-26T15:35:39","date_gmt":"2024-02-26T14:35:39","guid":{"rendered":"https:\/\/nakedearth.al\/?post_type=product&#038;p=19141"},"modified":"2025-04-22T21:06:09","modified_gmt":"2025-04-22T19:06:09","slug":"bubble-blower-bath-toy","status":"publish","type":"product","link":"https:\/\/nakedearth.al\/en\/product\/bubble-blower-bath-toy\/","title":{"rendered":"Bubble Blower Bath Toy"},"content":{"rendered":"<h3>Lod\u00ebr vaske p\u00ebr f\u00ebmij\u00eb<\/h3>\n<p>Njihuni me Bubble Bestie\u2122 &#8211; lodr\u00ebn e re t\u00eb preferuar BFF t\u00eb vog\u00eblushit tuaj! Kjo lod\u00ebr e adhurueshme elefant\u00ebsh operohet nga t\u00eb vegj\u00eblit dhe aprovohet nga t\u00eb vegjlit: thjesht lagni leck\u00ebn, shtoni sapun ose shampo dhe fryni p\u00ebrmes gryk\u00ebs s\u00eb nj\u00ebanshme p\u00ebr t\u00eb krijuar nj\u00eb rrjedh\u00eb magjike flluskash. I krijuar me zgjuarsi p\u00ebr t\u00eb lejuar q\u00eb flluskat t\u00eb fryhen nga bagazhi pa u thithur, kjo lod\u00ebr e adhurueshme e banj\u00ebs m\u00ebson n\u00eb m\u00ebnyr\u00eb t\u00eb sigurt shkakun dhe efektin dhe i ndihmon f\u00ebmij\u00ebt t\u00eb praktikojn\u00eb koordinimin sy-dor\u00eb. Trupi i tij n\u00eb form\u00eb unaze \u00ebsht\u00eb i leht\u00eb p\u00ebr t&#8217;u mbajtur nga f\u00ebmij\u00ebt dhe pa bateri apo komponent\u00eb elektronik\u00eb p\u00ebr t&#8217;u z\u00ebvend\u00ebsuar, Bubble Bestie\u2122 do t\u00eb jet\u00eb gjithmon\u00eb aty p\u00ebr t\u00eb voglin tuaj.<\/p>\n<p>&nbsp;<\/p>\n<h4>Karakteristikat:<\/h4>\n<ul>\n<li>Lod\u00ebr e adhurueshme me flluska elefant\u00ebsh miq\u00ebsore p\u00ebr banj\u00ebn p\u00ebr t\u00eb vegjlit<\/li>\n<li>Thjesht lagni leck\u00ebn, shtoni sapun ose shampo, m\u00eb pas fryni p\u00ebr t\u00eb krijuar nj\u00eb tren arg\u00ebtues me flluska<\/li>\n<li>Gryka me nj\u00eb drejtim parandalon g\u00eblltitjen aksidentale t\u00eb flluskave ose sapunit<\/li>\n<li>Trungu i elefantit \u00ebsht\u00eb i l\u00ebvizsh\u00ebm dhe shum\u00eb i leht\u00eb p\u00ebr t&#8217;u pastruar<\/li>\n<li>Arg\u00ebtim i sigurt q\u00eb fryn fllusk\u00eb brenda ose jasht\u00eb vask\u00ebs, nuk k\u00ebrkohen bateri<\/li>\n<li>B\u00ebn nj\u00eb dhurat\u00eb t\u00eb shk\u00eblqyer p\u00ebr djemt\u00eb dhe vajzat<\/li>\n<li>36+ muaj<\/li>\n<\/ul>","protected":false},"excerpt":{"rendered":"<h2>Lod\u00ebr vaske p\u00ebr f\u00ebmij\u00eb<\/h2>\n<p>Njihuni me Bubble Bestie\u2122 &#8211; lodr\u00ebn e re t\u00eb preferuar BFF t\u00eb vog\u00eblushit tuaj! Kjo lod\u00ebr e adhurueshme elefant\u00ebsh operohet nga t\u00eb vegj\u00eblit dhe aprovohet nga t\u00eb vegjlit: thjesht lagni leck\u00ebn, shtoni sapun ose shampo dhe fryni p\u00ebrmes gryk\u00ebs s\u00eb nj\u00ebanshme p\u00ebr t\u00eb krijuar nj\u00eb rrjedh\u00eb magjike flluskash. I krijuar me zgjuarsi p\u00ebr t\u00eb lejuar q\u00eb flluskat t\u00eb fryhen nga bagazhi pa u thithur, kjo lod\u00ebr e adhurueshme e banj\u00ebs m\u00ebson n\u00eb m\u00ebnyr\u00eb t\u00eb sigurt shkakun dhe efektin dhe i ndihmon f\u00ebmij\u00ebt t\u00eb praktikojn\u00eb koordinimin sy-dor\u00eb. Trupi i tij n\u00eb form\u00eb unaze \u00ebsht\u00eb i leht\u00eb p\u00ebr t&#8217;u mbajtur nga f\u00ebmij\u00ebt dhe pa bateri apo komponent\u00eb elektronik\u00eb p\u00ebr t&#8217;u z\u00ebvend\u00ebsuar, Bubble Bestie\u2122 do t\u00eb jet\u00eb gjithmon\u00eb aty p\u00ebr t\u00eb voglin tuaj.<\/p>","protected":false},"featured_media":19139,"comment_status":"open","ping_status":"closed","template":"","meta":[],"product_brand":[],"product_cat":[1039],"product_tag":[],"class_list":{"0":"post-19141","1":"product","2":"type-product","3":"status-publish","4":"has-post-thumbnail","6":"product_cat-munchkin","8":"first","9":"instock","10":"featured","11":"shipping-taxable","12":"purchasable","13":"product-type-simple"},"jetpack_sharing_enabled":true,"_links":{"self":[{"href":"https:\/\/nakedearth.al\/en\/wp-json\/wp\/v2\/product\/19141","targetHints":{"allow":["GET"]}}],"collection":[{"href":"https:\/\/nakedearth.al\/en\/wp-json\/wp\/v2\/product"}],"about":[{"href":"https:\/\/nakedearth.al\/en\/wp-json\/wp\/v2\/types\/product"}],"replies":[{"embeddable":true,"href":"https:\/\/nakedearth.al\/en\/wp-json\/wp\/v2\/comments?post=19141"}],"wp:featuredmedia":[{"embeddable":true,"href":"https:\/\/nakedearth.al\/en\/wp-json\/wp\/v2\/media\/19139"}],"wp:attachment":[{"href":"https:\/\/nakedearth.al\/en\/wp-json\/wp\/v2\/media?parent=19141"}],"wp:term":[{"taxonomy":"product_brand","embeddable":true,"href":"https:\/\/nakedearth.al\/en\/wp-json\/wp\/v2\/product_brand?post=19141"},{"taxonomy":"product_cat","embeddable":true,"href":"https:\/\/nakedearth.al\/en\/wp-json\/wp\/v2\/product_cat?post=19141"},{"taxonomy":"product_tag","embeddable":true,"href":"https:\/\/nakedearth.al\/en\/wp-json\/wp\/v2\/product_tag?post=19141"}],"curies":[{"name":"wp","href":"https:\/\/api.w.org\/{rel}","templated":true}]}}