{"id":19317,"date":"2024-04-04T11:26:54","date_gmt":"2024-04-04T09:26:54","guid":{"rendered":"https:\/\/nakedearth.al\/?post_type=product&#038;p=19317"},"modified":"2025-04-22T21:05:53","modified_gmt":"2025-04-22T19:05:53","slug":"foot-natural-deodorant","status":"publish","type":"product","link":"https:\/\/nakedearth.al\/en\/product\/foot-natural-deodorant\/","title":{"rendered":"Foot Natural Deodorant"},"content":{"rendered":"<h3>Aromatizues p\u00ebr k\u00ebmb\u00ebt<\/h3>\n<p>K\u00ebmb\u00ebt e fresk\u00ebta jan\u00eb vet\u00ebm nj\u00eb sprej larg, i formuluar posa\u00e7\u00ebrisht p\u00ebr k\u00ebmb\u00ebt tuaja.<\/p>\n<p>Me p\u00ebrb\u00ebr\u00ebs 100% natyral\u00eb, duke p\u00ebrfshir\u00eb aloe ver\u00ebn qet\u00ebsuese dhe t\u00eb mbushur me nj\u00eb arom\u00eb gjall\u00ebruese menteje dhe pem\u00eb \u00e7aji, Spray natyral i deodorantit unisex ofron mbrojtje afatgjat\u00eb dhe efektive nga era e k\u00ebmb\u00ebve, nd\u00ebrkoh\u00eb q\u00eb freskon dhe qet\u00ebsojn\u00eb gishtat e lodhur n\u00eb t\u00eb nj\u00ebjt\u00ebn koh\u00eb.<\/p>\n<p>&nbsp;<\/p>\n<h3>P\u00ebrb\u00ebr\u00ebsit:<\/h3>\n<p>Aqua, Kalium Alum, Propanediol, Glicerin\u00eb, Klorur Magnezi, L\u00ebng Gjeth\u00ebsh Aloe Barbadensis**, Trietil Citrate, Poligliceril-10-Laurat, Bikarbonat Natriumi, \u00c7am\u00e7ak\u00ebz Xanthan, Galactoarabinan, Mentha Arvensis Leaf**, Mentholia* Alcaaf, Mentholni, Anisate natriumi, acid citrik. *Limonene, *Linalool. **E rritur organikisht.<\/p>","protected":false},"excerpt":{"rendered":"<h2>Aromatizues p\u00ebr k\u00ebmb\u00ebt<\/h2>\n<p>K\u00ebmb\u00ebt e fresk\u00ebta jan\u00eb vet\u00ebm nj\u00eb sprej larg, i formuluar posa\u00e7\u00ebrisht p\u00ebr k\u00ebmb\u00ebt tuaja.<\/p>\n<p>Me p\u00ebrb\u00ebr\u00ebs 100% natyral\u00eb, duke p\u00ebrfshir\u00eb aloe ver\u00ebn qet\u00ebsuese dhe t\u00eb mbushur me nj\u00eb arom\u00eb gjall\u00ebruese menteje dhe pem\u00eb \u00e7aji, Spray natyral i deodorantit unisex ofron mbrojtje afatgjat\u00eb dhe efektive nga era e k\u00ebmb\u00ebve, nd\u00ebrkoh\u00eb q\u00eb freskon dhe qet\u00ebsojn\u00eb gishtat e lodhur n\u00eb t\u00eb nj\u00ebjt\u00ebn koh\u00eb.<\/p>","protected":false},"featured_media":19303,"comment_status":"open","ping_status":"closed","template":"","meta":[],"product_brand":[],"product_cat":[996],"product_tag":[],"class_list":{"0":"post-19317","1":"product","2":"type-product","3":"status-publish","4":"has-post-thumbnail","6":"product_cat-salt-of-the-earth","8":"first","9":"instock","10":"featured","11":"shipping-taxable","12":"purchasable","13":"product-type-simple"},"jetpack_sharing_enabled":true,"_links":{"self":[{"href":"https:\/\/nakedearth.al\/en\/wp-json\/wp\/v2\/product\/19317","targetHints":{"allow":["GET"]}}],"collection":[{"href":"https:\/\/nakedearth.al\/en\/wp-json\/wp\/v2\/product"}],"about":[{"href":"https:\/\/nakedearth.al\/en\/wp-json\/wp\/v2\/types\/product"}],"replies":[{"embeddable":true,"href":"https:\/\/nakedearth.al\/en\/wp-json\/wp\/v2\/comments?post=19317"}],"wp:featuredmedia":[{"embeddable":true,"href":"https:\/\/nakedearth.al\/en\/wp-json\/wp\/v2\/media\/19303"}],"wp:attachment":[{"href":"https:\/\/nakedearth.al\/en\/wp-json\/wp\/v2\/media?parent=19317"}],"wp:term":[{"taxonomy":"product_brand","embeddable":true,"href":"https:\/\/nakedearth.al\/en\/wp-json\/wp\/v2\/product_brand?post=19317"},{"taxonomy":"product_cat","embeddable":true,"href":"https:\/\/nakedearth.al\/en\/wp-json\/wp\/v2\/product_cat?post=19317"},{"taxonomy":"product_tag","embeddable":true,"href":"https:\/\/nakedearth.al\/en\/wp-json\/wp\/v2\/product_tag?post=19317"}],"curies":[{"name":"wp","href":"https:\/\/api.w.org\/{rel}","templated":true}]}}