{"id":19404,"date":"2024-05-06T12:05:35","date_gmt":"2024-05-06T10:05:35","guid":{"rendered":"https:\/\/nakedearth.al\/?post_type=product&#038;p=19404"},"modified":"2026-02-14T21:16:49","modified_gmt":"2026-02-14T20:16:49","slug":"kapese-multifunsionale-per-karroce","status":"publish","type":"product","link":"https:\/\/nakedearth.al\/en\/product\/kapese-multifunsionale-per-karroce\/","title":{"rendered":"Kap\u00ebse Multifunsionale p\u00ebr Karroc\u00eb"},"content":{"rendered":"<h2>Kap\u00ebse Multifunsionale p\u00ebr Karroc\u00eb<\/h2>\n<p>Mendoni p\u00ebr nj\u00eb kap\u00ebse biberoni, nj\u00eb lod\u00ebr p\u00ebrk\u00ebdhel\u00ebse, nj\u00eb bisht ose nj\u00eb leck\u00eb. Me Dooky Multi Clips mund t\u00eb lidhni edhe nj\u00eb \u00e7ant\u00eb t\u00eb leht\u00eb (pelen\u00eb) n\u00eb karroc\u00ebn tuaj.<br \/>\nP\u00ebrve\u00e7 lidhjes n\u00eb shiritin shtyt\u00ebs t\u00eb nj\u00eb karroce, mund t\u00eb p\u00ebrdorni Multi Clips nga Dooky p\u00ebr shum\u00eb gj\u00ebra t\u00eb tjera. P\u00ebr shembull, merrni parasysh t\u00eb vendosni ose varni aksesor\u00eb, veshje ose lodra n\u00eb dhom\u00ebn e foshnj\u00ebs, n\u00eb makin\u00eb ose kur shkoni n\u00eb kamping. Prandaj, Dooky Multi Clips mund t\u00eb p\u00ebrdoret shum\u00eb koh\u00eb pas f\u00ebmij\u00ebris\u00eb!<\/p>\n<p id=\"tw-target-text\" class=\"tw-data-text tw-text-large tw-ta\" dir=\"ltr\" data-placeholder=\"Translation\" aria-label=\"Translated text\" data-ved=\"2ahUKEwil44i04viFAxVuhf0HHd5QCMQQ3ewLegQIEBAU\"><span class=\"Y2IQFc\" lang=\"sq\">Dooky Multi Clips jan\u00eb t\u00eb paketuara p\u00ebr 3 cop\u00eb dhe jan\u00eb b\u00ebr\u00eb nga materiali me cil\u00ebsi t\u00eb lart\u00eb.<\/span><\/p>","protected":false},"excerpt":{"rendered":"<h2>Kap\u00ebse Multifunsionale p\u00ebr Karroc\u00eb<\/h2>\n<p>Mendoni p\u00ebr nj\u00eb kap\u00ebse biberoni, nj\u00eb lod\u00ebr p\u00ebrk\u00ebdhel\u00ebse, nj\u00eb bisht ose nj\u00eb leck\u00eb. Me Dooky Multi Clips mund t\u00eb lidhni edhe nj\u00eb \u00e7ant\u00eb t\u00eb leht\u00eb (pelen\u00eb) n\u00eb karroc\u00ebn tuaj.<br \/>\nP\u00ebrve\u00e7 lidhjes n\u00eb shiritin shtyt\u00ebs t\u00eb nj\u00eb karroce, mund t\u00eb p\u00ebrdorni Multi Clips nga Dooky p\u00ebr shum\u00eb gj\u00ebra t\u00eb tjera. P\u00ebr shembull, merrni parasysh t\u00eb vendosni ose varni aksesor\u00eb, veshje ose lodra n\u00eb dhom\u00ebn e foshnj\u00ebs, n\u00eb makin\u00eb ose kur shkoni n\u00eb kamping. Prandaj, Dooky Multi Clips mund t\u00eb p\u00ebrdoret shum\u00eb koh\u00eb pas f\u00ebmij\u00ebris\u00eb!<\/p>","protected":false},"featured_media":19626,"comment_status":"open","ping_status":"closed","template":"","meta":[],"product_brand":[],"product_cat":[1033],"product_tag":[],"class_list":{"0":"post-19404","1":"product","2":"type-product","3":"status-publish","4":"has-post-thumbnail","6":"product_cat-dooky","8":"first","9":"instock","10":"shipping-taxable","11":"purchasable","12":"product-type-simple"},"jetpack_sharing_enabled":true,"_links":{"self":[{"href":"https:\/\/nakedearth.al\/en\/wp-json\/wp\/v2\/product\/19404","targetHints":{"allow":["GET"]}}],"collection":[{"href":"https:\/\/nakedearth.al\/en\/wp-json\/wp\/v2\/product"}],"about":[{"href":"https:\/\/nakedearth.al\/en\/wp-json\/wp\/v2\/types\/product"}],"replies":[{"embeddable":true,"href":"https:\/\/nakedearth.al\/en\/wp-json\/wp\/v2\/comments?post=19404"}],"wp:featuredmedia":[{"embeddable":true,"href":"https:\/\/nakedearth.al\/en\/wp-json\/wp\/v2\/media\/19626"}],"wp:attachment":[{"href":"https:\/\/nakedearth.al\/en\/wp-json\/wp\/v2\/media?parent=19404"}],"wp:term":[{"taxonomy":"product_brand","embeddable":true,"href":"https:\/\/nakedearth.al\/en\/wp-json\/wp\/v2\/product_brand?post=19404"},{"taxonomy":"product_cat","embeddable":true,"href":"https:\/\/nakedearth.al\/en\/wp-json\/wp\/v2\/product_cat?post=19404"},{"taxonomy":"product_tag","embeddable":true,"href":"https:\/\/nakedearth.al\/en\/wp-json\/wp\/v2\/product_tag?post=19404"}],"curies":[{"name":"wp","href":"https:\/\/api.w.org\/{rel}","templated":true}]}}