{"id":19435,"date":"2024-05-08T11:08:01","date_gmt":"2024-05-08T09:08:01","guid":{"rendered":"https:\/\/nakedearth.al\/?post_type=product&#038;p=19435"},"modified":"2024-06-04T11:10:41","modified_gmt":"2024-06-04T09:10:41","slug":"krem-per-zonen-e-pelenave-75ml","status":"publish","type":"product","link":"https:\/\/nakedearth.al\/en\/product\/krem-per-zonen-e-pelenave-75ml\/","title":{"rendered":"Krem p\u00ebr zon\u00ebn e pelenave &#8211; 75ml"},"content":{"rendered":"<h3><strong>Diaper Cream \u2013 75ml<\/strong><\/h3>\n<p>Krem p\u00ebr zon\u00ebn intime me 0% Parfum p\u00ebr Bebe dhe F\u00ebmij\u00eb<\/p>\n<p>\u2022 Krem p\u00ebr f\u00ebmij\u00eb me p\u00ebrb\u00ebr\u00ebs natyral si oksid zinku, kamomil dhe vitamin\u00eb E<br \/>\n\u2022 Qet\u00ebson dhe riparon irritimet e l\u00ebkur\u00ebs dhe skuqjen e pelenave<br \/>\n\u2022 P\u00ebrdoreni edhe p\u00ebr parandalimin e skuqjes s\u00eb pelen\u00ebs, pas \u00e7do nd\u00ebrrimi t\u00eb pelen\u00ebs<\/p>\n<p><strong>P\u00ebr \u00e7far\u00eb sh\u00ebrben?<\/strong><\/p>\n<p>Nj\u00eb krem zinku p\u00ebr Bebe dhe F\u00ebmij\u00eb i cili ndihmon dhe parandalon skuqjen e pelenave. Pa parfum dhe i p\u00ebrshtatsh\u00ebm p\u00ebr l\u00ebkur\u00eb t\u00eb d\u00ebmtuar.<\/p>\n<p><strong>\u00c7far\u00eb b\u00ebn?<\/strong><\/p>\n<p>Zinku dehidraton l\u00ebkur\u00ebn, e cila \u00ebsht\u00eb pik\u00ebrisht ajo q\u00eb nevojitet p\u00ebr t\u00eb parandaluar ose p\u00ebr t\u2019u kujdesur p\u00ebr skuqjen e pelenave.<\/p>\n<p>Pelenat parandalojn\u00eb qarkullimin e ajrit, duke rezultuar n\u00eb l\u00ebkur\u00eb t\u00eb lag\u00ebsht dhe t\u00eb but\u00eb. Kjo e kombinuar me urinimin dhe jasht\u00ebqitjen e b\u00ebn l\u00ebkur\u00ebn tep\u00ebr t\u00eb ndjeshme ndaj acarimit dhe skuqjes.<\/p>\n<p><strong><em>K\u00ebshill\u00eb<\/em>:<\/strong>\u00a0Pasi t\u00eb keni pastruar, sigurohuni q\u00eb ta lini l\u00ebkur\u00ebn t\u00eb ajroset pak p\u00ebrpara se t\u00eb vishni nj\u00eb pelen\u00eb t\u00eb re.<\/p>\n<p><strong>\u00c7far\u00eb ka n\u00eb t\u00eb dhe \u00e7far\u00eb jo?<\/strong><\/p>\n<p>Kremi yn\u00eb i zinkut nuk p\u00ebrmban parfum apo mikroplastik\u00eb t\u00eb shtuar. Ai p\u00ebrmban nj\u00eb\u00a0<strong>doz\u00eb t\u00eb lart\u00eb t\u00eb oksidit t\u00eb zinkut<\/strong>\u00a0p\u00ebr t\u2019u kujdesur p\u00ebr skuqjen e pelenave dhe ka shtuar\u00a0<strong>vaj bajame<\/strong>\u00a0dhe\u00a0<strong>avokado<\/strong>\u00a0p\u00ebr t\u2019i dh\u00ebn\u00eb nj\u00eb hidratim shtes\u00eb zon\u00ebs intime t\u00eb f\u00ebmij\u00ebs suaj.<\/p>\n<p><strong>P\u00ebrmbajtja<\/strong>: 75 ml<\/p>\n<p><strong>P\u00ebrb\u00ebr\u00ebsit:\u00a0<\/strong>Uj\u00eb, Oksid zinku, triglicerid kaprilik\/kaprik, olivat sorbitan, dipolihidroksistearat poligliceril-2, glicerin\u00eb, sulfat magnezi, fenetil alkool, vaj Prunus Amygdalus Dulcis (Bajame e \u00ebmb\u00ebl), Persea Gratisimail um Vaji i far\u00ebs s\u00eb herbaceum (pambuku), tokoferoli, vaji i farave t\u00eb Helianthus Annuus (luledielli), bisabolol, vaj i hidrogjenizuar i kastorit, glikol kaprilil, propanediol, acid laktik, hidroksid natriumi<\/p>\n<h4><strong>P\u00ebrdorimi:<\/strong><\/h4>\n<p>Para se t\u00eb aplikoni kremin, lani gjithmon\u00eb duart. A keni mbaruar nd\u00ebrrimin e pelen\u00ebs? Hapeni tubin me nj\u00ebr\u00ebn dor\u00eb. Aplikojeni nj\u00eb sasi t\u00eb vog\u00ebl n\u00eb l\u00ebkur\u00ebn e that\u00eb dhe t\u00eb past\u00ebr t\u00eb foshnj\u00ebs. P\u00ebrhapeni leht\u00eb. L\u00ebreni kremin t\u00eb b\u00ebj\u00eb pun\u00ebn e tij. P\u00ebrdoreni p\u00ebr parandalimin e skuqjes s\u00eb pelenave ose p\u00ebr t\u00eb ndihmuar n\u00eb rigjenerimin e l\u00ebkur\u00ebs.<\/p>\n<p><strong>\u00c7far\u00eb e b\u00ebn Na\u00eff t\u00eb ve\u00e7ant\u00eb?<\/strong><\/p>\n<p>N\u00eb Na\u00eff ne duam t\u2019i ndihmojm\u00eb t\u00eb gjith\u00eb prind\u00ebrit t\u00eb kujdesen mir\u00eb p\u00ebr f\u00ebmij\u00ebt e tyre dhe bot\u00ebn ku ata rriten. Ne e b\u00ebjm\u00eb k\u00ebt\u00eb duke prodhuar produkte q\u00eb kan\u00eb m\u00eb pak ndikim n\u00eb mjedis.<\/p>\n<p>Produktet Na\u00eff jan\u00eb:<br \/>\n\u2022 Prodhuar me p\u00ebrb\u00ebr\u00ebs natyral dhe me baz\u00eb bimore<br \/>\n\u2022 Pa SLES, mikroplastik\u00eb dhe 26 nga alergjen\u00ebt m\u00eb t\u00eb zakonsh\u00ebm<br \/>\n\u2022 T\u00eb testuar dermatologjikisht, pa mizori n\u00eb kafsh\u00eb dhe vegan<\/p>","protected":false},"excerpt":{"rendered":"<h2>Krem p\u00ebr zon\u00ebn e pelenave<\/h2>\n<p>Krem zinku p\u00ebr zon\u00ebn intime. Qet\u00ebson dhe freskon l\u00ebkur\u00ebn e kuqe dhe t\u00eb irrituar. Me oksid zinku dhe vajra natyral p\u00ebr nj\u00eb shtres\u00eb shtes\u00eb mbrojt\u00ebse. Nuk p\u00ebrmban vajra minerale, mikroplastik\u00eb dhe parfum.<\/p>","protected":false},"featured_media":19427,"comment_status":"open","ping_status":"closed","template":"","meta":[],"product_brand":[],"product_cat":[1060],"product_tag":[1085,410],"class_list":{"0":"post-19435","1":"product","2":"type-product","3":"status-publish","4":"has-post-thumbnail","6":"product_cat-naif","7":"product_tag-naif","8":"product_tag-waterwipes","10":"first","11":"instock","12":"featured","13":"shipping-taxable","14":"purchasable","15":"product-type-simple"},"jetpack_sharing_enabled":true,"_links":{"self":[{"href":"https:\/\/nakedearth.al\/en\/wp-json\/wp\/v2\/product\/19435","targetHints":{"allow":["GET"]}}],"collection":[{"href":"https:\/\/nakedearth.al\/en\/wp-json\/wp\/v2\/product"}],"about":[{"href":"https:\/\/nakedearth.al\/en\/wp-json\/wp\/v2\/types\/product"}],"replies":[{"embeddable":true,"href":"https:\/\/nakedearth.al\/en\/wp-json\/wp\/v2\/comments?post=19435"}],"wp:featuredmedia":[{"embeddable":true,"href":"https:\/\/nakedearth.al\/en\/wp-json\/wp\/v2\/media\/19427"}],"wp:attachment":[{"href":"https:\/\/nakedearth.al\/en\/wp-json\/wp\/v2\/media?parent=19435"}],"wp:term":[{"taxonomy":"product_brand","embeddable":true,"href":"https:\/\/nakedearth.al\/en\/wp-json\/wp\/v2\/product_brand?post=19435"},{"taxonomy":"product_cat","embeddable":true,"href":"https:\/\/nakedearth.al\/en\/wp-json\/wp\/v2\/product_cat?post=19435"},{"taxonomy":"product_tag","embeddable":true,"href":"https:\/\/nakedearth.al\/en\/wp-json\/wp\/v2\/product_tag?post=19435"}],"curies":[{"name":"wp","href":"https:\/\/api.w.org\/{rel}","templated":true}]}}