{"id":19436,"date":"2024-05-08T11:11:21","date_gmt":"2024-05-08T09:11:21","guid":{"rendered":"https:\/\/nakedearth.al\/?post_type=product&#038;p=19436"},"modified":"2026-02-14T21:17:02","modified_gmt":"2026-02-14T20:17:02","slug":"krem-dielli-mineral-spf-50-100ml","status":"publish","type":"product","link":"https:\/\/nakedearth.al\/en\/product\/krem-dielli-mineral-spf-50-100ml\/","title":{"rendered":"Krem Dielli Mineral &#8211; SPF 50 &#8211; 100ml"},"content":{"rendered":"<h3><strong>High Protection Mineral Sunscreen SPF 50 \u2013 100ml<\/strong><\/h3>\n<p>Mineral Sunscreen SPF50 \u00ebsht\u00eb krem \u200b\u200bkund\u00ebr diellit p\u00ebr bebe dhe f\u00ebmij\u00eb. Filtri UV i bazuar n\u00eb oksid zinku mbron l\u00ebkur\u00ebn menj\u00ebher\u00eb pa acaruar l\u00ebkur\u00ebn.<\/p>\n<p>Filtri UV i bazuar n\u00eb oksid zinku shton nj\u00eb shtres\u00eb mbrojt\u00ebse n\u00eb l\u00ebkur\u00eb e cila reflekton rrezet e diellit. Kjo rezulton n\u00eb efektivitet t\u00eb menj\u00ebhersh\u00ebm kund\u00ebr rrezatimit UVA dhe UVB. Vajrat natyral t\u00eb shtuar e b\u00ebjn\u00eb aplikimin t\u00eb leht\u00eb dhe hidratojn\u00eb l\u00ebkur\u00ebn.<\/p>\n<ul>\n<li>Mbron menj\u00ebher\u00eb nga rrezatimi UVA dhe UVB p\u00ebr l\u00ebkur\u00ebn e foshnjave dhe f\u00ebmij\u00ebve<\/li>\n<li>Formul\u00eb rezistente ndaj ujit<\/li>\n<li>I testuar dermatologjikisht<\/li>\n<li>Pa\u00a0<em>oksibenzon, oktinoksat, oktokrilen, avobenzon<\/em><\/li>\n<\/ul>\n<p>Kremi i diellit Na\u00eff Mineral SPF50 nuk p\u00ebrmban p\u00ebrb\u00ebr\u00ebs si oksibenzon, oktinoksat, oktokrilen, avobenzon. Ne preferojm\u00eb t\u00eb q\u00ebndrojm\u00eb larg k\u00ebtyre p\u00ebrb\u00ebr\u00ebsve. N\u00eb vend t\u00eb k\u00ebsaj kremi kund\u00ebr diellit p\u00ebrmban oksid zinku: nj\u00eb p\u00ebrb\u00ebr\u00ebs natyral q\u00eb shton nj\u00eb shtres\u00eb mbrojt\u00ebse n\u00eb maj\u00eb t\u00eb l\u00ebkur\u00ebs e cila reflekton rrezet e diellit.<\/p>\n<h4><strong>P\u00ebrdorimi:<\/strong><\/h4>\n<p>Tundeni mir\u00eb p\u00ebrpara aplikimit.<\/p>\n<p>Aplikoni nj\u00eb sasi t\u00eb madhe kremi kund\u00ebr diellit n\u00eb m\u00ebnyr\u00eb t\u00eb barabart\u00eb n\u00eb trup dhe fytyr\u00eb p\u00ebrpara se f\u00ebmija juaj t\u00eb dal\u00eb n\u00eb diell.<\/p>\n<p>Mos harroni vesh\u00ebt (dhe pas tyre), duart (dhe n\u00eb mes t\u00eb gishtave) dhe qaf\u00ebn, k\u00ebto pjes\u00eb shpesh harrohen.<\/p>\n<p>Ky krem \u200b\u200bkund\u00ebr diellit ofron mbrojtje t\u00eb menj\u00ebhershme! Riaplikoni \u00e7do dy or\u00eb dhe pas notit p\u00ebr mbrojtje optimale.<\/p>\n<p>Kini parasysh se oksidi i zinkut, dielli dhe uji mund t\u00eb ken\u00eb nj\u00eb efekt dehidratues n\u00eb l\u00ebkur\u00eb. P\u00ebr t\u00eb parandaluar tharjen e l\u00ebkur\u00ebs, ky krem ka t\u00eb shtuar vajra natyral\u00eb.<\/p>\n<p>Kujdes: mbajini sa m\u00eb shum\u00eb foshnjat dhe f\u00ebmij\u00ebt larg diellit.<\/p>\n<h5><strong>P\u00ebrb\u00ebr\u00ebsit:<\/strong><\/h5>\n<p>P\u00ebr t\u00eb garantuar SPF-n\u00eb e kremit kund\u00ebr diellit, \u00ebsht\u00eb shtuar nj\u00eb \u2018p\u00ebrforcues\u2019 t\u00eb b\u00ebr\u00eb nga bis-Etilheksiloksifenol Metoksifenil Triazin\u00eb. Ky \u00ebsht\u00eb nj\u00eb filt\u00ebr UV i gjenerat\u00ebs s\u00eb re q\u00eb nuk dep\u00ebrton n\u00eb l\u00ebkur\u00eb, por q\u00ebndron n\u00eb sip\u00ebrfaqe, gj\u00eb q\u00eb e b\u00ebn t\u00eb sigurt p\u00ebr t\u2019u p\u00ebrdorur edhe n\u00eb l\u00ebkur\u00ebn m\u00eb t\u00eb ndjeshme. Dhe sigurisht q\u00eb nuk \u00ebsht\u00eb e d\u00ebmshme p\u00ebr planetin.<\/p>\n<p>Triglicerid kaprilik\/kaprik, oleat decil, oksid zinku, vaj vegjetal t\u00eb hidrogjenizuar, triglicerid kaprilik\/miristik\/stearik, palmitat dekstrin, koko-kaprilat\/kaprat, triheptanoin\u00eb, vaji i far\u00ebs Ricinus Communis, Bishenxyl, Bishenxyl vaj fera, Acidi polihidroksistearik, parfum\/arom\u00eb, alantoin\u00eb, tokoferol, acid palmitik, vaj i far\u00ebs s\u00eb Helianthus Annuus, Oryzanol, Bisabolol, Pongamol.<\/p>\n<p><strong>M\u00eb shum\u00eb info me filtrat UV?<\/strong><\/p>\n<p>Filtrat UV zakonisht ndahen n\u00eb dy kategori: minerale dhe kimike. Nj\u00eb filt\u00ebr mineral UV rrjedh nga nj\u00eb p\u00ebrb\u00ebr\u00ebs natyral dhe shton nj\u00eb shtres\u00eb mbrojt\u00ebse n\u00eb maj\u00eb t\u00eb l\u00ebkur\u00ebs, nd\u00ebrsa nj\u00eb filt\u00ebr UV jo-mineral \u00ebsht\u00eb b\u00ebr\u00eb n\u00eb laborator dhe dep\u00ebrton n\u00eb l\u00ebkur\u00eb. Shumica e markave t\u00eb kremrave t\u00eb diellit p\u00ebrdorin filtra jo-mineral\u00eb, por k\u00ebta filtra kan\u00eb marr\u00eb nj\u00eb reputacion t\u00eb keq vitet e fundit. Disa nga k\u00ebta filtra UV t\u00eb prodhuar n\u00eb laborator p\u00ebrmbajn\u00eb p\u00ebrb\u00ebr\u00ebs q\u00eb rezultuan t\u00eb jen\u00eb t\u00eb d\u00ebmsh\u00ebm p\u00ebr l\u00ebkur\u00ebn (t\u00eb ndjeshme) ose mjedisin. Kjo \u00ebsht\u00eb arsyeja pse Naif preferon t\u00eb q\u00ebndrojm\u00eb larg p\u00ebrb\u00ebr\u00ebsve t\u00eb m\u00ebposht\u00ebm:<\/p>\n<p>oktinoksat<\/p>\n<p>oktokrilen<\/p>\n<p>oksibenzon<\/p>\n<p>avobenzone<\/p>\n<p>homosalate<\/p>\n<p>butil oktil salicilat<\/p>","protected":false},"excerpt":{"rendered":"<h2>Krem Dielli Mineral &#8211; SPF 50<\/h2>\n<p>Mineral Sunscreen SPF50 \u00ebsht\u00eb krem \u200b\u200bkund\u00ebr diellit p\u00ebr bebe dhe f\u00ebmij\u00eb. Filtri UV i bazuar n\u00eb oksid zinku mbron l\u00ebkur\u00ebn menj\u00ebher\u00eb pa acaruar l\u00ebkur\u00ebn.<\/p>\n<p>Filtri UV i bazuar n\u00eb oksid zinku shton nj\u00eb shtres\u00eb mbrojt\u00ebse n\u00eb l\u00ebkur\u00eb e cila reflekton rrezet e diellit. Kjo rezulton n\u00eb efektivitet t\u00eb menj\u00ebhersh\u00ebm kund\u00ebr rrezatimit UVA dhe UVB. Vajrat natyral t\u00eb shtuar e b\u00ebjn\u00eb aplikimin t\u00eb leht\u00eb dhe hidratojn\u00eb l\u00ebkur\u00ebn.<\/p>","protected":false},"featured_media":19431,"comment_status":"open","ping_status":"closed","template":"","meta":[],"product_brand":[],"product_cat":[1060],"product_tag":[1086],"class_list":{"0":"post-19436","1":"product","2":"type-product","3":"status-publish","4":"has-post-thumbnail","6":"product_cat-naif","7":"product_tag-sunscreen","9":"first","10":"instock","11":"featured","12":"shipping-taxable","13":"purchasable","14":"product-type-simple"},"jetpack_sharing_enabled":true,"_links":{"self":[{"href":"https:\/\/nakedearth.al\/en\/wp-json\/wp\/v2\/product\/19436","targetHints":{"allow":["GET"]}}],"collection":[{"href":"https:\/\/nakedearth.al\/en\/wp-json\/wp\/v2\/product"}],"about":[{"href":"https:\/\/nakedearth.al\/en\/wp-json\/wp\/v2\/types\/product"}],"replies":[{"embeddable":true,"href":"https:\/\/nakedearth.al\/en\/wp-json\/wp\/v2\/comments?post=19436"}],"wp:featuredmedia":[{"embeddable":true,"href":"https:\/\/nakedearth.al\/en\/wp-json\/wp\/v2\/media\/19431"}],"wp:attachment":[{"href":"https:\/\/nakedearth.al\/en\/wp-json\/wp\/v2\/media?parent=19436"}],"wp:term":[{"taxonomy":"product_brand","embeddable":true,"href":"https:\/\/nakedearth.al\/en\/wp-json\/wp\/v2\/product_brand?post=19436"},{"taxonomy":"product_cat","embeddable":true,"href":"https:\/\/nakedearth.al\/en\/wp-json\/wp\/v2\/product_cat?post=19436"},{"taxonomy":"product_tag","embeddable":true,"href":"https:\/\/nakedearth.al\/en\/wp-json\/wp\/v2\/product_tag?post=19436"}],"curies":[{"name":"wp","href":"https:\/\/api.w.org\/{rel}","templated":true}]}}