{"id":19437,"date":"2024-05-08T11:13:59","date_gmt":"2024-05-08T09:13:59","guid":{"rendered":"https:\/\/nakedearth.al\/?post_type=product&#038;p=19437"},"modified":"2026-02-14T20:28:11","modified_gmt":"2026-02-14T19:28:11","slug":"krem-qetesues-mbas-dielli-100ml","status":"publish","type":"product","link":"https:\/\/nakedearth.al\/en\/product\/krem-qetesues-mbas-dielli-100ml\/","title":{"rendered":"Krem qet\u00ebsues mbas dielli &#8211; 100ml"},"content":{"rendered":"<h3><strong>Cooling Aftersun 100ml<\/strong><\/h3>\n<p>Xheli Na\u00eff Cooling AfterSun\u00a0<strong><em>zbut<\/em><\/strong>,\u00a0<strong><em>hidraton<\/em><\/strong>\u00a0dhe<strong><em>\u00a0rigjeneron<\/em><\/strong>\u00a0l\u00ebkur\u00ebn pas nj\u00eb dite me diell. Aty ku p\u00ebrdorni nj\u00eb krem kund\u00ebr diellit p\u00ebr q\u00ebllime paraprake, p\u00ebrdorni nj\u00eb krem pas diellit m\u00eb pas. Si nj\u00eb akullore pas nj\u00eb pako patate t\u00eb skuqura n\u00eb nj\u00eb dit\u00eb t\u00eb nxeht\u00eb. Aloe Vera siguron ftohje dhe rigjenerim, nd\u00ebrsa glicerin\u00eb p\u00ebr hidratim. Kjo e mban edhe l\u00ebkur\u00ebn m\u00eb t\u00eb ndjeshme t\u00eb but\u00eb. Ajo q\u00eb l\u00ebkura ka nevoj\u00eb pas ekspozimit ndaj rrezeve UV. Gjithashtu e bukur: p\u00ebrthithet shpejt dhe nuk l\u00eb nj\u00eb shtres\u00eb ngjit\u00ebse. Meq\u00eb ra fjala, a e dini se mund ta p\u00ebrdorni xhelin pas diellit edhe n\u00ebse nuk jeni djegur nga dielli? Thjesht p\u00ebr t\u00eb hidratuar. N\u00ebse l\u00ebkura juaj ka pasur shum\u00eb p\u00ebr t\u00eb duruar, ose \u00ebsht\u00eb djegur, at\u00ebher\u00eb m\u00eb mir\u00eb zgjidhni\u00a0 nj\u00eb xhel sesa nj\u00eb produkt me baz\u00eb vaji p\u00ebr shembull. Sepse n\u00eb k\u00ebt\u00eb m\u00ebnyr\u00eb, \u00ebsht\u00eb m\u00eb e leht\u00eb q\u00eb nxeht\u00ebsia t\u00eb largohet nga l\u00ebkura. T\u00eb gjitha produktet Na\u00eff jan\u00eb vegane, t\u00eb prodhuara me nj\u00eb arom\u00eb delikate dhe t\u00eb testuar dermatologjikisht, pa 26 alergjen\u00ebt m\u00eb t\u00eb zakonsh\u00ebm. Ato gjithashtu nuk p\u00ebrmbajn\u00eb SLES ose mikroplastik\u00eb. Tubet\u00ebt jan\u00eb b\u00ebr\u00eb nga bioplastika me baz\u00eb kallam sheqeri.<\/p>\n<p><em><strong>Hulumtimet shkencore tregojn\u00eb se Aloe Vera ka nj\u00eb efekt qet\u00ebsues pas acarimit nga rrezatimi UV. Pra, f\u00ebrkojeni!<\/strong><\/em><\/p>\n<p>Xhel ftoh\u00ebs pas ekspozimit n\u00eb diell<\/p>\n<p>\u2022 Me p\u00ebrb\u00ebr\u00ebs natyral si aloe vera dhe glicerin\u00eb vegjetale<br \/>\n\u2022 Pa mikroplastik\u00eb dhe vajra minerale<br \/>\n\u2022 I testuar dermatologjikisht<\/p>\n<h4><strong>P\u00ebrdorimi<\/strong><\/h4>\n<p>Aplikojeni me boll\u00ebk pas ekspozimit n\u00eb diell. Sidomos n\u00eb zonat q\u00eb kan\u00eb pasur shum\u00eb kontakt me diellin. P\u00ebrs\u00ebriteni n\u00ebse l\u00ebkura \u00ebsht\u00eb ende e that\u00eb.<\/p>\n<p>K\u00ebshill\u00eb: Mbajeni xhelin n\u00eb frigorifer, q\u00eb t\u00eb jet\u00eb ekstra ftoh\u00ebs.<\/p>\n<h4><strong>P\u00ebrb\u00ebr\u00ebsit:<\/strong><br \/>\nUj\u00eb, Glicerin\u00eb, Metilpropanediol, Alkool Cetearyl, Alkool Cetyl, Citrat Gliceril Stearat, Parfum\/Arom\u00eb, Pluhur me l\u00ebng gjethesh Aloe Barbadensis, Allantoin, Kaprilyl Glikol, Phenilpropanol, \u00c7am\u00e7ak\u00ebz ksanthan Acid Laktik, Soktik<\/h4>\n<p><strong>\u00c7far\u00eb e b\u00ebn Na\u00eff-in t\u00eb ve\u00e7ant\u00eb<\/strong><\/p>\n<p>N\u00eb Na\u00eff ne duam t\u00eb ndihmojm\u00eb t\u00eb gjith\u00eb prind\u00ebrit t\u00eb kujdesen mir\u00eb p\u00ebr f\u00ebmij\u00ebt e tyre dhe planetin,<br \/>\npa u shqet\u00ebsuar.<\/p>\n<p>Produktet Na\u00eff jan\u00eb:<br \/>\n\u2022 Prodhuar me p\u00ebrb\u00ebr\u00ebs natyral dhe me baz\u00eb bimore<br \/>\n\u2022 Pa SLES, mikroplastik\u00eb dhe 26 nga alergjen\u00ebt m\u00eb t\u00eb zakonsh\u00ebm<br \/>\n\u2022 T\u00eb testuar dermatologjikisht, pa mizori n\u00eb kafsh\u00eb dhe vegan<\/p>","protected":false},"excerpt":{"rendered":"<h2>Krem qet\u00ebsues mbas dielli &#8211; 100ml<\/h2>\n<p>Xheli Na\u00eff Cooling AfterSun\u00a0<strong><em>zbut<\/em><\/strong>,\u00a0<strong><em>hidraton<\/em><\/strong>\u00a0dhe<strong><em>\u00a0rigjeneron<\/em><\/strong>\u00a0l\u00ebkur\u00ebn pas nj\u00eb dite me diell. Aty ku p\u00ebrdorni nj\u00eb krem kund\u00ebr diellit p\u00ebr q\u00ebllime paraprake, p\u00ebrdorni nj\u00eb krem pas diellit m\u00eb pas.<\/p>","protected":false},"featured_media":19421,"comment_status":"open","ping_status":"closed","template":"","meta":[],"product_brand":[],"product_cat":[1060],"product_tag":[1086],"class_list":{"0":"post-19437","1":"product","2":"type-product","3":"status-publish","4":"has-post-thumbnail","6":"product_cat-naif","7":"product_tag-sunscreen","9":"first","10":"instock","11":"featured","12":"shipping-taxable","13":"purchasable","14":"product-type-simple"},"jetpack_sharing_enabled":true,"_links":{"self":[{"href":"https:\/\/nakedearth.al\/en\/wp-json\/wp\/v2\/product\/19437","targetHints":{"allow":["GET"]}}],"collection":[{"href":"https:\/\/nakedearth.al\/en\/wp-json\/wp\/v2\/product"}],"about":[{"href":"https:\/\/nakedearth.al\/en\/wp-json\/wp\/v2\/types\/product"}],"replies":[{"embeddable":true,"href":"https:\/\/nakedearth.al\/en\/wp-json\/wp\/v2\/comments?post=19437"}],"wp:featuredmedia":[{"embeddable":true,"href":"https:\/\/nakedearth.al\/en\/wp-json\/wp\/v2\/media\/19421"}],"wp:attachment":[{"href":"https:\/\/nakedearth.al\/en\/wp-json\/wp\/v2\/media?parent=19437"}],"wp:term":[{"taxonomy":"product_brand","embeddable":true,"href":"https:\/\/nakedearth.al\/en\/wp-json\/wp\/v2\/product_brand?post=19437"},{"taxonomy":"product_cat","embeddable":true,"href":"https:\/\/nakedearth.al\/en\/wp-json\/wp\/v2\/product_cat?post=19437"},{"taxonomy":"product_tag","embeddable":true,"href":"https:\/\/nakedearth.al\/en\/wp-json\/wp\/v2\/product_tag?post=19437"}],"curies":[{"name":"wp","href":"https:\/\/api.w.org\/{rel}","templated":true}]}}