{"id":19641,"date":"2024-06-20T10:33:55","date_gmt":"2024-06-20T08:33:55","guid":{"rendered":"https:\/\/nakedearth.al\/?post_type=product&#038;p=19641"},"modified":"2025-04-30T14:54:41","modified_gmt":"2025-04-30T12:54:41","slug":"syze-dielli-te-polarizuara-jamaica-3-7-vjec","status":"publish","type":"product","link":"https:\/\/nakedearth.al\/en\/product\/syze-dielli-te-polarizuara-jamaica-3-7-vjec\/","title":{"rendered":"Syze dielli t\u00eb polarizuara \u2013 Jamaica 3-7 vje\u00e7"},"content":{"rendered":"<h3>K\u00ebt\u00eb ver\u00eb, zgjidhni syzet Dooky p\u00ebr f\u00ebmij\u00ebt tuaj.<\/h3>\n<p>Kudo q\u00eb t\u00eb dilni n\u00eb diell, sigurohuni q\u00eb syt\u00eb e f\u00ebmij\u00ebs suaj t\u00eb mbrohen me mbrojtje t\u00eb mir\u00eb UV-400. Syzet kan\u00eb 100% bllokues t\u00eb drit\u00ebs UV dhe jan\u00eb t\u00eb kategoris\u00eb 3, q\u00eb do t\u00eb thot\u00eb se mbrojn\u00eb nga rrezet e forta t\u00eb diellit deri n\u00eb UV 400. K\u00ebto syze dielli t\u00eb polarizuara ofrojn\u00eb mbrojtjen e nevojshme p\u00ebr f\u00ebmij\u00ebt nga 3 deri n\u00eb 7 vje\u00e7. Skeleti ultra fleksib\u00ebl siguron nj\u00eb p\u00ebrshtatje t\u00eb p\u00ebrsosur dhe t\u00eb rehatshme. Lentet jan\u00eb rezistente ndaj g\u00ebrvishtjeve dhe antireflektuese, gj\u00eb q\u00eb siguron q\u00eb syzet t\u00eb jen\u00eb t\u00eb p\u00ebrshtatshme p\u00ebr shum\u00eb momente. Zgjidhni gam\u00ebn Dooky Jamaica n\u00ebse k\u00ebrkoni syze q\u00eb kombinojn\u00eb stilin dhe mbrojtjen.<\/p>\n<h4>Syzet e diellit Dooky kan\u00eb k\u00ebto karakteristika :<\/h4>\n<ul>\n<li>Korniz\u00eb e syzeve t\u00eb diellit me lente pasqyr\u00eb t\u00eb polarizuara<\/li>\n<li>T\u00eb p\u00ebrkulshme<\/li>\n<li>K\u00ebll\u00ebf mbrojt\u00ebs n\u00eb t\u00eb nj\u00ebjt\u00ebn ngjyr\u00eb me syzet e diellit<\/li>\n<li>T\u00eb p\u00ebrshtatshme nga\u00a0<strong><em>3-7 vje\u00e7<\/em><\/strong><\/li>\n<li>Lente pasqyr\u00eb\u00a0<em><strong>100% t\u00eb polarizuara<\/strong><\/em><\/li>\n<li>Kat.3: Mbrojtje UV-400<\/li>\n<li>Skeleti i pathyesh\u00ebm<\/li>\n<li>1 vit garanci<\/li>\n<li>Lente rezistente ndaj g\u00ebrvishtjeve<\/li>\n<li>Antireflektues<\/li>\n<li>P\u00ebr ver\u00eb dhe dim\u00ebr (sportive)<\/li>\n<li>P\u00ebrmbush standardet globale t\u00eb siguris\u00eb (EN ISO 12312-1:2013(A1:2015), ANSI Z80.3:2018 and AS\/NZS 1067.1:2016)<\/li>\n<\/ul>\n<h5>Dimensionet:<br \/>\n\u2013 Gjer\u00ebsia: 11.1 cm<br \/>\n\u2013 Shtyllat(bishti): 12.5 cm<br \/>\n\u2013 Lart\u00ebsia: 4.6 cm<br \/>\nB\u00ebr\u00eb me:<br \/>\n\u2013 Lentet: TAC<br \/>\n\u2013 Skeleti i syzeve t\u00eb diellit: TPE<\/h5>\n<p>Modeli:\u00a0<em><strong>Jamaica<\/strong><\/em><\/p>","protected":false},"excerpt":{"rendered":"<h2>Syze dielli p\u00ebr f\u00ebmij\u00eb<\/h2>\n<p>\u00cbsht\u00eb koha p\u00ebr pushimet verore s\u00ebrish! Syzet e diellit\u00a0t\u00eb polarizuara nga Dooky\u00a0jan\u00eb t\u00eb shk\u00eblqyera p\u00ebr t\u00eb vegjlit, me skelet t\u00eb p\u00ebrkulsh\u00ebm q\u00eb i b\u00ebjn\u00eb ato ekstra rezistent ndaj d\u00ebmtimeve nd\u00ebrsa mbrojn\u00eb syt\u00eb e tyre nga rrezet e diellit.<br \/>\nSyzet e diellit Dooky p\u00ebr f\u00ebmij\u00eb, mbrojn\u00eb 100% syt\u00eb nga rrezet UV t\u00eb\u00a0drit\u00ebs.<\/p>","protected":false},"featured_media":19632,"comment_status":"open","ping_status":"closed","template":"","meta":[],"product_brand":[],"product_cat":[1033],"product_tag":[],"class_list":{"0":"post-19641","1":"product","2":"type-product","3":"status-publish","4":"has-post-thumbnail","6":"product_cat-dooky","8":"first","9":"instock","10":"shipping-taxable","11":"purchasable","12":"product-type-variable"},"jetpack_sharing_enabled":true,"_links":{"self":[{"href":"https:\/\/nakedearth.al\/en\/wp-json\/wp\/v2\/product\/19641","targetHints":{"allow":["GET"]}}],"collection":[{"href":"https:\/\/nakedearth.al\/en\/wp-json\/wp\/v2\/product"}],"about":[{"href":"https:\/\/nakedearth.al\/en\/wp-json\/wp\/v2\/types\/product"}],"replies":[{"embeddable":true,"href":"https:\/\/nakedearth.al\/en\/wp-json\/wp\/v2\/comments?post=19641"}],"wp:featuredmedia":[{"embeddable":true,"href":"https:\/\/nakedearth.al\/en\/wp-json\/wp\/v2\/media\/19632"}],"wp:attachment":[{"href":"https:\/\/nakedearth.al\/en\/wp-json\/wp\/v2\/media?parent=19641"}],"wp:term":[{"taxonomy":"product_brand","embeddable":true,"href":"https:\/\/nakedearth.al\/en\/wp-json\/wp\/v2\/product_brand?post=19641"},{"taxonomy":"product_cat","embeddable":true,"href":"https:\/\/nakedearth.al\/en\/wp-json\/wp\/v2\/product_cat?post=19641"},{"taxonomy":"product_tag","embeddable":true,"href":"https:\/\/nakedearth.al\/en\/wp-json\/wp\/v2\/product_tag?post=19641"}],"curies":[{"name":"wp","href":"https:\/\/api.w.org\/{rel}","templated":true}]}}