{"id":19927,"date":"2024-08-13T11:51:43","date_gmt":"2024-08-13T09:51:43","guid":{"rendered":"https:\/\/nakedearth.al\/?post_type=product&#038;p=19927"},"modified":"2024-08-13T11:51:43","modified_gmt":"2024-08-13T09:51:43","slug":"shampo-loder-vaske-falas-waterwipes","status":"publish","type":"product","link":"https:\/\/nakedearth.al\/en\/product\/shampo-loder-vaske-falas-waterwipes\/","title":{"rendered":"Shampo + Lod\u00ebr vaske = FALAS WaterWipes"},"content":{"rendered":"<h3>Ulje: 4000 lek nhga 5190 lek<\/h3>\n<h4>Shampo + Lod\u00ebr vaske = FALAS WaterWipes<\/h4>\n<p>Shampo besteller nga Kokoso Baby, e duhura p\u00ebr bebushin tuaj! Gjithashtu nj\u00eb lod\u00ebr arg\u00ebtuese gjat\u00eb koh\u00ebs t\u00eb larjes. FALAS WaterWipes!<\/p>","protected":false},"excerpt":{"rendered":"<h2>Shampo + Lod\u00ebr vaske = FALAS WaterWipes<\/h2>\n<p>Shampo besteller nga Kokoso Baby, e duhura p\u00ebr bebushin tuaj! Gjithashtu nj\u00eb lod\u00ebr arg\u00ebtuese gjat\u00eb koh\u00ebs t\u00eb larjes. FALAS WaterWipes!<\/p>","protected":false},"featured_media":19915,"comment_status":"open","ping_status":"closed","template":"","meta":[],"product_brand":[],"product_cat":[866],"product_tag":[],"class_list":{"0":"post-19927","1":"product","2":"type-product","3":"status-publish","4":"has-post-thumbnail","6":"product_cat-box","8":"first","9":"instock","10":"sale","11":"shipping-taxable","12":"purchasable","13":"product-type-simple"},"jetpack_sharing_enabled":true,"_links":{"self":[{"href":"https:\/\/nakedearth.al\/en\/wp-json\/wp\/v2\/product\/19927","targetHints":{"allow":["GET"]}}],"collection":[{"href":"https:\/\/nakedearth.al\/en\/wp-json\/wp\/v2\/product"}],"about":[{"href":"https:\/\/nakedearth.al\/en\/wp-json\/wp\/v2\/types\/product"}],"replies":[{"embeddable":true,"href":"https:\/\/nakedearth.al\/en\/wp-json\/wp\/v2\/comments?post=19927"}],"wp:featuredmedia":[{"embeddable":true,"href":"https:\/\/nakedearth.al\/en\/wp-json\/wp\/v2\/media\/19915"}],"wp:attachment":[{"href":"https:\/\/nakedearth.al\/en\/wp-json\/wp\/v2\/media?parent=19927"}],"wp:term":[{"taxonomy":"product_brand","embeddable":true,"href":"https:\/\/nakedearth.al\/en\/wp-json\/wp\/v2\/product_brand?post=19927"},{"taxonomy":"product_cat","embeddable":true,"href":"https:\/\/nakedearth.al\/en\/wp-json\/wp\/v2\/product_cat?post=19927"},{"taxonomy":"product_tag","embeddable":true,"href":"https:\/\/nakedearth.al\/en\/wp-json\/wp\/v2\/product_tag?post=19927"}],"curies":[{"name":"wp","href":"https:\/\/api.w.org\/{rel}","templated":true}]}}