{"id":19928,"date":"2024-08-13T11:55:02","date_gmt":"2024-08-13T09:55:02","guid":{"rendered":"https:\/\/nakedearth.al\/?post_type=product&#038;p=19928"},"modified":"2024-08-13T11:55:02","modified_gmt":"2024-08-13T09:55:02","slug":"rrobdishamber-loder-vaske-falas-waterwipes","status":"publish","type":"product","link":"https:\/\/nakedearth.al\/en\/product\/rrobdishamber-loder-vaske-falas-waterwipes\/","title":{"rendered":"Rrobdishamb\u00ebr + Lod\u00ebr Vaske = FALAS WaterWipes"},"content":{"rendered":"<h3>Ulje: 5800 lek nga 6890 lek<\/h3>\n<h4>Rrobdishamb\u00ebr + Lod\u00ebr Vaske = FALAS WaterWipes<\/h4>\n<p>Rrobdishamb\u00ebr i mrekulluesh\u00ebm, i but\u00eb, q\u00eb thith lag\u00ebshtin\u00eb, \u00ebsht\u00eb b\u00ebr\u00eb nga 100% pambuk organik. Seti i rr\u00ebshqitjes s\u00eb Bathtime Matchstick Monkey inkurajon zhvillimin e hersh\u00ebm t\u00eb koordinimit sy-dor\u00eb. FALAS patjeter WaterWipes.<\/p>","protected":false},"excerpt":{"rendered":"<h2>Rrobdishamb\u00ebr + Lod\u00ebr Vaske = FALAS WaterWipes<\/h2>\n<p>Rrobdishamb\u00ebr i mrekulluesh\u00ebm, i but\u00eb, q\u00eb thith lag\u00ebshtin\u00eb, \u00ebsht\u00eb b\u00ebr\u00eb nga 100% pambuk organik. Seti i rr\u00ebshqitjes s\u00eb Bathtime Matchstick Monkey inkurajon zhvillimin e hersh\u00ebm t\u00eb koordinimit sy-dor\u00eb. FALAS patjeter WaterWipes.<\/p>","protected":false},"featured_media":19916,"comment_status":"open","ping_status":"closed","template":"","meta":[],"product_brand":[],"product_cat":[866],"product_tag":[],"class_list":{"0":"post-19928","1":"product","2":"type-product","3":"status-publish","4":"has-post-thumbnail","6":"product_cat-box","8":"first","9":"instock","10":"sale","11":"shipping-taxable","12":"purchasable","13":"product-type-simple"},"jetpack_sharing_enabled":true,"_links":{"self":[{"href":"https:\/\/nakedearth.al\/en\/wp-json\/wp\/v2\/product\/19928","targetHints":{"allow":["GET"]}}],"collection":[{"href":"https:\/\/nakedearth.al\/en\/wp-json\/wp\/v2\/product"}],"about":[{"href":"https:\/\/nakedearth.al\/en\/wp-json\/wp\/v2\/types\/product"}],"replies":[{"embeddable":true,"href":"https:\/\/nakedearth.al\/en\/wp-json\/wp\/v2\/comments?post=19928"}],"wp:featuredmedia":[{"embeddable":true,"href":"https:\/\/nakedearth.al\/en\/wp-json\/wp\/v2\/media\/19916"}],"wp:attachment":[{"href":"https:\/\/nakedearth.al\/en\/wp-json\/wp\/v2\/media?parent=19928"}],"wp:term":[{"taxonomy":"product_brand","embeddable":true,"href":"https:\/\/nakedearth.al\/en\/wp-json\/wp\/v2\/product_brand?post=19928"},{"taxonomy":"product_cat","embeddable":true,"href":"https:\/\/nakedearth.al\/en\/wp-json\/wp\/v2\/product_cat?post=19928"},{"taxonomy":"product_tag","embeddable":true,"href":"https:\/\/nakedearth.al\/en\/wp-json\/wp\/v2\/product_tag?post=19928"}],"curies":[{"name":"wp","href":"https:\/\/api.w.org\/{rel}","templated":true}]}}