{"id":19929,"date":"2024-08-13T11:58:11","date_gmt":"2024-08-13T09:58:11","guid":{"rendered":"https:\/\/nakedearth.al\/?post_type=product&#038;p=19929"},"modified":"2024-08-13T11:58:11","modified_gmt":"2024-08-13T09:58:11","slug":"oferte-furce-paste-organike","status":"publish","type":"product","link":"https:\/\/nakedearth.al\/en\/product\/oferte-furce-paste-organike\/","title":{"rendered":"Ofert\u00eb: Fur\u00e7\u00eb + Past\u00eb Organike"},"content":{"rendered":"<div id=\"primary\" class=\"content-area\"><main id=\"main\" class=\"site-main\" role=\"main\"><\/p>\n<div class=\"container ip-p-c\">\n<div class=\"row\">\n<div class=\"col-md-12\">\n<div id=\"product-19921\" class=\"product type-product post-19921 status-publish first instock product_cat-box has-post-thumbnail sale shipping-taxable purchasable product-type-simple\">\n<div class=\"row\">\n<div class=\"woocommerce-tabs wc-tabs-wrapper\">\n<div id=\"tab-description\" class=\"woocommerce-Tabs-panel woocommerce-Tabs-panel--description panel entry-content wc-tab col-md-10 col-md-offset-1 current\" role=\"tabpanel\" data-title=\"P\u00ebrshkrim\" aria-labelledby=\"tab-title-description\">\n<h3>Ulje: 1350 nga 1500 lek<\/h3>\n<h4>Ofert\u00eb: Fur\u00e7\u00eb + Past\u00eb Organike<\/h4>\n<p>Bestseller me past\u00ebn organike pa nevoj\u00eb shp\u00ebrlarje dhe fur\u00e7\u00eb t\u00eb but\u00eb. 9 shije t\u00eb ndryshme frutash p\u00ebr t\u00eb gjetur shijen e preferuar t\u00eb f\u00ebmij\u00ebve tuaj.<\/p>\n<p>*Zgjidheni shijen sipas d\u00ebshir\u00ebs tuaj!<\/p>\n<div class=\"conv-place conv-place_after_post\"><\/div>\n<\/div>\n<\/div>\n<\/div>\n<\/div>\n<\/div>\n<\/div>\n<\/div>\n<p><\/main><\/div>\n<footer id=\"footer\" class=\"footer--default\">\n<div class=\"wrap\">\n<div class=\"container\">\n<div class=\"footer-sidebar\">\n<div class=\"footer-sidebar__wrap\">\n<div class=\"widget footer-widget\">\n<div class=\"contacts\"><\/div>\n<\/div>\n<\/div>\n<\/div>\n<\/div>\n<\/div>\n<\/footer>","protected":false},"excerpt":{"rendered":"<h2>Ofert\u00eb: Fur\u00e7\u00eb + Past\u00eb Organike<\/h2>\n<p>Bestseller me past\u00ebn organike pa nevoj\u00eb shp\u00ebrlarje dhe fur\u00e7\u00eb t\u00eb but\u00eb. 9 shije t\u00eb ndryshme frutash p\u00ebr t\u00eb gjetur shijen e preferuar t\u00eb f\u00ebmij\u00ebve tuaj.<\/p>","protected":false},"featured_media":19917,"comment_status":"open","ping_status":"closed","template":"","meta":[],"product_brand":[],"product_cat":[866],"product_tag":[],"class_list":{"0":"post-19929","1":"product","2":"type-product","3":"status-publish","4":"has-post-thumbnail","6":"product_cat-box","8":"first","9":"instock","10":"sale","11":"shipping-taxable","12":"purchasable","13":"product-type-simple"},"jetpack_sharing_enabled":true,"_links":{"self":[{"href":"https:\/\/nakedearth.al\/en\/wp-json\/wp\/v2\/product\/19929","targetHints":{"allow":["GET"]}}],"collection":[{"href":"https:\/\/nakedearth.al\/en\/wp-json\/wp\/v2\/product"}],"about":[{"href":"https:\/\/nakedearth.al\/en\/wp-json\/wp\/v2\/types\/product"}],"replies":[{"embeddable":true,"href":"https:\/\/nakedearth.al\/en\/wp-json\/wp\/v2\/comments?post=19929"}],"wp:featuredmedia":[{"embeddable":true,"href":"https:\/\/nakedearth.al\/en\/wp-json\/wp\/v2\/media\/19917"}],"wp:attachment":[{"href":"https:\/\/nakedearth.al\/en\/wp-json\/wp\/v2\/media?parent=19929"}],"wp:term":[{"taxonomy":"product_brand","embeddable":true,"href":"https:\/\/nakedearth.al\/en\/wp-json\/wp\/v2\/product_brand?post=19929"},{"taxonomy":"product_cat","embeddable":true,"href":"https:\/\/nakedearth.al\/en\/wp-json\/wp\/v2\/product_cat?post=19929"},{"taxonomy":"product_tag","embeddable":true,"href":"https:\/\/nakedearth.al\/en\/wp-json\/wp\/v2\/product_tag?post=19929"}],"curies":[{"name":"wp","href":"https:\/\/api.w.org\/{rel}","templated":true}]}}