{"id":20290,"date":"2025-03-17T09:53:47","date_gmt":"2025-03-17T08:53:47","guid":{"rendered":"https:\/\/nakedearth.al\/?post_type=product&#038;p=20290"},"modified":"2026-02-14T22:00:43","modified_gmt":"2026-02-14T21:00:43","slug":"sonisk-spray-oral","status":"publish","type":"product","link":"https:\/\/nakedearth.al\/en\/product\/sonisk-spray-oral\/","title":{"rendered":"Sonisk &#8211; Spray Oral"},"content":{"rendered":"<h2>Sonisk &#8211; Sprej Oral<\/h2>\n<p>P\u00ebrjetoni besimin e frym\u00ebmarrjes s\u00eb fresk\u00ebt n\u00eb l\u00ebvizje me sprejin ton\u00eb inovativ. Formuluar nga eksperti i njohur dentar, Profesor Dr. Edward Lynch, spraji yn\u00eb ofron nj\u00eb shp\u00ebrthim t\u00eb menj\u00ebhersh\u00ebm freskie, duke p\u00ebrdorur nj\u00eb p\u00ebrzierje p\u00ebrb\u00ebr\u00ebsish natyral q\u00eb ndihmojn\u00eb n\u00eb neutralizimin e aromave dhe promovojn\u00eb higjien\u00ebn orale. Kompakt dhe i p\u00ebrshtatsh\u00ebm, \u00ebsht\u00eb shoq\u00ebruesi i p\u00ebrsosur p\u00ebr ato dit\u00eb t\u00eb ngarkuara kur d\u00ebshironi t\u00eb siguroni q\u00eb fryma juaj t\u00eb mbetet e fresk\u00ebt, pavar\u00ebsisht se ku jeni.<\/p>\n<ul>\n<li><em>P\u00cbR FRESKI Q\u00cb ZGJAT<\/em>\u00a0\u2013 Projektuar p\u00ebr t\u00eb ofruar nj\u00eb zgjidhje gjith\u00ebp\u00ebrfshir\u00ebse p\u00ebr nevojat tuaja t\u00eb higjien\u00ebs orale. I p\u00ebrkryer p\u00ebr p\u00ebrdorim t\u00eb p\u00ebrditsh\u00ebm, ndihmon n\u00eb ruajtjen e ekuilibrit t\u00eb mbrojtjeve natyrore t\u00eb goj\u00ebs suaj, duke nxitur nj\u00eb ndjenj\u00eb freskie dhe past\u00ebrtie gjat\u00eb gjith\u00eb dit\u00ebs.<\/li>\n<li><em>LUFTON KUND\u00cbR PLLAK\u00cbS BAKTERIALE\u00a0<\/em>\u00a0\u2013 I b\u00ebr\u00eb me 26 p\u00ebrb\u00ebr\u00ebs aktiv\u00eb dhe vajra esencial, Sonisk Mouthwash lufton n\u00eb m\u00ebnyr\u00eb efektive kund\u00ebr pllak\u00ebs bakteriale, er\u00ebs s\u00eb keqe dhe problemeve me mishrat e dh\u00ebmb\u00ebve duke siguruar nj\u00eb goj\u00eb t\u00eb fresk\u00ebt dhe t\u00eb sh\u00ebndetshme.<\/li>\n<li><em>P\u00cbRB\u00cbR\u00cbS T\u00cb CIL\u00cbSIS\u00cb S\u00cb LART\u00cb<\/em>\u00a0\u2013 Me p\u00ebrzgjedhje t\u00eb kujdesshme p\u00ebr t\u00eb ofruar nj\u00eb eksperienc\u00eb t\u00eb but\u00eb, por efektive pastrimi dhe freskuese p\u00ebr goj\u00ebn tuaj. Ne besojm\u00eb n\u00eb mb\u00ebshtetjen e sh\u00ebndetit oral optimal, kjo \u00ebsht\u00eb arsyeja pse ne kemi krijuar nj\u00eb formul\u00eb q\u00eb jo vet\u00ebm \u00ebsht\u00eb e sigurt dhe efektive, por ju po i jepni goj\u00ebs tuaj kujdesin dhe v\u00ebmendjen q\u00eb meriton.<\/li>\n<li><em>PAKETIM INOVATIV<\/em>\u00a0\u2013 I b\u00ebr\u00eb nga alumini 100% i ricikluesh\u00ebm, ambalazhi i err\u00ebt bllokon drit\u00ebn, oksigjenin dhe lag\u00ebshtin\u00eb nga produkti. Ky lloj paketimi k\u00ebrkon m\u00eb pak energji n\u00eb prodhim sesa materialet e tjera.<\/li>\n<li><em>I REKOMANDUAR NGA DENTIST\u00cbT<\/em>\u00a0\u2013 E gjith\u00eb gama e kujdesit oral Sonisk \u00ebsht\u00eb e rekomanduar nga dentisti. N\u00eb Sonisk, ne e dim\u00eb se m\u00eb mir\u00eb \u00ebsht\u00eb gjithmon\u00eb e mundur dhe partneriteti me ekspertin stomatologjik lider n\u00eb bot\u00eb, Prof Dr. Edward Lynch na ka ndihmuar t\u00eb krijojm\u00eb produktet m\u00eb t\u00eb sigurta dhe m\u00eb efektive t\u00eb sh\u00ebndetit oral.<\/li>\n<\/ul>\n<h3>Specifikimet:<\/h3>\n<p>26 P\u00ebrb\u00ebr\u00ebs aktiv kryesor, duke p\u00ebrfshir\u00eb vajrat esencial<\/p>\n<h4><strong>P\u00ebrb\u00ebr\u00ebs:<\/strong><\/h4>\n<p>Uj\u00eb, Cetylpyridium Chloride (CPC), Sodium Fluoride, Xylitol, Sodium Saccharin, Papain, Bromelain, Zinc Acetate, PEG-40 Hydrogenated Castor Oil, Polysorbate 20, Peppermint Oil, Spearmint Oil, Eucalyptus Oil, Rosemary Oil, Thyme Oil, Anethole, Menthol<\/p>","protected":false},"excerpt":{"rendered":"<p>Sprej Sonisk, kompakt dhe i p\u00ebrshtatsh\u00ebm, \u00ebsht\u00eb shoq\u00ebruesi i p\u00ebrsosur p\u00ebr ato dit\u00eb t\u00eb ngarkuara kur d\u00ebshironi t\u00eb siguroni q\u00eb fryma juaj t\u00eb mbetet e fresk\u00ebt, pavar\u00ebsisht se ku jeni.<\/p>","protected":false},"featured_media":20285,"comment_status":"open","ping_status":"closed","template":"","meta":[],"product_brand":[],"product_cat":[1020],"product_tag":[571,547],"class_list":{"0":"post-20290","1":"product","2":"type-product","3":"status-publish","4":"has-post-thumbnail","6":"product_cat-sonisk","7":"product_tag-oral-care","8":"product_tag-oral-hygiene","10":"first","11":"instock","12":"shipping-taxable","13":"purchasable","14":"product-type-simple"},"jetpack_sharing_enabled":true,"_links":{"self":[{"href":"https:\/\/nakedearth.al\/en\/wp-json\/wp\/v2\/product\/20290","targetHints":{"allow":["GET"]}}],"collection":[{"href":"https:\/\/nakedearth.al\/en\/wp-json\/wp\/v2\/product"}],"about":[{"href":"https:\/\/nakedearth.al\/en\/wp-json\/wp\/v2\/types\/product"}],"replies":[{"embeddable":true,"href":"https:\/\/nakedearth.al\/en\/wp-json\/wp\/v2\/comments?post=20290"}],"wp:featuredmedia":[{"embeddable":true,"href":"https:\/\/nakedearth.al\/en\/wp-json\/wp\/v2\/media\/20285"}],"wp:attachment":[{"href":"https:\/\/nakedearth.al\/en\/wp-json\/wp\/v2\/media?parent=20290"}],"wp:term":[{"taxonomy":"product_brand","embeddable":true,"href":"https:\/\/nakedearth.al\/en\/wp-json\/wp\/v2\/product_brand?post=20290"},{"taxonomy":"product_cat","embeddable":true,"href":"https:\/\/nakedearth.al\/en\/wp-json\/wp\/v2\/product_cat?post=20290"},{"taxonomy":"product_tag","embeddable":true,"href":"https:\/\/nakedearth.al\/en\/wp-json\/wp\/v2\/product_tag?post=20290"}],"curies":[{"name":"wp","href":"https:\/\/api.w.org\/{rel}","templated":true}]}}