{"id":20292,"date":"2025-03-17T10:01:32","date_gmt":"2025-03-17T09:01:32","guid":{"rendered":"https:\/\/nakedearth.al\/?post_type=product&#038;p=20292"},"modified":"2026-02-14T22:00:26","modified_gmt":"2026-02-14T21:00:26","slug":"sonisk-paste-dhembesh-75ml","status":"publish","type":"product","link":"https:\/\/nakedearth.al\/en\/product\/sonisk-paste-dhembesh-75ml\/","title":{"rendered":"Sonisk &#8211; Past\u00eb Dh\u00ebmb\u00ebsh (75ml)"},"content":{"rendered":"<h2>Sonisk &#8211; Past\u00eb Dh\u00ebmb\u00ebsh (75ml)<\/h2>\n<p>Zbuloni nj\u00eb revolucion n\u00eb higjien\u00ebn orale me past\u00ebn e avancuar t\u00eb dh\u00ebmb\u00ebve. P\u00ebrzierja unike shfryt\u00ebzon fuqin\u00eb e p\u00ebrb\u00ebr\u00ebsve natyral\u00eb, t\u00eb krijuar p\u00ebr t\u00eb pastruar dhe freskuar but\u00ebsisht goj\u00ebn tuaj, duke mb\u00ebshtetur sh\u00ebndetin optimal oral.<\/p>\n<p>E pasuruar me minerale thelb\u00ebsore, kjo past\u00eb dh\u00ebmb\u00ebsh ndihmon n\u00eb ushqimin e dh\u00ebmb\u00ebve dhe mishrave t\u00eb dh\u00ebmb\u00ebve, duke e l\u00ebn\u00eb goj\u00ebn tuaj t\u00eb past\u00ebr dhe t\u00eb gjall\u00ebruar, pa pasur nevoj\u00eb p\u00ebr kimikate t\u00eb forta.<\/p>\n<h3>29 P\u00ebrb\u00ebr\u00ebsit kryesor\u00eb, p\u00ebrfshir\u00eb vajrat esencial\u00eb<\/h3>","protected":false},"excerpt":{"rendered":"<p>Zbuloni nj\u00eb revolucion n\u00eb higjien\u00ebn orale me past\u00ebn e avancuar t\u00eb dh\u00ebmb\u00ebve. P\u00ebrzierja unike shfryt\u00ebzon fuqin\u00eb e p\u00ebrb\u00ebr\u00ebsve natyral\u00eb, t\u00eb krijuar p\u00ebr t\u00eb pastruar dhe freskuar but\u00ebsisht goj\u00ebn tuaj, duke mb\u00ebshtetur sh\u00ebndetin optimal oral.<\/p>\n<p>E pasuruar me minerale thelb\u00ebsore, kjo past\u00eb dh\u00ebmb\u00ebsh ndihmon n\u00eb ushqimin e dh\u00ebmb\u00ebve dhe mishrave t\u00eb dh\u00ebmb\u00ebve, duke e l\u00ebn\u00eb goj\u00ebn tuaj t\u00eb past\u00ebr dhe t\u00eb gjall\u00ebruar, pa pasur nevoj\u00eb p\u00ebr kimikate t\u00eb forta.<\/p>","protected":false},"featured_media":20288,"comment_status":"open","ping_status":"closed","template":"","meta":[],"product_brand":[],"product_cat":[1020],"product_tag":[571,547],"class_list":{"0":"post-20292","1":"product","2":"type-product","3":"status-publish","4":"has-post-thumbnail","6":"product_cat-sonisk","7":"product_tag-oral-care","8":"product_tag-oral-hygiene","10":"first","11":"instock","12":"shipping-taxable","13":"purchasable","14":"product-type-simple"},"jetpack_sharing_enabled":true,"_links":{"self":[{"href":"https:\/\/nakedearth.al\/en\/wp-json\/wp\/v2\/product\/20292","targetHints":{"allow":["GET"]}}],"collection":[{"href":"https:\/\/nakedearth.al\/en\/wp-json\/wp\/v2\/product"}],"about":[{"href":"https:\/\/nakedearth.al\/en\/wp-json\/wp\/v2\/types\/product"}],"replies":[{"embeddable":true,"href":"https:\/\/nakedearth.al\/en\/wp-json\/wp\/v2\/comments?post=20292"}],"wp:featuredmedia":[{"embeddable":true,"href":"https:\/\/nakedearth.al\/en\/wp-json\/wp\/v2\/media\/20288"}],"wp:attachment":[{"href":"https:\/\/nakedearth.al\/en\/wp-json\/wp\/v2\/media?parent=20292"}],"wp:term":[{"taxonomy":"product_brand","embeddable":true,"href":"https:\/\/nakedearth.al\/en\/wp-json\/wp\/v2\/product_brand?post=20292"},{"taxonomy":"product_cat","embeddable":true,"href":"https:\/\/nakedearth.al\/en\/wp-json\/wp\/v2\/product_cat?post=20292"},{"taxonomy":"product_tag","embeddable":true,"href":"https:\/\/nakedearth.al\/en\/wp-json\/wp\/v2\/product_tag?post=20292"}],"curies":[{"name":"wp","href":"https:\/\/api.w.org\/{rel}","templated":true}]}}