{"id":5174,"date":"2021-01-22T19:15:38","date_gmt":"2021-01-22T18:15:38","guid":{"rendered":"https:\/\/nakedearth.al\/?post_type=product&#038;p=5174"},"modified":"2024-06-07T11:00:23","modified_gmt":"2024-06-07T09:00:23","slug":"clevamama-kellef-per-bebe-41-x-26-cm-0-12m","status":"publish","type":"product","link":"https:\/\/nakedearth.al\/en\/product\/clevamama-kellef-per-bebe-41-x-26-cm-0-12m\/","title":{"rendered":"Clevamama\u00ae K\u00ebll\u00ebf p\u00ebr bebe 41 x 26 cm 0-12m"},"content":{"rendered":"<p>K\u00ebll\u00ebf jast\u00ebku pambuku i dizajnuar bukur, \u00ebsht\u00eb 100% i but\u00eb ndaj l\u00ebkur\u00ebs delikate t\u00eb foshnj\u00ebs tuaj dhe t\u00eb p\u00ebrshtatet n\u00eb m\u00ebnyr\u00eb perfekte jast\u00ebkun ClevaFoam\u00ae. Mund t\u00eb lahet n\u00eb lavatri\u00e7e.<br \/>\nMadh\u00ebsia: 31cm x 22cm.<\/p>","protected":false},"excerpt":{"rendered":"<p>100% pambuk i but\u00eb dhe i ajrosur. I p\u00ebrshtatsh\u00ebm me jast\u00ebkun p\u00ebr bebe ClevaFoam\u00ae. N\u00eb dispozicion n\u00eb nj\u00eb gam\u00eb ngjyrash.<\/p>","protected":false},"featured_media":5141,"comment_status":"open","ping_status":"closed","template":"","meta":[],"product_brand":[],"product_cat":[279,92],"product_tag":[515],"class_list":{"0":"post-5174","1":"product","2":"type-product","3":"status-publish","4":"has-post-thumbnail","6":"product_cat-kellef-carcafe","7":"product_cat-clevamama","8":"product_tag-dyshek","10":"first","11":"outofstock","12":"sale","13":"shipping-taxable","14":"purchasable","15":"product-type-variable"},"jetpack_sharing_enabled":true,"_links":{"self":[{"href":"https:\/\/nakedearth.al\/en\/wp-json\/wp\/v2\/product\/5174","targetHints":{"allow":["GET"]}}],"collection":[{"href":"https:\/\/nakedearth.al\/en\/wp-json\/wp\/v2\/product"}],"about":[{"href":"https:\/\/nakedearth.al\/en\/wp-json\/wp\/v2\/types\/product"}],"replies":[{"embeddable":true,"href":"https:\/\/nakedearth.al\/en\/wp-json\/wp\/v2\/comments?post=5174"}],"wp:featuredmedia":[{"embeddable":true,"href":"https:\/\/nakedearth.al\/en\/wp-json\/wp\/v2\/media\/5141"}],"wp:attachment":[{"href":"https:\/\/nakedearth.al\/en\/wp-json\/wp\/v2\/media?parent=5174"}],"wp:term":[{"taxonomy":"product_brand","embeddable":true,"href":"https:\/\/nakedearth.al\/en\/wp-json\/wp\/v2\/product_brand?post=5174"},{"taxonomy":"product_cat","embeddable":true,"href":"https:\/\/nakedearth.al\/en\/wp-json\/wp\/v2\/product_cat?post=5174"},{"taxonomy":"product_tag","embeddable":true,"href":"https:\/\/nakedearth.al\/en\/wp-json\/wp\/v2\/product_tag?post=5174"}],"curies":[{"name":"wp","href":"https:\/\/api.w.org\/{rel}","templated":true}]}}