{"id":5775,"date":"2021-01-24T22:08:02","date_gmt":"2021-01-24T21:08:02","guid":{"rendered":"https:\/\/nakedearth.al\/?post_type=product&#038;p=5775"},"modified":"2025-03-17T09:41:02","modified_gmt":"2025-03-17T08:41:02","slug":"peceta-per-mishrat-e-dhembeve","status":"publish","type":"product","link":"https:\/\/nakedearth.al\/en\/product\/peceta-per-mishrat-e-dhembeve\/","title":{"rendered":"Peceta p\u00ebr mishrat e dh\u00ebmb\u00ebve"},"content":{"rendered":"<p>PERSE JANE KAQ MAHNITESE!<br \/>\nPecetat prej pambuku t\u00eb mishrave te dhembeve p\u00ebr f\u00ebmij\u00eb Jack N \u2019Jill mund t\u00eb p\u00ebrdoren n\u00eb m\u00ebnyr\u00eb t\u00eb sigurt q\u00eb nga lindja. T\u00eb mb\u00ebshtjell\u00eb individualisht, ato jan\u00eb nj\u00ebkoh\u00ebsisht higjienike dhe t\u00eb p\u00ebrshtatshme kur jeni n\u00eb l\u00ebvizje.<\/p>\n<p>Pecetat jan\u00eb t\u00eb dizajnuara p\u00ebr pastrimin e goj\u00ebs dhe mishrave t\u00eb dh\u00ebmb\u00ebve edhe para shfaqjes s\u00eb dh\u00ebmb\u00ebve. P\u00ebr ta p\u00ebrdorur, thjesht mb\u00ebshtilleni rreth gishtit tuaj. Pastroni n\u00eb m\u00ebnyr\u00eb t\u00eb sigurt mbetjet e qum\u00ebshtit nga goja e foshnjave p\u00ebr t\u00eb siguruar nj\u00eb mjedis t\u00eb sh\u00ebndetsh\u00ebm p\u00ebr zhvillimin e dh\u00ebmb\u00ebve. Sapo t\u00eb dalin dh\u00ebmb\u00ebt, pastroni but\u00ebsisht pas ushqimit dhe para gjumit me nj\u00eb l\u00ebvizje rrethore p\u00ebr t\u00eb hequr \u00e7do mbetje sip\u00ebrfaq\u00ebsore.<\/p>\n<p>100% pambuk i but\u00eb, i sterilizuar me avull dhe me tekstur\u00eb t\u00eb but\u00eb, k\u00ebto peceta p\u00ebr mishrat e dh\u00ebmb\u00ebve jan\u00eb t\u00eb gjitha natyrale dhe t\u00eb sigurta. Nuk p\u00ebrmbajn\u00eb Fluor, Sheqer, Paraben apo konservues t\u00eb tjer\u00eb.<\/p>\n<p>P\u00ebrmbajn\u00eb Xylitol dhe nj\u00eb arom\u00eb neutrale. Nj\u00eb pako ka 25 peceta t\u00eb mb\u00ebshtjellura individualisht t\u00eb cilat jan\u00eb 100% bio-degdegradueshme.<\/p>\n<p>K\u00ebshill\u00eb: Vet\u00ebm prind\u00ebrit \/ kujdestar\u00ebt mund ti p\u00ebrdorin tek foshnjat! Bebet \/ f\u00ebmij\u00ebt nuk duhet t&#8217;i p\u00ebrdorin vet\u00eb!<\/p>","protected":false},"excerpt":{"rendered":"<p>Pecetat prej pambuku t\u00eb mishrave te dhembeve p\u00ebr f\u00ebmij\u00eb Jack N \u2019Jill mund t\u00eb p\u00ebrdoren n\u00eb m\u00ebnyr\u00eb t\u00eb sigurt q\u00eb nga lindja. T\u00eb mb\u00ebshtjell\u00eb individualisht, ato jan\u00eb nj\u00ebkoh\u00ebsisht higjienike dhe t\u00eb p\u00ebrshtatshme kur jeni n\u00eb l\u00ebvizje.<\/p>","protected":false},"featured_media":5692,"comment_status":"open","ping_status":"closed","template":"","meta":[],"product_brand":[],"product_cat":[252,259,258,90],"product_tag":[],"class_list":{"0":"post-5775","1":"product","2":"type-product","3":"status-publish","4":"has-post-thumbnail","6":"product_cat-6-12-muaj","7":"product_cat-dalja-e-dhembeve","8":"product_cat-higjena-orale","9":"product_cat-jack-n-jill","11":"first","12":"instock","13":"shipping-taxable","14":"purchasable","15":"product-type-simple"},"jetpack_sharing_enabled":true,"_links":{"self":[{"href":"https:\/\/nakedearth.al\/en\/wp-json\/wp\/v2\/product\/5775","targetHints":{"allow":["GET"]}}],"collection":[{"href":"https:\/\/nakedearth.al\/en\/wp-json\/wp\/v2\/product"}],"about":[{"href":"https:\/\/nakedearth.al\/en\/wp-json\/wp\/v2\/types\/product"}],"replies":[{"embeddable":true,"href":"https:\/\/nakedearth.al\/en\/wp-json\/wp\/v2\/comments?post=5775"}],"wp:featuredmedia":[{"embeddable":true,"href":"https:\/\/nakedearth.al\/en\/wp-json\/wp\/v2\/media\/5692"}],"wp:attachment":[{"href":"https:\/\/nakedearth.al\/en\/wp-json\/wp\/v2\/media?parent=5775"}],"wp:term":[{"taxonomy":"product_brand","embeddable":true,"href":"https:\/\/nakedearth.al\/en\/wp-json\/wp\/v2\/product_brand?post=5775"},{"taxonomy":"product_cat","embeddable":true,"href":"https:\/\/nakedearth.al\/en\/wp-json\/wp\/v2\/product_cat?post=5775"},{"taxonomy":"product_tag","embeddable":true,"href":"https:\/\/nakedearth.al\/en\/wp-json\/wp\/v2\/product_tag?post=5775"}],"curies":[{"name":"wp","href":"https:\/\/api.w.org\/{rel}","templated":true}]}}