{"id":5777,"date":"2021-01-24T22:12:30","date_gmt":"2021-01-24T21:12:30","guid":{"rendered":"https:\/\/nakedearth.al\/?post_type=product&#038;p=5777"},"modified":"2024-07-20T12:03:48","modified_gmt":"2024-07-20T10:03:48","slug":"xhel-qetesues-per-mishrat-e-dhembeve","status":"publish","type":"product","link":"https:\/\/nakedearth.al\/en\/product\/xhel-qetesues-per-mishrat-e-dhembeve\/","title":{"rendered":"Xhel qet\u00ebsues p\u00ebr mishrat e dh\u00ebmb\u00ebve"},"content":{"rendered":"<p>Dalja e dh\u00ebmb\u00ebve mund t\u00eb jet\u00eb po aq shqet\u00ebsuese p\u00ebr prind\u00ebrit sa edhe p\u00ebr t\u00eb vegjlit. Sfida e Jack n Jill ka qen\u00eb t\u00eb krijojn\u00eb nj\u00eb produkt q\u00eb siguron leht\u00ebsim, shije t\u00eb mahnitshme (arom\u00eb t\u00eb but\u00eb vanilje) dhe n\u00eb t\u00eb nj\u00ebjt\u00ebn koh\u00eb u jep prind\u00ebrve qet\u00ebsi se ata po shmangin kimikatet e d\u00ebmshme. Siguria \u00ebsht\u00eb gjithmon\u00eb e para!<\/p>\n<p>Formula qet\u00ebsuese q\u00eb p\u00ebrmban Kamomil dhe Calendula dhe nj\u00eb arom\u00eb t\u00eb but\u00eb Vanilje dhe \u00ebsht\u00eb nj\u00eb alternativ\u00eb natyrore p\u00ebr Bonjela.<\/p>\n<p>Absolutisht &#8220;pa benzokain\u00eb dhe Belladona&#8221; dhe i p\u00ebrshtatsh\u00ebm nga 4 muaj +<br \/>\nXheli \u00ebsht\u00eb Vegan dhe prodhuar n\u00eb Australi n\u00eb nj\u00eb struktur\u00eb t\u00eb licencuar nga TGA.<\/p>","protected":false},"excerpt":{"rendered":"<p>Xhel p\u00ebr dh\u00ebmb\u00ebt leht\u00ebson p\u00ebrkoh\u00ebsisht simptomat e shqet\u00ebsimit t\u00eb mishrave t\u00eb dh\u00ebmb\u00ebve gjat\u00eb shfaqjes s\u00eb tyre.<\/p>","protected":false},"featured_media":5696,"comment_status":"open","ping_status":"closed","template":"","meta":[],"product_brand":[],"product_cat":[251,259,90],"product_tag":[],"class_list":{"0":"post-5777","1":"product","2":"type-product","3":"status-publish","4":"has-post-thumbnail","6":"product_cat-0-6-muaj","7":"product_cat-dalja-e-dhembeve","8":"product_cat-jack-n-jill","10":"first","11":"outofstock","12":"shipping-taxable","13":"purchasable","14":"product-type-simple"},"jetpack_sharing_enabled":true,"_links":{"self":[{"href":"https:\/\/nakedearth.al\/en\/wp-json\/wp\/v2\/product\/5777","targetHints":{"allow":["GET"]}}],"collection":[{"href":"https:\/\/nakedearth.al\/en\/wp-json\/wp\/v2\/product"}],"about":[{"href":"https:\/\/nakedearth.al\/en\/wp-json\/wp\/v2\/types\/product"}],"replies":[{"embeddable":true,"href":"https:\/\/nakedearth.al\/en\/wp-json\/wp\/v2\/comments?post=5777"}],"wp:featuredmedia":[{"embeddable":true,"href":"https:\/\/nakedearth.al\/en\/wp-json\/wp\/v2\/media\/5696"}],"wp:attachment":[{"href":"https:\/\/nakedearth.al\/en\/wp-json\/wp\/v2\/media?parent=5777"}],"wp:term":[{"taxonomy":"product_brand","embeddable":true,"href":"https:\/\/nakedearth.al\/en\/wp-json\/wp\/v2\/product_brand?post=5777"},{"taxonomy":"product_cat","embeddable":true,"href":"https:\/\/nakedearth.al\/en\/wp-json\/wp\/v2\/product_cat?post=5777"},{"taxonomy":"product_tag","embeddable":true,"href":"https:\/\/nakedearth.al\/en\/wp-json\/wp\/v2\/product_tag?post=5777"}],"curies":[{"name":"wp","href":"https:\/\/api.w.org\/{rel}","templated":true}]}}