{"id":5787,"date":"2021-01-24T22:56:37","date_gmt":"2021-01-24T21:56:37","guid":{"rendered":"https:\/\/nakedearth.al\/?post_type=product&#038;p=5787"},"modified":"2024-11-09T08:56:35","modified_gmt":"2024-11-09T07:56:35","slug":"furce-silikoni-faza-1-6-12-muaj","status":"publish","type":"product","link":"https:\/\/nakedearth.al\/en\/product\/furce-silikoni-faza-1-6-12-muaj\/","title":{"rendered":"Furc\u00eb Silikoni Faza 1 &#8211; 6-12 muaj"},"content":{"rendered":"<p>Fur\u00e7\u00eb gisht\u00ebz silikoni Faza 1 &#8211; Paketimi p\u00ebrmban 2 gisht\u00ebza dhe nj\u00eb kuti!B\u00ebr\u00eb nga 100% silikoni i grad\u00ebs mjek\u00ebsore \/ ushqimore, kjo \u00ebsht\u00eb krijuar p\u00ebr nj\u00eb fillim t\u00eb thjesht\u00eb dhe efektiv drejt nj\u00eb higjene t\u00eb mir\u00eb orale nga 6 muaj +.<\/p>\n<p>Leht\u00eb p\u00ebr t\u2019u p\u00ebrdorur, i but\u00eb ndaj mishrave t\u00eb dh\u00ebmb\u00ebve, jo toksik dhe pa BPA, fur\u00e7a gisht\u00ebz silikoni \u00ebsht\u00eb e p\u00ebrshtatshme p\u00ebr p\u00ebrdorim me past\u00eb dh\u00ebmb\u00ebsh Jack N &#8216;Jill dhe e p\u00ebrshtatshme p\u00ebr udh\u00ebtime. Kjo \u00ebsht\u00eb gjithashtu nj\u00eb zgjedhje e shk\u00eblqyeshme kur p\u00ebrdoret s\u00eb bashku me pecetat p\u00ebr dh\u00ebmb\u00eb dhe mishrat e dhembeve!<\/p>\n<p>Faza 1 e p\u00ebrshtatshme p\u00ebr mosh\u00eb 6 &#8211; 12 muaj.<\/p>\n<p>Me dy an\u00eb: P\u00ebrdorni an\u00ebn &#8216;fur\u00e7\u00eb&#8217; p\u00ebr pastrimin e but\u00eb t\u00eb dh\u00ebmb\u00ebve t\u00eb foshnj\u00ebs. P\u00ebrdorni an\u00ebn &#8216;me tekstur\u00eb&#8217; p\u00ebr t\u00eb masazhuar mishrat e dh\u00ebmb\u00ebve &#8211; e shk\u00eblqyeshme p\u00ebr dh\u00ebmb\u00ebt.<\/p>\n<p>K\u00ebshill\u00eb: Gjithmon\u00eb sigurohuni q\u00eb fur\u00e7a juaj e gishtave Jack N &#8216;Jill Silicone \u00ebsht\u00eb e past\u00ebr. Lani me uj\u00eb t\u00eb ngroht\u00eb dhe me sapun. I sigurt p\u00ebr t\u2019u sterilizuar. Ruhet n\u00eb nj\u00eb en\u00eb t\u00eb past\u00ebr.<\/p>\n<p>Sigurisht, vet\u00ebm p\u00ebr t&#8217;u p\u00ebrdorur nga nj\u00eb i rritur n\u00eb foshnj\u00eb \/ f\u00ebmij\u00eb. Kjo nuk \u00ebsht\u00eb nj\u00eb biberon apo pajisje dh\u00ebmb\u00ebzimi. Hidhni menj\u00ebher\u00eb n\u00ebse shqyhet \/ d\u00ebmtohet. Paketimi \u00ebsht\u00eb plot\u00ebsisht i biodegraduesh\u00ebm.<\/p>","protected":false},"excerpt":{"rendered":"<p>Leht\u00eb p\u00ebr t\u2019u p\u00ebrdorur, e but\u00eb ndaj mishrave t\u00eb dh\u00ebmb\u00ebve, jo toksike dhe pa BPA, fur\u00e7a gisht\u00ebz silikoni \u00ebsht\u00eb e p\u00ebrshtatshme p\u00ebr p\u00ebrdorim me past\u00eb dh\u00ebmb\u00ebsh Jack N &#8216;Jill dhe e p\u00ebrshtatshme p\u00ebr udh\u00ebtime.<\/p>","protected":false},"featured_media":5746,"comment_status":"open","ping_status":"closed","template":"","meta":[],"product_brand":[],"product_cat":[252,258,90],"product_tag":[],"class_list":{"0":"post-5787","1":"product","2":"type-product","3":"status-publish","4":"has-post-thumbnail","6":"product_cat-6-12-muaj","7":"product_cat-higjena-orale","8":"product_cat-jack-n-jill","10":"first","11":"instock","12":"shipping-taxable","13":"purchasable","14":"product-type-simple"},"jetpack_sharing_enabled":true,"_links":{"self":[{"href":"https:\/\/nakedearth.al\/en\/wp-json\/wp\/v2\/product\/5787","targetHints":{"allow":["GET"]}}],"collection":[{"href":"https:\/\/nakedearth.al\/en\/wp-json\/wp\/v2\/product"}],"about":[{"href":"https:\/\/nakedearth.al\/en\/wp-json\/wp\/v2\/types\/product"}],"replies":[{"embeddable":true,"href":"https:\/\/nakedearth.al\/en\/wp-json\/wp\/v2\/comments?post=5787"}],"wp:featuredmedia":[{"embeddable":true,"href":"https:\/\/nakedearth.al\/en\/wp-json\/wp\/v2\/media\/5746"}],"wp:attachment":[{"href":"https:\/\/nakedearth.al\/en\/wp-json\/wp\/v2\/media?parent=5787"}],"wp:term":[{"taxonomy":"product_brand","embeddable":true,"href":"https:\/\/nakedearth.al\/en\/wp-json\/wp\/v2\/product_brand?post=5787"},{"taxonomy":"product_cat","embeddable":true,"href":"https:\/\/nakedearth.al\/en\/wp-json\/wp\/v2\/product_cat?post=5787"},{"taxonomy":"product_tag","embeddable":true,"href":"https:\/\/nakedearth.al\/en\/wp-json\/wp\/v2\/product_tag?post=5787"}],"curies":[{"name":"wp","href":"https:\/\/api.w.org\/{rel}","templated":true}]}}