{"id":5788,"date":"2021-01-24T23:02:01","date_gmt":"2021-01-24T22:02:01","guid":{"rendered":"https:\/\/nakedearth.al\/?post_type=product&#038;p=5788"},"modified":"2024-01-02T13:58:03","modified_gmt":"2024-01-02T12:58:03","slug":"furce-silikoni-faza-2-12-24-muaj","status":"publish","type":"product","link":"https:\/\/nakedearth.al\/en\/product\/furce-silikoni-faza-2-12-24-muaj\/","title":{"rendered":"Furc\u00eb Silikoni Faza 2 &#8211; 12-24 muaj"},"content":{"rendered":"<p>Fur\u00e7\u00eb dh\u00ebmb\u00ebsh silikoni Faza 2 &#8211; me mburoj\u00eb sigurie.<\/p>\n<p>B\u00ebr\u00eb nga silikoni 100% i grad\u00ebs Mjek\u00ebsore \/ Ushqimore, kjo \u00ebsht\u00eb krijuar p\u00ebr nj\u00eb fillim t\u00eb thjesht\u00eb dhe efektiv drejt nj\u00eb higjene t\u00eb mir\u00eb orale q\u00eb nga dh\u00ebmbi i par\u00eb.<\/p>\n<p>Eshte nj\u00eb fur\u00e7\u00eb dh\u00ebmb\u00ebsh e shk\u00eblqyeshme e cila \u00ebsht\u00eb e leht\u00eb p\u00ebr t\u2019u p\u00ebrdorur, jo toksike dhe pa BPA. Fur\u00e7a e dh\u00ebmb\u00ebve prej silikoni \u00ebsht\u00eb e but\u00eb ndaj dh\u00ebmb\u00ebve t\u00eb vegj\u00ebl dhe mishrave t\u00eb ndjesh\u00ebm t\u00eb dh\u00ebmb\u00ebve me nj\u00eb mburoj\u00eb sigurie t\u00eb p\u00ebrfshir\u00eb p\u00ebr t\u00eb parandaluar mbytjen.<\/p>\n<p>F\u00ebmij\u00ebt mund t\u00eb fillojn\u00eb t\u00eb m\u00ebsojn\u00eb ta p\u00ebrdorin vet\u00eb nj\u00eb fur\u00e7\u00eb dh\u00ebmb\u00ebsh (natyrisht n\u00ebn mbik\u00ebqyrje) &#8211; pa dyshim q\u00eb ata do t\u00eb fillojn\u00eb ta t\u00ebrheqin fur\u00e7\u00ebn e dh\u00ebmb\u00ebve nga duart tuaja pasi b\u00ebhen aventureske!<\/p>\n<p>I p\u00ebrshtatsh\u00ebm p\u00ebr p\u00ebrdorim me past\u00eb dh\u00ebmb\u00ebsh Jack N &#8216;Jill Natyral dhe ideal p\u00ebr foshnje \/ f\u00ebmij\u00eb para se t\u00eb vijn\u00eb dh\u00ebmb\u00ebt an\u00ebsor\u00eb \/ t\u00eb pasm\u00eb.<\/p>\n<p>Faza 2 e p\u00ebrshtatshme p\u00ebr mosh\u00eb 12 &#8211; 24 muaj.<br \/>\nPaketimi \u00ebsht\u00eb plot\u00ebsisht i biodegraduesh\u00ebm.<\/p>","protected":false},"excerpt":{"rendered":"<p>F\u00ebmij\u00ebt mund t\u00eb fillojn\u00eb t\u00eb m\u00ebsojn\u00eb ta perdorin vet\u00eb nj\u00eb fur\u00e7\u00eb dh\u00ebmb\u00ebsh (natyrisht n\u00ebn mbik\u00ebqyrje) &#8211; pa dyshim q\u00eb ata do t\u00eb fillojn\u00eb ta t\u00ebrheqin fur\u00e7\u00ebn e dh\u00ebmb\u00ebve nga duart tuaja pasi b\u00ebhen aventureske!<\/p>","protected":false},"featured_media":5749,"comment_status":"open","ping_status":"closed","template":"","meta":[],"product_brand":[],"product_cat":[253,258,90],"product_tag":[],"class_list":{"0":"post-5788","1":"product","2":"type-product","3":"status-publish","4":"has-post-thumbnail","6":"product_cat-12-muaj","7":"product_cat-higjena-orale","8":"product_cat-jack-n-jill","10":"first","11":"instock","12":"shipping-taxable","13":"purchasable","14":"product-type-simple"},"jetpack_sharing_enabled":true,"_links":{"self":[{"href":"https:\/\/nakedearth.al\/en\/wp-json\/wp\/v2\/product\/5788","targetHints":{"allow":["GET"]}}],"collection":[{"href":"https:\/\/nakedearth.al\/en\/wp-json\/wp\/v2\/product"}],"about":[{"href":"https:\/\/nakedearth.al\/en\/wp-json\/wp\/v2\/types\/product"}],"replies":[{"embeddable":true,"href":"https:\/\/nakedearth.al\/en\/wp-json\/wp\/v2\/comments?post=5788"}],"wp:featuredmedia":[{"embeddable":true,"href":"https:\/\/nakedearth.al\/en\/wp-json\/wp\/v2\/media\/5749"}],"wp:attachment":[{"href":"https:\/\/nakedearth.al\/en\/wp-json\/wp\/v2\/media?parent=5788"}],"wp:term":[{"taxonomy":"product_brand","embeddable":true,"href":"https:\/\/nakedearth.al\/en\/wp-json\/wp\/v2\/product_brand?post=5788"},{"taxonomy":"product_cat","embeddable":true,"href":"https:\/\/nakedearth.al\/en\/wp-json\/wp\/v2\/product_cat?post=5788"},{"taxonomy":"product_tag","embeddable":true,"href":"https:\/\/nakedearth.al\/en\/wp-json\/wp\/v2\/product_tag?post=5788"}],"curies":[{"name":"wp","href":"https:\/\/api.w.org\/{rel}","templated":true}]}}