{"id":5789,"date":"2021-01-24T23:06:45","date_gmt":"2021-01-24T22:06:45","guid":{"rendered":"https:\/\/nakedearth.al\/?post_type=product&#038;p=5789"},"modified":"2024-01-02T13:57:52","modified_gmt":"2024-01-02T12:57:52","slug":"furce-silikoni-faza-3-2-5-vjec","status":"publish","type":"product","link":"https:\/\/nakedearth.al\/en\/product\/furce-silikoni-faza-3-2-5-vjec\/","title":{"rendered":"Furc\u00eb Silikoni Faza 3 &#8211; 2-5 vje\u00e7"},"content":{"rendered":"<p>Fur\u00e7\u00eb Siliconi Tooth &amp; Gum Faza 3 &#8211; p\u00ebr dh\u00ebmb\u00ebt dhe mishrat e dh\u00ebmb\u00ebve.<\/p>\n<p>Kjo fur\u00e7\u00eb dh\u00ebmb\u00ebsh me pamje jokonvencionale mund t\u00eb jet\u00eb pak e v\u00ebshtir\u00eb t\u00eb vler\u00ebsohet n\u00eb fillim. Dor\u00ebzojeni nj\u00eb f\u00ebmije 2 ose 3 vje\u00e7 dhe shikojini si lajn\u00eb dh\u00ebmb\u00ebt me magji dhe intuiti\u00eb pothuajse menj\u00ebher\u00eb.<\/p>\n<p>B\u00ebr\u00eb nga 100% silikoni i grad\u00ebs Mjek\u00ebsore \/ Ushqimore, \u00ebsht\u00eb gjenialitet q\u00eb \u00ebsht\u00eb i dyansh\u00ebm &#8211; pastron lart dhe posht\u00eb, para dhe mbrapa n\u00eb t\u00eb nj\u00ebjt\u00ebn koh\u00eb! Do t\u00eb leht\u00ebsoheni dhe mahniteni n\u00eb t\u00eb nj\u00ebjt\u00ebn koh\u00eb!<\/p>\n<p>Leht\u00eb p\u00ebr t\u2019u p\u00ebrdorur, i but\u00eb ndaj mishrave t\u00eb dh\u00ebmb\u00ebve, jo toksik dhe pa BPA, fur\u00e7a jon\u00eb prej silikoni \u00ebsht\u00eb e but\u00eb p\u00ebr dh\u00ebmb\u00ebt e vegj\u00ebl dhe mishrat e ndjesh\u00ebm t\u00eb dh\u00ebmb\u00ebve. I p\u00ebrshtatsh\u00ebm p\u00ebr p\u00ebrdorim me past\u00eb dh\u00ebmb\u00ebsh Jack N &#8216;Jill.<\/p>\n<p>Faza 3 e p\u00ebrshtatshme p\u00ebr mosh\u00eb 2 &#8211; 5 vje\u00e7<\/p>","protected":false},"excerpt":{"rendered":"<p>Dor\u00ebzojeni nj\u00eb f\u00ebmije 2 ose 3 vje\u00e7 dhe shikojini si lajn\u00eb dh\u00ebmb\u00ebt me magji dhe intuiti\u00eb pothuajse menj\u00ebher\u00eb. Do t\u00eb leht\u00ebsoheni dhe mahniteni n\u00eb t\u00eb nj\u00ebjt\u00ebn koh\u00eb!<\/p>","protected":false},"featured_media":5753,"comment_status":"open","ping_status":"closed","template":"","meta":[],"product_brand":[],"product_cat":[258,90],"product_tag":[],"class_list":{"0":"post-5789","1":"product","2":"type-product","3":"status-publish","4":"has-post-thumbnail","6":"product_cat-higjena-orale","7":"product_cat-jack-n-jill","9":"first","10":"instock","11":"shipping-taxable","12":"purchasable","13":"product-type-simple"},"jetpack_sharing_enabled":true,"_links":{"self":[{"href":"https:\/\/nakedearth.al\/en\/wp-json\/wp\/v2\/product\/5789","targetHints":{"allow":["GET"]}}],"collection":[{"href":"https:\/\/nakedearth.al\/en\/wp-json\/wp\/v2\/product"}],"about":[{"href":"https:\/\/nakedearth.al\/en\/wp-json\/wp\/v2\/types\/product"}],"replies":[{"embeddable":true,"href":"https:\/\/nakedearth.al\/en\/wp-json\/wp\/v2\/comments?post=5789"}],"wp:featuredmedia":[{"embeddable":true,"href":"https:\/\/nakedearth.al\/en\/wp-json\/wp\/v2\/media\/5753"}],"wp:attachment":[{"href":"https:\/\/nakedearth.al\/en\/wp-json\/wp\/v2\/media?parent=5789"}],"wp:term":[{"taxonomy":"product_brand","embeddable":true,"href":"https:\/\/nakedearth.al\/en\/wp-json\/wp\/v2\/product_brand?post=5789"},{"taxonomy":"product_cat","embeddable":true,"href":"https:\/\/nakedearth.al\/en\/wp-json\/wp\/v2\/product_cat?post=5789"},{"taxonomy":"product_tag","embeddable":true,"href":"https:\/\/nakedearth.al\/en\/wp-json\/wp\/v2\/product_tag?post=5789"}],"curies":[{"name":"wp","href":"https:\/\/api.w.org\/{rel}","templated":true}]}}