{"id":6557,"date":"2021-01-29T11:13:51","date_gmt":"2021-01-29T10:13:51","guid":{"rendered":"https:\/\/nakedearth.al\/?post_type=product&#038;p=6557"},"modified":"2024-01-25T10:01:25","modified_gmt":"2024-01-25T09:01:25","slug":"rrathe-per-misherat-e-dhembeve","status":"publish","type":"product","link":"https:\/\/nakedearth.al\/en\/product\/rrathe-per-misherat-e-dhembeve\/","title":{"rendered":"Rrath\u00eb p\u00ebr mish\u00ebrat e dh\u00ebmb\u00ebve"},"content":{"rendered":"<p>byBabyBubbles p\u00ebrdor drur\u00eb t\u00eb bukur t\u00eb pa trajtuar ahu dhe silikoni grad\u00eb ushqimore pa BPA p\u00ebr t\u00eb krijuar rrath\u00ebt e dh\u00ebmb\u00ebve t\u00eb b\u00ebra me dor\u00eb, duke iu p\u00ebrmbajtur filozofis\u00eb t\u00eb thjesht\u00eb, t\u00eb bukur dhe m\u00eb e r\u00ebnd\u00ebsishmja, t\u00eb sigurt. T\u00eb dy materialet p\u00ebrdoren zakonisht p\u00ebr dh\u00ebmb\u00ebzime dhe foshnjat tona i duan ato!<br \/>\nT\u00eb gjitha rruazat tona silikoni jan\u00eb 100% pa BPA, silikoni i klas\u00ebs s\u00eb ushqimit (i ngjash\u00ebm me biberon\u00ebt dhe thithkat e shisheve) dhe t\u00eb aprovuar nga FDA.<br \/>\nbyBabyBubbles p\u00ebrdor unaza druri t\u00eb drurit ahu t\u00eb patrajtuar dhe rruaza q\u00eb jan\u00eb plot\u00ebsisht natyrale. Ahu \u00ebsht\u00eb nj\u00eb dru q\u00eb nuk cop\u00ebtohet dhe \u00ebsht\u00eb natyrsh\u00ebm antibakterial &#8211; me fjal\u00eb t\u00eb tjera i p\u00ebrsosur p\u00ebr duart dhe goj\u00ebn e vog\u00ebl t\u00eb foshnj\u00ebs.<\/p>","protected":false},"excerpt":{"rendered":"<p>Rrath\u00ebt p\u00ebr dh\u00ebmb\u00ebt t\u00eb b\u00ebra me dor\u00eb jan\u00eb tre nyje t\u00eb cilat b\u00ebjn\u00eb tingullin m\u00eb t\u00eb \u00ebmb\u00ebl t\u00eb zhurm\u00ebs, duke ndihmuar foshnj\u00ebn t\u00eb q\u00ebndroj\u00eb I p\u00ebrqendruar kur luan ose ushqehet me gji. Ato jan\u00eb aksesori perfekt p\u00ebr foshnjat p\u00ebr t\u00eb kafshuar gjat\u00eb daljes s\u00eb dh\u00ebmb\u00ebve dhe luajtur me t\u00eb.<\/p>","protected":false},"featured_media":6445,"comment_status":"open","ping_status":"closed","template":"","meta":[],"product_brand":[],"product_cat":[116,259],"product_tag":[],"class_list":{"0":"post-6557","1":"product","2":"type-product","3":"status-publish","4":"has-post-thumbnail","6":"product_cat-by-babybubbles","7":"product_cat-dalja-e-dhembeve","9":"first","10":"instock","11":"sale","12":"shipping-taxable","13":"purchasable","14":"product-type-variable"},"jetpack_sharing_enabled":true,"_links":{"self":[{"href":"https:\/\/nakedearth.al\/en\/wp-json\/wp\/v2\/product\/6557","targetHints":{"allow":["GET"]}}],"collection":[{"href":"https:\/\/nakedearth.al\/en\/wp-json\/wp\/v2\/product"}],"about":[{"href":"https:\/\/nakedearth.al\/en\/wp-json\/wp\/v2\/types\/product"}],"replies":[{"embeddable":true,"href":"https:\/\/nakedearth.al\/en\/wp-json\/wp\/v2\/comments?post=6557"}],"wp:featuredmedia":[{"embeddable":true,"href":"https:\/\/nakedearth.al\/en\/wp-json\/wp\/v2\/media\/6445"}],"wp:attachment":[{"href":"https:\/\/nakedearth.al\/en\/wp-json\/wp\/v2\/media?parent=6557"}],"wp:term":[{"taxonomy":"product_brand","embeddable":true,"href":"https:\/\/nakedearth.al\/en\/wp-json\/wp\/v2\/product_brand?post=6557"},{"taxonomy":"product_cat","embeddable":true,"href":"https:\/\/nakedearth.al\/en\/wp-json\/wp\/v2\/product_cat?post=6557"},{"taxonomy":"product_tag","embeddable":true,"href":"https:\/\/nakedearth.al\/en\/wp-json\/wp\/v2\/product_tag?post=6557"}],"curies":[{"name":"wp","href":"https:\/\/api.w.org\/{rel}","templated":true}]}}