{"id":6634,"date":"2021-01-29T17:44:53","date_gmt":"2021-01-29T16:44:53","guid":{"rendered":"https:\/\/nakedearth.al\/?post_type=product&#038;p=6634"},"modified":"2023-10-09T12:42:11","modified_gmt":"2023-10-09T10:42:11","slug":"loder-per-karroce","status":"publish","type":"product","link":"https:\/\/nakedearth.al\/en\/product\/loder-per-karroce\/","title":{"rendered":"Lod\u00ebr p\u00ebr karroc\u00eb"},"content":{"rendered":"<p>byBabyBubbles &#8211; Lod\u00ebr p\u00ebr karroc\u00eb<\/p>\n<p>Jan\u00eb t\u00eb gjithanshme dhe mund t\u00eb varen leht\u00ebsisht n\u00eb pjes\u00ebn e p\u00ebrparme t\u00eb karroc\u00ebs tuaj, si dhe vendin e makin\u00ebs ose kudo tjet\u00ebr ku mund t&#8217;i siguroni ato.<br \/>\nStilet e ndryshme, teksturat dhe skajet e rruazave do t\u00eb mbajn\u00eb v\u00ebmendjen e vog\u00eblushit tuaj dhe do t&#8217;i japin foshnj\u00ebs tuaj di\u00e7ka p\u00ebr t\u00eb par\u00eb dhe luajtur, si dhe duke shtuar stil t\u00eb mrekulluesh\u00ebm n\u00eb karroc\u00ebn e f\u00ebmij\u00ebs tuaj! Lodrat e karrocave jan\u00eb t\u00eb lidhura n\u00eb kabllo saten t\u00eb q\u00ebndrueshme dhe kan\u00eb p\u00ebrmasa rreth 18 cm gjithsej dhe p\u00ebrshtaten pothuajse n\u00eb t\u00eb gjitha karrocat. Vog\u00eblushi juaj do t\u00eb marr\u00eb aq shum\u00eb g\u00ebzim nga ndjesit\u00eb, tingujt dhe k\u00ebnaq\u00ebsit\u00eb vizuale q\u00eb k\u00ebto lodra u japin atyre pa n\u00ebn\u00ebn dhe baban\u00eb q\u00eb kan\u00eb nevoj\u00eb p\u00ebr t\u00eb siguruar stimulim.<\/p>\n<p>T\u00eb gjitha rruazat tona silikoni jan\u00eb 100% pa BPA, silikoni i klas\u00ebs s\u00eb ushqimit (i ngjash\u00ebm me biberon\u00ebt dhe thithkat e shisheve) dhe t\u00eb aprovuar nga FDA.<br \/>\nbyBabyBubbles p\u00ebrdor unaza druri t\u00eb drurit ahu t\u00eb patrajtuar dhe rruaza q\u00eb jan\u00eb plot\u00ebsisht natyrale. Ahu \u00ebsht\u00eb nj\u00eb dru q\u00eb nuk cop\u00ebtohet dhe \u00ebsht\u00eb natyrsh\u00ebm antibakterial &#8211; me fjal\u00eb t\u00eb tjera i p\u00ebrsosur p\u00ebr duart dhe goj\u00ebn e vog\u00ebl t\u00eb foshnj\u00ebs.<\/p>","protected":false},"excerpt":{"rendered":"<p>Dru i bukur i pa trajtuar I ahut, rruaza me grep dore dhe silikoni t\u00eb grad\u00ebs ushqimore p\u00ebr t\u00eb krijuar lodrat p\u00ebr karroc\u00eb me duar, duke iu p\u00ebrmbajtur filozofis\u00eb t\u00eb thjesht\u00eb, t\u00eb bukur dhe m\u00eb e r\u00ebnd\u00ebsishmja, t\u00eb sigurt. Kjo lod\u00ebr do ta arg\u00ebtojn\u00eb f\u00ebmij\u00ebn tuaj nd\u00ebrsa sh\u00ebtisni &#8211; nd\u00ebrsa ato l\u00ebkunden, zilja e vog\u00ebl b\u00ebn tingull t\u00eb \u00ebmb\u00ebl!<\/p>","protected":false},"featured_media":6409,"comment_status":"open","ping_status":"closed","template":"","meta":[],"product_brand":[],"product_cat":[116,282],"product_tag":[],"class_list":{"0":"post-6634","1":"product","2":"type-product","3":"status-publish","4":"has-post-thumbnail","6":"product_cat-by-babybubbles","7":"product_cat-lodra","9":"first","10":"instock","11":"sale","12":"shipping-taxable","13":"purchasable","14":"product-type-variable"},"jetpack_sharing_enabled":true,"_links":{"self":[{"href":"https:\/\/nakedearth.al\/en\/wp-json\/wp\/v2\/product\/6634","targetHints":{"allow":["GET"]}}],"collection":[{"href":"https:\/\/nakedearth.al\/en\/wp-json\/wp\/v2\/product"}],"about":[{"href":"https:\/\/nakedearth.al\/en\/wp-json\/wp\/v2\/types\/product"}],"replies":[{"embeddable":true,"href":"https:\/\/nakedearth.al\/en\/wp-json\/wp\/v2\/comments?post=6634"}],"wp:featuredmedia":[{"embeddable":true,"href":"https:\/\/nakedearth.al\/en\/wp-json\/wp\/v2\/media\/6409"}],"wp:attachment":[{"href":"https:\/\/nakedearth.al\/en\/wp-json\/wp\/v2\/media?parent=6634"}],"wp:term":[{"taxonomy":"product_brand","embeddable":true,"href":"https:\/\/nakedearth.al\/en\/wp-json\/wp\/v2\/product_brand?post=6634"},{"taxonomy":"product_cat","embeddable":true,"href":"https:\/\/nakedearth.al\/en\/wp-json\/wp\/v2\/product_cat?post=6634"},{"taxonomy":"product_tag","embeddable":true,"href":"https:\/\/nakedearth.al\/en\/wp-json\/wp\/v2\/product_tag?post=6634"}],"curies":[{"name":"wp","href":"https:\/\/api.w.org\/{rel}","templated":true}]}}