{"id":7114,"date":"2021-02-06T12:41:44","date_gmt":"2021-02-06T11:41:44","guid":{"rendered":"https:\/\/nakedearth.al\/?post_type=product&#038;p=7114"},"modified":"2024-02-26T09:14:49","modified_gmt":"2024-02-26T08:14:49","slug":"happy-mat","status":"publish","type":"product","link":"https:\/\/nakedearth.al\/en\/product\/happy-mat\/","title":{"rendered":"Happy Mat"},"content":{"rendered":"<p>Happy Mat \u00ebsht\u00eb krijuar p\u00ebr foshnje \/ f\u00ebmij\u00eb t\u00eb vegj\u00ebl 9+ muaj.<br \/>\nP\u00ebrmasat: 38 x 25,5 x 2,5 cm<br \/>\nMadh\u00ebsit\u00eb e porcioneve: 2 x 115g, 1 x 285g<br \/>\nTre ndarje u kujtojn\u00eb prind\u00ebrve t\u00eb sh\u00ebrbejn\u00eb nj\u00eb frut ose perim, proteina dhe karbohidrate<br \/>\nDizajni i fytyr\u00ebs me buz\u00ebqeshje i ndihmon f\u00ebmij\u00ebt me disponimin e duhur p\u00ebr nj\u00eb p\u00ebrvoj\u00eb pozitive n\u00eb koh\u00ebn e ngr\u00ebnies<\/p>\n<p>Happy Mat vendoset leht\u00ebsisht n\u00eb tavolina sip\u00ebrfaqe t\u00eb l\u00ebmuara dhe karriget e ngr\u00ebnies.<\/p>\n<p>B\u00ebr\u00eb nga silikoni me cil\u00ebsi t\u00eb lart\u00eb q\u00eb nuk p\u00ebrmban BPA, PVC dhe ftalat<br \/>\nPastrohet leht\u00eb me uj\u00eb t\u00eb ngroht\u00eb me sapun (silikoni nuk mb\u00ebshtet rritjen e k\u00ebrpudhave, mykut ose baktereve)<br \/>\nMund t\u00eb lahet n\u00eb pjatalar\u00ebse dhe mund t\u00eb p\u00ebrdoret n\u00eb mikroval\u00eb<br \/>\nE nd\u00ebrtuar p\u00ebr jet\u00ebgjat\u00ebsi (silikoni nuk zbehet apo prishet)<\/p>","protected":false},"excerpt":{"rendered":"<p>Dizajni i fytyr\u00ebs me buz\u00ebqeshje i ndihmon f\u00ebmij\u00ebt me disponimin e duhur p\u00ebr nj\u00eb p\u00ebrvoj\u00eb pozitive n\u00eb koh\u00ebn e ngr\u00ebnies<\/p>","protected":false},"featured_media":9606,"comment_status":"open","ping_status":"closed","template":"","meta":[],"product_brand":[],"product_cat":[111,265],"product_tag":[426,550],"class_list":{"0":"post-7114","1":"product","2":"type-product","3":"status-publish","4":"has-post-thumbnail","6":"product_cat-ezpz","7":"product_cat-pjata","8":"product_tag-ezpz","9":"product_tag-happy","11":"first","12":"instock","13":"sale","14":"shipping-taxable","15":"purchasable","16":"product-type-variable"},"jetpack_sharing_enabled":true,"_links":{"self":[{"href":"https:\/\/nakedearth.al\/en\/wp-json\/wp\/v2\/product\/7114","targetHints":{"allow":["GET"]}}],"collection":[{"href":"https:\/\/nakedearth.al\/en\/wp-json\/wp\/v2\/product"}],"about":[{"href":"https:\/\/nakedearth.al\/en\/wp-json\/wp\/v2\/types\/product"}],"replies":[{"embeddable":true,"href":"https:\/\/nakedearth.al\/en\/wp-json\/wp\/v2\/comments?post=7114"}],"wp:featuredmedia":[{"embeddable":true,"href":"https:\/\/nakedearth.al\/en\/wp-json\/wp\/v2\/media\/9606"}],"wp:attachment":[{"href":"https:\/\/nakedearth.al\/en\/wp-json\/wp\/v2\/media?parent=7114"}],"wp:term":[{"taxonomy":"product_brand","embeddable":true,"href":"https:\/\/nakedearth.al\/en\/wp-json\/wp\/v2\/product_brand?post=7114"},{"taxonomy":"product_cat","embeddable":true,"href":"https:\/\/nakedearth.al\/en\/wp-json\/wp\/v2\/product_cat?post=7114"},{"taxonomy":"product_tag","embeddable":true,"href":"https:\/\/nakedearth.al\/en\/wp-json\/wp\/v2\/product_tag?post=7114"}],"curies":[{"name":"wp","href":"https:\/\/api.w.org\/{rel}","templated":true}]}}