{"id":7115,"date":"2021-02-06T12:47:02","date_gmt":"2021-02-06T11:47:02","guid":{"rendered":"https:\/\/nakedearth.al\/?post_type=product&#038;p=7115"},"modified":"2025-02-03T18:49:01","modified_gmt":"2025-02-03T17:49:01","slug":"mini-mat","status":"publish","type":"product","link":"https:\/\/nakedearth.al\/en\/product\/mini-mat\/","title":{"rendered":"Mini Mat"},"content":{"rendered":"<p>Mini Mat \u00ebsht\u00eb p\u00ebrshtatur p\u00ebr p\u00ebrdorim t\u00eb f\u00ebmij\u00ebve dhe udh\u00ebtime.<br \/>\nMini Mat \u00ebsht\u00eb projektuar p\u00ebr foshnje \/ f\u00ebmij\u00eb t\u00eb vegj\u00ebl 4+ muaj.<br \/>\nP\u00ebrmasat: 21,5 x 19,5 x 2,5 cm<br \/>\nMadh\u00ebsit\u00eb e porcionieve: 2 x 55g, 1 x 115g<\/p>\n<p>Mat i p\u00ebrshtatet shumic\u00ebs t\u00eb karrigeve t\u00eb ngr\u00ebnies, p\u00ebrfshir\u00eb modelet e &#8220;kursyesit t\u00eb hap\u00ebsir\u00ebs&#8221;<br \/>\nMat \u00ebsht\u00eb b\u00ebr\u00eb nga nj\u00eb silikon m\u00eb i holl\u00eb dhe \u00ebsht\u00eb jasht\u00ebzakonisht i leht\u00eb, k\u00ebshtu q\u00eb \u00ebsht\u00eb i p\u00ebrsosur p\u00ebr darka jasht\u00eb dhe p\u00ebr t\u00eb udh\u00ebtuar<br \/>\nMat \u00ebsht\u00eb paketuar n\u00eb nj\u00eb qese t\u00eb rip\u00ebrdorshme q\u00eb mund ta merrni me vete kudo<\/p>\n<p>Happy Mat vendoset leht\u00ebsisht n\u00eb tavolina sip\u00ebrfaqe t\u00eb l\u00ebmuara dhe karriget e ngr\u00ebnies.<\/p>\n<p>B\u00ebr\u00eb nga silikoni me cil\u00ebsi t\u00eb lart\u00eb q\u00eb nuk p\u00ebrmban BPA, PVC dhe ftalat<br \/>\nPastrohet leht\u00eb me uj\u00eb t\u00eb ngroht\u00eb me sapun (silikoni nuk mb\u00ebshtet rritjen e k\u00ebrpudhave, mykut ose baktereve)<br \/>\nMund t\u00eb lahet n\u00eb pjatalar\u00ebse dhe mund t\u00eb p\u00ebrdoret n\u00eb mikroval\u00eb<br \/>\nE nd\u00ebrtuar p\u00ebr jet\u00ebgjat\u00ebsi (silikoni nuk zbehet apo prishet)<\/p>","protected":false},"excerpt":{"rendered":"<p>Mini Mat \u00ebsht\u00eb b\u00ebr\u00eb nga nj\u00eb silikon m\u00eb i holl\u00eb dhe \u00ebsht\u00eb jasht\u00ebzakonisht i leht\u00eb, k\u00ebshtu q\u00eb \u00ebsht\u00eb i p\u00ebrsosur p\u00ebr darka jasht\u00eb dhe p\u00ebr t\u00eb udh\u00ebtuar. Mini Mat \u00ebsht\u00eb p\u00ebrshtatur p\u00ebr p\u00ebrdorim t\u00eb f\u00ebmij\u00ebve dhe udh\u00ebtime.<\/p>","protected":false},"featured_media":9541,"comment_status":"open","ping_status":"closed","template":"","meta":[],"product_brand":[],"product_cat":[252,111,265],"product_tag":[426],"class_list":{"0":"post-7115","1":"product","2":"type-product","3":"status-publish","4":"has-post-thumbnail","6":"product_cat-6-12-muaj","7":"product_cat-ezpz","8":"product_cat-pjata","9":"product_tag-ezpz","11":"first","12":"instock","13":"sale","14":"shipping-taxable","15":"purchasable","16":"product-type-variable"},"jetpack_sharing_enabled":true,"_links":{"self":[{"href":"https:\/\/nakedearth.al\/en\/wp-json\/wp\/v2\/product\/7115","targetHints":{"allow":["GET"]}}],"collection":[{"href":"https:\/\/nakedearth.al\/en\/wp-json\/wp\/v2\/product"}],"about":[{"href":"https:\/\/nakedearth.al\/en\/wp-json\/wp\/v2\/types\/product"}],"replies":[{"embeddable":true,"href":"https:\/\/nakedearth.al\/en\/wp-json\/wp\/v2\/comments?post=7115"}],"wp:featuredmedia":[{"embeddable":true,"href":"https:\/\/nakedearth.al\/en\/wp-json\/wp\/v2\/media\/9541"}],"wp:attachment":[{"href":"https:\/\/nakedearth.al\/en\/wp-json\/wp\/v2\/media?parent=7115"}],"wp:term":[{"taxonomy":"product_brand","embeddable":true,"href":"https:\/\/nakedearth.al\/en\/wp-json\/wp\/v2\/product_brand?post=7115"},{"taxonomy":"product_cat","embeddable":true,"href":"https:\/\/nakedearth.al\/en\/wp-json\/wp\/v2\/product_cat?post=7115"},{"taxonomy":"product_tag","embeddable":true,"href":"https:\/\/nakedearth.al\/en\/wp-json\/wp\/v2\/product_tag?post=7115"}],"curies":[{"name":"wp","href":"https:\/\/api.w.org\/{rel}","templated":true}]}}