{"id":7119,"date":"2021-02-06T13:32:23","date_gmt":"2021-02-06T12:32:23","guid":{"rendered":"https:\/\/nakedearth.al\/?post_type=product&#038;p=7119"},"modified":"2023-10-30T11:28:05","modified_gmt":"2023-10-30T10:28:05","slug":"play-mat","status":"publish","type":"product","link":"https:\/\/nakedearth.al\/en\/product\/play-mat\/","title":{"rendered":"Play Mat"},"content":{"rendered":"<p>Karakteristika e thithjes e b\u00ebn t\u00eb v\u00ebshtir\u00eb p\u00ebr duart e vogla q\u00eb t\u00eb hedhin bojrat mbi materialet krijuese<\/p>\n<p>Stabiliteti i Play Mat promovon pavar\u00ebsin\u00eb tek f\u00ebmij\u00ebt tuaj<br \/>\nNdarjet e luleve zhvillojn\u00eb aft\u00ebsit\u00eb motorike t\u00eb im\u00ebta<br \/>\nMat mund t\u00eb p\u00ebrdoret gjithashtu me ushqim<\/p>\n<p>P\u00ebrmasat: 16.5 x 12.25 x 1.25 cm<\/p>\n<p>B\u00ebr\u00eb nga silikoni me cil\u00ebsi t\u00eb lart\u00eb q\u00eb nuk p\u00ebrmban BPA, PVC dhe ftalat<br \/>\nPastrohet leht\u00eb me uj\u00eb t\u00eb ngroht\u00eb me sapun (silikoni nuk mb\u00ebshtet rritjen e k\u00ebrpudhave, mykut ose baktereve)<br \/>\nMund t\u00eb lahet n\u00eb pjatalar\u00ebse dhe mund t\u00eb p\u00ebrdoret n\u00eb mikroval\u00eb<br \/>\nE nd\u00ebrtuar p\u00ebr jet\u00ebgjat\u00ebsi (silikoni nuk zbehet apo prishet)<\/p>","protected":false},"excerpt":{"rendered":"<p>Play Mat me form\u00ebn e lules q\u00eb ndihmon n\u00eb pikturim, bojra, plastelin\u00eb dhe hobi t\u00eb tjera. Thith direkt n\u00eb \u00e7do sip\u00ebrfaqe t\u00eb rrafsh\u00ebt, duke e b\u00ebr\u00eb t\u00eb v\u00ebshtir\u00eb p\u00ebr tu heur nga f\u00ebmij\u00ebt.<\/p>","protected":false},"featured_media":10965,"comment_status":"open","ping_status":"closed","template":"","meta":[],"product_brand":[],"product_cat":[253,252,111,282,265],"product_tag":[426],"class_list":{"0":"post-7119","1":"product","2":"type-product","3":"status-publish","4":"has-post-thumbnail","6":"product_cat-12-muaj","7":"product_cat-6-12-muaj","8":"product_cat-ezpz","9":"product_cat-lodra","10":"product_cat-pjata","11":"product_tag-ezpz","13":"first","14":"instock","15":"sale","16":"shipping-taxable","17":"purchasable","18":"product-type-variable"},"jetpack_sharing_enabled":true,"_links":{"self":[{"href":"https:\/\/nakedearth.al\/en\/wp-json\/wp\/v2\/product\/7119","targetHints":{"allow":["GET"]}}],"collection":[{"href":"https:\/\/nakedearth.al\/en\/wp-json\/wp\/v2\/product"}],"about":[{"href":"https:\/\/nakedearth.al\/en\/wp-json\/wp\/v2\/types\/product"}],"replies":[{"embeddable":true,"href":"https:\/\/nakedearth.al\/en\/wp-json\/wp\/v2\/comments?post=7119"}],"wp:featuredmedia":[{"embeddable":true,"href":"https:\/\/nakedearth.al\/en\/wp-json\/wp\/v2\/media\/10965"}],"wp:attachment":[{"href":"https:\/\/nakedearth.al\/en\/wp-json\/wp\/v2\/media?parent=7119"}],"wp:term":[{"taxonomy":"product_brand","embeddable":true,"href":"https:\/\/nakedearth.al\/en\/wp-json\/wp\/v2\/product_brand?post=7119"},{"taxonomy":"product_cat","embeddable":true,"href":"https:\/\/nakedearth.al\/en\/wp-json\/wp\/v2\/product_cat?post=7119"},{"taxonomy":"product_tag","embeddable":true,"href":"https:\/\/nakedearth.al\/en\/wp-json\/wp\/v2\/product_tag?post=7119"}],"curies":[{"name":"wp","href":"https:\/\/api.w.org\/{rel}","templated":true}]}}