{"id":7127,"date":"2021-02-06T14:17:07","date_gmt":"2021-02-06T13:17:07","guid":{"rendered":"https:\/\/nakedearth.al\/?post_type=product&#038;p=7127"},"modified":"2025-06-20T16:01:51","modified_gmt":"2025-06-20T14:01:51","slug":"tiny-bowl","status":"publish","type":"product","link":"https:\/\/nakedearth.al\/en\/product\/tiny-bowl\/","title":{"rendered":"Tiny Bowl"},"content":{"rendered":"<p>Tasi i vog\u00ebl \u00ebsht\u00eb perfekt p\u00ebr ushqimet e para, si pure, kos dhe drith\u00ebra p\u00ebr f\u00ebmij\u00eb.<br \/>\nProjektuar p\u00ebr foshnje 4+ muaj.<br \/>\nP\u00ebrmasat: 22,8 x 16,5 x 2,7 cm<br \/>\nPjesa me madh\u00ebsi prej 141 g<\/p>\n<p>Promovon vet\u00eb-ushqyerjen dhe zhvillon aft\u00ebsi t\u00eb shk\u00eblqyera motorike<br \/>\nKompakt dhe i leht\u00eb, k\u00ebshtu q\u00eb \u00ebsht\u00eb i p\u00ebrsosur p\u00ebr darka jasht\u00eb dhe udh\u00ebtime<br \/>\nPaketuar n\u00eb nj\u00eb qese t\u00eb rip\u00ebrdorshme q\u00eb \u00ebsht\u00eb e disponueshme p\u00ebr tu futur n\u00eb \u00e7ant\u00ebn tuaj<\/p>\n<p>B\u00ebr\u00eb nga silikoni me cil\u00ebsi t\u00eb lart\u00eb q\u00eb nuk p\u00ebrmban BPA, PVC dhe ftalat<br \/>\nPastrohet leht\u00eb me uj\u00eb t\u00eb ngroht\u00eb me sapun (silikoni nuk mb\u00ebshtet rritjen e k\u00ebrpudhave, mykut ose baktereve)<br \/>\nMund t\u00eb lahet n\u00eb pjatalar\u00ebse dhe mund t\u00eb p\u00ebrdoret n\u00eb mikroval\u00eb<br \/>\nE nd\u00ebrtuar p\u00ebr jet\u00ebgjat\u00ebsi (silikoni nuk zbehet apo prishet)<\/p>","protected":false},"excerpt":{"rendered":"<p>Tasi i vog\u00ebl \u00ebsht\u00eb perfekt p\u00ebr ushqimet e para, si pure, kos dhe drith\u00ebra p\u00ebr f\u00ebmij\u00eb.<\/p>","protected":false},"featured_media":10925,"comment_status":"open","ping_status":"closed","template":"","meta":[],"product_brand":[],"product_cat":[252,111,262],"product_tag":[426,549],"class_list":{"0":"post-7127","1":"product","2":"type-product","3":"status-publish","4":"has-post-thumbnail","6":"product_cat-6-12-muaj","7":"product_cat-ezpz","8":"product_cat-tasa","9":"product_tag-ezpz","10":"product_tag-tiny","12":"first","13":"instock","14":"sale","15":"shipping-taxable","16":"purchasable","17":"product-type-variable"},"jetpack_sharing_enabled":true,"_links":{"self":[{"href":"https:\/\/nakedearth.al\/en\/wp-json\/wp\/v2\/product\/7127","targetHints":{"allow":["GET"]}}],"collection":[{"href":"https:\/\/nakedearth.al\/en\/wp-json\/wp\/v2\/product"}],"about":[{"href":"https:\/\/nakedearth.al\/en\/wp-json\/wp\/v2\/types\/product"}],"replies":[{"embeddable":true,"href":"https:\/\/nakedearth.al\/en\/wp-json\/wp\/v2\/comments?post=7127"}],"wp:featuredmedia":[{"embeddable":true,"href":"https:\/\/nakedearth.al\/en\/wp-json\/wp\/v2\/media\/10925"}],"wp:attachment":[{"href":"https:\/\/nakedearth.al\/en\/wp-json\/wp\/v2\/media?parent=7127"}],"wp:term":[{"taxonomy":"product_brand","embeddable":true,"href":"https:\/\/nakedearth.al\/en\/wp-json\/wp\/v2\/product_brand?post=7127"},{"taxonomy":"product_cat","embeddable":true,"href":"https:\/\/nakedearth.al\/en\/wp-json\/wp\/v2\/product_cat?post=7127"},{"taxonomy":"product_tag","embeddable":true,"href":"https:\/\/nakedearth.al\/en\/wp-json\/wp\/v2\/product_tag?post=7127"}],"curies":[{"name":"wp","href":"https:\/\/api.w.org\/{rel}","templated":true}]}}