{"id":8415,"date":"2021-03-23T15:47:00","date_gmt":"2021-03-23T14:47:00","guid":{"rendered":"https:\/\/nakedearth.al\/?post_type=product&#038;p=8415"},"modified":"2026-02-14T22:33:01","modified_gmt":"2026-02-14T21:33:01","slug":"animal-teather","status":"publish","type":"product","link":"https:\/\/nakedearth.al\/en\/product\/animal-teather\/","title":{"rendered":"Animal Teather"},"content":{"rendered":"<h2>Matchstick Monkey \u2013 Animal Teether<\/h2>\n<div class=\"page\" title=\"Page 7\">\n<div class=\"layoutArea\">\n<div class=\"column\">\n<p>I but\u00eb dhe me teksture qet\u00ebsuese p\u00ebr dh\u00ebmb\u00ebt e f\u00ebmij\u00ebs suaj. Nj\u00eb m\u00ebnyr\u00eb higjenike ndaj aplikimit t\u00eb produkteve t\u00eb dh\u00ebmb\u00ebzimit.<\/p>\n<p>Aplikues i xhelit t\u00eb dh\u00ebmb\u00ebve.<\/p>\n<ul>\n<li>Dh\u00ebmb\u00ebzues arg\u00ebtues, me tekstur\u00eb t\u00eb but\u00eb silikoni q\u00eb ofron leht\u00ebsim p\u00ebr dhimbjen e mishrave t\u00eb dh\u00ebmb\u00ebve<\/li>\n<li>P\u00ebrmban teknologjin\u00eb antimikrobike BioCote\u00ae gjat\u00eb gjith\u00eb koh\u00ebs, duke e b\u00ebr\u00eb m\u00eb t\u00eb leht\u00eb mbajtjen past\u00ebr t\u00eb produktit duke e b\u00ebr\u00eb k\u00ebshtu m\u00eb t\u00eb past\u00ebr se \u00e7do dh\u00ebmb\u00ebzues tjet\u00ebr<\/li>\n<li>Gungat e buta n\u00eb pjes\u00ebn e pasme t\u00eb kok\u00ebs s\u00eb dh\u00ebmb\u00ebzuesit, jan\u00eb perfekte p\u00ebr aplikimin e produkteve si xhel apo granula tek zonat q\u00eb jan\u00eb t\u00eb v\u00ebshtira p\u00ebr t\u2019u arritur.<\/li>\n<li>Dizajni ergonomik e ndihmon f\u00ebmij\u00ebn tuaj t\u00eb zhvilloj\u00eb aft\u00ebsit\u00eb motorike q\u00eb n\u00eb mosh\u00eb t\u00eb hershme<\/li>\n<li>I leht\u00eb p\u00ebr t\u2019u mbajtur nga duart e vogla<\/li>\n<li>Mund t\u00eb p\u00ebrdoret gjithashtu si fur\u00e7\u00eb dh\u00ebmb\u00ebsh<\/li>\n<li>Silikon i grad\u00ebs ushqimore i aprovuar nga FDA<\/li>\n<li>Pa BPA, jo toksike dhe miq\u00ebsore me mjedisin<\/li>\n<li>I sigurt n\u00eb lavastovilje dhe frigorifer<\/li>\n<li>I p\u00ebrshtatsh\u00ebm p\u00ebr sterilizim me avull dhe uj\u00eb t\u00eb ftoht\u00eb<\/li>\n<li>Vjen n\u00eb paketim kutie t\u00eb rip\u00ebrdorshme apo p\u00ebr ruajtje<\/li>\n<li>Lart\u00ebsia: 11 cm<\/li>\n<\/ul>\n<\/div>\n<\/div>\n<\/div>","protected":false},"excerpt":{"rendered":"<h3>Cili \u00ebsht\u00eb personazhi juaj i preferuar?<\/h3>\n<p>Zgjerimi i familjes son\u00eb t\u00eb produkteve, me personazhe t\u00eb reja. P\u00ebrdorni pjes\u00ebn me gunga p\u00ebr t\u00eb masazhuar mishrat e dh\u00ebmb\u00ebve t\u00eb foshnj\u00ebs suaj dhe vendosni xhel dh\u00ebmb\u00ebsh n\u00eb burimin e dhimbjes.<\/p>","protected":false},"featured_media":14608,"comment_status":"open","ping_status":"closed","template":"","meta":[],"product_brand":[],"product_cat":[253,252,259,294,282,94],"product_tag":[578,850],"class_list":{"0":"post-8415","1":"product","2":"type-product","3":"status-publish","4":"has-post-thumbnail","6":"product_cat-12-muaj","7":"product_cat-6-12-muaj","8":"product_cat-dalja-e-dhembeve","9":"product_cat-dhurata","10":"product_cat-lodra","11":"product_cat-matchstick-monkey","12":"product_tag-teething","13":"product_tag-toys","15":"first","16":"instock","17":"shipping-taxable","18":"purchasable","19":"product-type-variable"},"jetpack_sharing_enabled":true,"_links":{"self":[{"href":"https:\/\/nakedearth.al\/en\/wp-json\/wp\/v2\/product\/8415","targetHints":{"allow":["GET"]}}],"collection":[{"href":"https:\/\/nakedearth.al\/en\/wp-json\/wp\/v2\/product"}],"about":[{"href":"https:\/\/nakedearth.al\/en\/wp-json\/wp\/v2\/types\/product"}],"replies":[{"embeddable":true,"href":"https:\/\/nakedearth.al\/en\/wp-json\/wp\/v2\/comments?post=8415"}],"wp:featuredmedia":[{"embeddable":true,"href":"https:\/\/nakedearth.al\/en\/wp-json\/wp\/v2\/media\/14608"}],"wp:attachment":[{"href":"https:\/\/nakedearth.al\/en\/wp-json\/wp\/v2\/media?parent=8415"}],"wp:term":[{"taxonomy":"product_brand","embeddable":true,"href":"https:\/\/nakedearth.al\/en\/wp-json\/wp\/v2\/product_brand?post=8415"},{"taxonomy":"product_cat","embeddable":true,"href":"https:\/\/nakedearth.al\/en\/wp-json\/wp\/v2\/product_cat?post=8415"},{"taxonomy":"product_tag","embeddable":true,"href":"https:\/\/nakedearth.al\/en\/wp-json\/wp\/v2\/product_tag?post=8415"}],"curies":[{"name":"wp","href":"https:\/\/api.w.org\/{rel}","templated":true}]}}