{"id":8554,"date":"2021-03-23T22:02:31","date_gmt":"2021-03-23T21:02:31","guid":{"rendered":"https:\/\/nakedearth.al\/?post_type=product&#038;p=8554"},"modified":"2026-02-14T22:38:14","modified_gmt":"2026-02-14T21:38:14","slug":"mini-teething-toy","status":"publish","type":"product","link":"https:\/\/nakedearth.al\/en\/product\/mini-teething-toy\/","title":{"rendered":"Mini Teething Toy"},"content":{"rendered":"<h2>Matchstick Monkey Mini Teether<\/h2>\n<p>Nj\u00eb lod\u00ebr e but\u00eb dhe me tekstura t\u00eb ndryshme q\u00eb ndihmon n\u00eb masazhimin e mishrave t\u00eb dh\u00ebmb\u00ebve, duke leht\u00ebsuar dhimbjen.<br \/>\nDizajn i leht\u00eb, ergonomik p\u00ebr foshnjat q\u00eb mbahen nga nj\u00eb mosh\u00eb shum\u00eb e vog\u00ebl.<\/p>\n<div class=\"page\" title=\"Page 11\">\n<div class=\"layoutArea\">\n<div class=\"column\">\n<p>Ndihmon n\u00eb qet\u00ebsimin e mishrave t\u00eb dh\u00ebmb\u00ebve nd\u00ebrsa f\u00ebmija juaj arg\u00ebtohet.<\/p>\n<ul>\n<li>P\u00ebrmban teknologjin\u00eb antimikrobike BioCote\u00ae gjat\u00eb gjith\u00eb koh\u00ebs, duke e b\u00ebr\u00eb m\u00eb t\u00eb leht\u00eb mir\u00ebmbajtjen e higjen\u00ebs orale.<\/li>\n<li>Mund t\u00eb lahet n\u00eb lavastovilje dhe t\u00eb ftohet n\u00eb frigorifer.<\/li>\n<li>Silikon i grad\u00ebs ushqimore i aprovuar nga FDA.<\/li>\n<li>BPA jo-toksike dhe miq\u00ebsore me mjedisin.<\/li>\n<\/ul>\n<\/div>\n<\/div>\n<\/div>","protected":false},"excerpt":{"rendered":"<h3>Lodra m\u00eb e sigurt\u00eb p\u00ebr dh\u00ebmb\u00ebzimin<\/h3>\n<p>Nj\u00eb produkt i p\u00ebrsosur p\u00ebr duart e vogla. Nj\u00eb produkt dh\u00ebmb\u00ebzimi arg\u00ebtues prej silikoni me shum\u00eb tekstura p\u00ebr t\u2019u eksploruar.<\/p>","protected":false},"featured_media":14611,"comment_status":"open","ping_status":"closed","template":"","meta":[],"product_brand":[],"product_cat":[252,259,294,282,94],"product_tag":[578],"class_list":{"0":"post-8554","1":"product","2":"type-product","3":"status-publish","4":"has-post-thumbnail","6":"product_cat-6-12-muaj","7":"product_cat-dalja-e-dhembeve","8":"product_cat-dhurata","9":"product_cat-lodra","10":"product_cat-matchstick-monkey","11":"product_tag-teething","13":"first","14":"instock","15":"shipping-taxable","16":"purchasable","17":"product-type-variable"},"jetpack_sharing_enabled":true,"_links":{"self":[{"href":"https:\/\/nakedearth.al\/en\/wp-json\/wp\/v2\/product\/8554","targetHints":{"allow":["GET"]}}],"collection":[{"href":"https:\/\/nakedearth.al\/en\/wp-json\/wp\/v2\/product"}],"about":[{"href":"https:\/\/nakedearth.al\/en\/wp-json\/wp\/v2\/types\/product"}],"replies":[{"embeddable":true,"href":"https:\/\/nakedearth.al\/en\/wp-json\/wp\/v2\/comments?post=8554"}],"wp:featuredmedia":[{"embeddable":true,"href":"https:\/\/nakedearth.al\/en\/wp-json\/wp\/v2\/media\/14611"}],"wp:attachment":[{"href":"https:\/\/nakedearth.al\/en\/wp-json\/wp\/v2\/media?parent=8554"}],"wp:term":[{"taxonomy":"product_brand","embeddable":true,"href":"https:\/\/nakedearth.al\/en\/wp-json\/wp\/v2\/product_brand?post=8554"},{"taxonomy":"product_cat","embeddable":true,"href":"https:\/\/nakedearth.al\/en\/wp-json\/wp\/v2\/product_cat?post=8554"},{"taxonomy":"product_tag","embeddable":true,"href":"https:\/\/nakedearth.al\/en\/wp-json\/wp\/v2\/product_tag?post=8554"}],"curies":[{"name":"wp","href":"https:\/\/api.w.org\/{rel}","templated":true}]}}