{"id":8974,"date":"2021-06-15T20:42:15","date_gmt":"2021-06-15T18:42:15","guid":{"rendered":"https:\/\/nakedearth.al\/?post_type=product&#038;p=8974"},"modified":"2025-03-17T11:26:13","modified_gmt":"2025-03-17T10:26:13","slug":"furce-dhembesh-6m","status":"publish","type":"product","link":"https:\/\/nakedearth.al\/en\/product\/furce-dhembesh-6m\/","title":{"rendered":"Furc\u00eb Dh\u00ebmb\u00ebsh &#8211; 6m+"},"content":{"rendered":"<p>Fur\u00e7at e dh\u00ebmb\u00ebve t\u00eb biodegradueshme jan\u00eb b\u00ebr\u00eb nga Amidoni i Misrit q\u00eb do t\u00eb thot\u00eb se ato jan\u00eb t\u00eb kompostueshme dhe do t\u00eb prishen n\u00eb tok\u00eb me kalimin e koh\u00ebs. Dorezat e fur\u00e7ave jan\u00eb t\u00eb l\u00ebmuara dhe ndjehen si fur\u00e7at tradicionale t\u00eb dh\u00ebmb\u00ebve. Fijet e fur\u00e7ave t\u00eb dh\u00ebmb\u00ebve jan\u00eb b\u00ebr\u00eb nga najloni. Koka mund t\u00eb thyhet dhe riciklohet. Ndryshe nga fur\u00e7at e tjera t\u00eb dh\u00ebmb\u00ebve n\u00eb treg, ato jan\u00eb shum\u00eb t\u00eb buta p\u00ebr mishrat dhe dorezat ergonomike jan\u00eb perfekte p\u00ebr duar t\u00eb vogla.T\u00eb p\u00ebrshtatshme q\u00eb nga dh\u00ebmbi i par\u00eb!<\/p>\n<p>Plastikat e disponueshme po shkat\u00ebrrojn\u00eb mjedisin, ve\u00e7an\u00ebrisht n\u00eb oqeanet tona dhe ujin. Dhjet\u00eb vjet m\u00eb par\u00eb, Jack n Jill ishin pionier\u00eb t\u00eb p\u00ebrdorimit t\u00eb nisesht\u00ebs s\u00eb misrit n\u00eb dorezat e fur\u00e7ave t\u00eb dh\u00ebmb\u00ebve. Amidoni i misrit \u00ebsht\u00eb nj\u00eb material q\u00eb rrjedh nga bim\u00ebt, i cili \u00ebsht\u00eb i kompostuesh\u00ebm dhe i biodegraduesh\u00ebm. Jack n Jill dyfishoi angazhimin p\u00ebr mjedisin dhe krijoi nj\u00eb paket\u00eb krejt\u00ebsisht plastike t\u00eb lir\u00eb dhe t\u00eb biodegradueshme, duke p\u00ebrfshir\u00eb &#8220;fllusk\u00ebn&#8221; transparente.<\/p>\n<p>Personazhe t\u00eb adhuruesh\u00ebm. F\u00ebmij\u00ebt tuaj do t\u00eb duan t\u00eb p\u00ebrdorin k\u00ebto fur\u00e7a, k\u00ebshtu q\u00eb \u00ebsht\u00eb nj\u00eb FITORE!<\/p>\n<p>K\u00ebshilla:<br \/>\n1) Mos harroni t\u00eb z\u00ebvend\u00ebsoni fur\u00e7\u00ebn tuaj t\u00eb dh\u00ebmb\u00ebve \u00e7do 6-8 jav\u00eb!<br \/>\n2) Mos harroni t\u00eb z\u00ebvend\u00ebsoni fur\u00e7\u00ebn e dh\u00ebmb\u00ebve pas s\u00ebmundjes (mikrobet mund t\u00eb mbeten n\u00eb fur\u00e7\u00ebn e dh\u00ebmb\u00ebve &#8211; yuck!)<br \/>\n3) Sterilizoni shpesh &#8211; rreth nj\u00eb her\u00eb n\u00eb jav\u00eb, ju rekomandojm\u00eb q\u00eb t\u00eb zhytni kok\u00ebn e fur\u00e7\u00ebs s\u00eb dh\u00ebmb\u00ebve n\u00eb 10% peroksid hidrogjeni (i disponuesh\u00ebm gjer\u00ebsisht nga farmacit\u00eb). L\u00ebreni p\u00ebr 10 minuta, m\u00eb pas shp\u00eblajeni me uj\u00eb dhe l\u00ebreni t\u00eb thahet n\u00eb aj\u00ebr. Fur\u00e7a e dh\u00ebmb\u00ebve t\u00eb f\u00ebmij\u00ebs suaj do t\u00eb q\u00ebndroj\u00eb m\u00eb e past\u00ebr dhe do t\u00eb zgjas\u00eb m\u00eb shum\u00eb.<\/p>","protected":false},"excerpt":{"rendered":"<p>Ndryshe nga fur\u00e7at e tjera t\u00eb dh\u00ebmb\u00ebve n\u00eb treg, k\u00ebto fur\u00e7a jan\u00eb shum\u00eb t\u00eb buta p\u00ebr mishrat dhe dorezat ergonomike jan\u00eb perfekte p\u00ebr duar t\u00eb vogla.T\u00eb p\u00ebrshtatshme q\u00eb nga dh\u00ebmbi i par\u00eb! Fur\u00e7at Jack n Jill jan\u00eb t\u00eb biodegradueshme t\u00eb b\u00ebra nga Amidoni i Misrit q\u00eb do t\u00eb thot\u00eb se ato jan\u00eb t\u00eb kompostueshme dhe do t\u00eb prishen n\u00eb tok\u00eb me kalimin e koh\u00ebs<\/p>","protected":false},"featured_media":14867,"comment_status":"open","ping_status":"closed","template":"","meta":[],"product_brand":[],"product_cat":[253,252,258,90],"product_tag":[918,547,919],"class_list":{"0":"post-8974","1":"product","2":"type-product","3":"status-publish","4":"has-post-thumbnail","6":"product_cat-12-muaj","7":"product_cat-6-12-muaj","8":"product_cat-higjena-orale","9":"product_cat-jack-n-jill","10":"product_tag-furca-dhembesh","11":"product_tag-oral-hygiene","12":"product_tag-toothbrush","14":"first","15":"instock","16":"shipping-taxable","17":"purchasable","18":"product-type-variable"},"jetpack_sharing_enabled":true,"_links":{"self":[{"href":"https:\/\/nakedearth.al\/en\/wp-json\/wp\/v2\/product\/8974","targetHints":{"allow":["GET"]}}],"collection":[{"href":"https:\/\/nakedearth.al\/en\/wp-json\/wp\/v2\/product"}],"about":[{"href":"https:\/\/nakedearth.al\/en\/wp-json\/wp\/v2\/types\/product"}],"replies":[{"embeddable":true,"href":"https:\/\/nakedearth.al\/en\/wp-json\/wp\/v2\/comments?post=8974"}],"wp:featuredmedia":[{"embeddable":true,"href":"https:\/\/nakedearth.al\/en\/wp-json\/wp\/v2\/media\/14867"}],"wp:attachment":[{"href":"https:\/\/nakedearth.al\/en\/wp-json\/wp\/v2\/media?parent=8974"}],"wp:term":[{"taxonomy":"product_brand","embeddable":true,"href":"https:\/\/nakedearth.al\/en\/wp-json\/wp\/v2\/product_brand?post=8974"},{"taxonomy":"product_cat","embeddable":true,"href":"https:\/\/nakedearth.al\/en\/wp-json\/wp\/v2\/product_cat?post=8974"},{"taxonomy":"product_tag","embeddable":true,"href":"https:\/\/nakedearth.al\/en\/wp-json\/wp\/v2\/product_tag?post=8974"}],"curies":[{"name":"wp","href":"https:\/\/api.w.org\/{rel}","templated":true}]}}