{"id":8982,"date":"2021-06-15T21:08:46","date_gmt":"2021-06-15T19:08:46","guid":{"rendered":"https:\/\/nakedearth.al\/?post_type=product&#038;p=8982"},"modified":"2024-11-09T10:36:40","modified_gmt":"2024-11-09T09:36:40","slug":"furce-dhembesh-ivory-desert","status":"publish","type":"product","link":"https:\/\/nakedearth.al\/en\/product\/furce-dhembesh-ivory-desert\/","title":{"rendered":"Fur\u00e7\u00eb Dh\u00ebmb\u00ebsh &#8211; Ivory Desert"},"content":{"rendered":"<p>NFco. Fur\u00e7\u00eb Dh\u00ebmb\u00ebsh Ivory Desert<\/p>\n<p>Fur\u00e7a e dh\u00ebmb\u00ebve NFco Bio \u00ebsht\u00eb e biodegradueshme s\u00eb bashku me paketimin e saj.<br \/>\nDoreza \u00ebsht\u00eb b\u00ebr\u00eb nga niseshte misri pa-OMGJ me fije najloni t\u00eb cilat jan\u00eb pa BPA.<\/p>","protected":false},"excerpt":{"rendered":"<p>Fur\u00e7a e dh\u00ebmb\u00ebve NFco Bio \u00ebsht\u00eb e biodegradueshme s\u00eb bashku me paketimin e saj.<\/p>","protected":false},"featured_media":9439,"comment_status":"open","ping_status":"closed","template":"","meta":[],"product_brand":[],"product_cat":[258,93],"product_tag":[409,406,408],"class_list":{"0":"post-8982","1":"product","2":"type-product","3":"status-publish","4":"has-post-thumbnail","6":"product_cat-higjena-orale","7":"product_cat-nfco","8":"product_tag-furce","9":"product_tag-nfco","10":"product_tag-paste","12":"first","13":"instock","14":"sale","15":"shipping-taxable","16":"purchasable","17":"product-type-simple"},"jetpack_sharing_enabled":true,"_links":{"self":[{"href":"https:\/\/nakedearth.al\/en\/wp-json\/wp\/v2\/product\/8982","targetHints":{"allow":["GET"]}}],"collection":[{"href":"https:\/\/nakedearth.al\/en\/wp-json\/wp\/v2\/product"}],"about":[{"href":"https:\/\/nakedearth.al\/en\/wp-json\/wp\/v2\/types\/product"}],"replies":[{"embeddable":true,"href":"https:\/\/nakedearth.al\/en\/wp-json\/wp\/v2\/comments?post=8982"}],"wp:featuredmedia":[{"embeddable":true,"href":"https:\/\/nakedearth.al\/en\/wp-json\/wp\/v2\/media\/9439"}],"wp:attachment":[{"href":"https:\/\/nakedearth.al\/en\/wp-json\/wp\/v2\/media?parent=8982"}],"wp:term":[{"taxonomy":"product_brand","embeddable":true,"href":"https:\/\/nakedearth.al\/en\/wp-json\/wp\/v2\/product_brand?post=8982"},{"taxonomy":"product_cat","embeddable":true,"href":"https:\/\/nakedearth.al\/en\/wp-json\/wp\/v2\/product_cat?post=8982"},{"taxonomy":"product_tag","embeddable":true,"href":"https:\/\/nakedearth.al\/en\/wp-json\/wp\/v2\/product_tag?post=8982"}],"curies":[{"name":"wp","href":"https:\/\/api.w.org\/{rel}","templated":true}]}}