{"id":8997,"date":"2023-01-15T09:48:29","date_gmt":"2023-01-15T08:48:29","guid":{"rendered":"https:\/\/nakedearth.al\/?post_type=product&#038;p=8997"},"modified":"2026-04-27T19:39:14","modified_gmt":"2026-04-27T17:39:14","slug":"gushore-me-menge-6-24m","status":"publish","type":"product","link":"https:\/\/nakedearth.al\/en\/product\/gushore-me-menge-6-24m\/","title":{"rendered":"Gushore me menge 6-24m"},"content":{"rendered":"<h3>Tiny Twinkle &#8211; Gushore me m\u00ebng\u00eb<\/h3>\n<h3>Modele pafund, nga m\u00eb t\u00eb bukurat.<\/h3>\n<ul>\n<li>I but\u00eb, i leht\u00eb dhe i pap\u00ebrshkuesh\u00ebm nga uji<\/li>\n<li>M\u00ebng\u00ebt e gjata mbrojn\u00eb rrobat<\/li>\n<li>Xhep i krijuar p\u00ebr t\u00eb q\u00ebndruar i hapur p\u00ebr t\u00eb kapur th\u00ebrrmijat<\/li>\n<li>Mbyllja e but\u00eb me ngjit\u00ebse, pa g\u00ebrvishtje \u00ebsht\u00eb e but\u00eb p\u00ebr f\u00ebmij\u00ebn<\/li>\n<li>P\u00ebr moshat 6-24 muaj<\/li>\n<\/ul>\n<h4>Udh\u00ebzime p\u00ebr kujdesin dhe p\u00ebrdorimin<\/h4>\n<p>Leht\u00eb p\u00ebr t&#8217;u pastruar &#8211; shp\u00eblajeni dhe thajeni n\u00eb pak minuta<br \/>\nLahet n\u00eb lavatri\u00e7e<br \/>\nPA PVC, BPA dhe FTALATE<\/p>","protected":false},"excerpt":{"rendered":"<h2>Gushore me m\u00ebng\u00eb<\/h2>\n<p>P\u00ebr bebet tuaja 6m+ q\u00eb jan\u00eb gati t\u00eb fillojn\u00eb ushqimin. Nuk ka m\u00eb th\u00ebrrmija n\u00eb tok\u00eb dhe rroba pis!<\/p>","protected":false},"featured_media":15464,"comment_status":"open","ping_status":"closed","template":"","meta":[],"product_brand":[],"product_cat":[253,252,264,271,110],"product_tag":[433],"class_list":{"0":"post-8997","1":"product","2":"type-product","3":"status-publish","4":"has-post-thumbnail","6":"product_cat-12-muaj","7":"product_cat-6-12-muaj","8":"product_cat-aksesore-ngrenieje","9":"product_cat-gushore","10":"product_cat-tiny-twinkle","11":"product_tag-gushore","13":"first","14":"instock","15":"sale","16":"shipping-taxable","17":"purchasable","18":"product-type-variable"},"jetpack_sharing_enabled":true,"_links":{"self":[{"href":"https:\/\/nakedearth.al\/en\/wp-json\/wp\/v2\/product\/8997","targetHints":{"allow":["GET"]}}],"collection":[{"href":"https:\/\/nakedearth.al\/en\/wp-json\/wp\/v2\/product"}],"about":[{"href":"https:\/\/nakedearth.al\/en\/wp-json\/wp\/v2\/types\/product"}],"replies":[{"embeddable":true,"href":"https:\/\/nakedearth.al\/en\/wp-json\/wp\/v2\/comments?post=8997"}],"wp:featuredmedia":[{"embeddable":true,"href":"https:\/\/nakedearth.al\/en\/wp-json\/wp\/v2\/media\/15464"}],"wp:attachment":[{"href":"https:\/\/nakedearth.al\/en\/wp-json\/wp\/v2\/media?parent=8997"}],"wp:term":[{"taxonomy":"product_brand","embeddable":true,"href":"https:\/\/nakedearth.al\/en\/wp-json\/wp\/v2\/product_brand?post=8997"},{"taxonomy":"product_cat","embeddable":true,"href":"https:\/\/nakedearth.al\/en\/wp-json\/wp\/v2\/product_cat?post=8997"},{"taxonomy":"product_tag","embeddable":true,"href":"https:\/\/nakedearth.al\/en\/wp-json\/wp\/v2\/product_tag?post=8997"}],"curies":[{"name":"wp","href":"https:\/\/api.w.org\/{rel}","templated":true}]}}