{"id":9127,"date":"2021-06-16T15:29:05","date_gmt":"2021-06-16T13:29:05","guid":{"rendered":"https:\/\/nakedearth.al\/?post_type=product&#038;p=9127"},"modified":"2026-02-14T21:46:22","modified_gmt":"2026-02-14T20:46:22","slug":"vaj-organik-kokosi-70g","status":"publish","type":"product","link":"https:\/\/nakedearth.al\/en\/product\/vaj-organik-kokosi-70g\/","title":{"rendered":"Vaj Organik Kokosi &#8211; 70g"},"content":{"rendered":"<p>Vaj organik i kokosit i shtypur n\u00eb t\u00eb ftoht\u00eb, i virgj\u00ebr dhe i pap\u00ebrpunuar me cil\u00ebsi m\u00eb t\u00eb lart\u00eb<br \/>\nOrganik i \u00e7ertifikuar nga Bioagricert<br \/>\nUltra i leht\u00eb dhe jo I yndyrsh\u00ebm p\u00ebr t\u00eb mbajtur l\u00ebkur\u00ebn t\u00eb but\u00eb<br \/>\nDy madh\u00ebsi t\u00eb p\u00ebrshtatshme p\u00ebr sht\u00ebpi dhe gjat\u00eb l\u00ebvizjes<br \/>\nP\u00ebrmban veti natyrore anti-inflamatore, antibakteriale dhe antimikrobike<br \/>\nTestuar dermatologjikisht. I sigurt nga t\u00eb porsalindurit e lart<br \/>\nI p\u00ebrshtatsh\u00ebm p\u00ebr l\u00ebkur\u00eb t\u00eb ndjeshme dhe l\u00ebkur\u00eb t\u00eb prirur p\u00ebr ekzem\u00eb<br \/>\nKavanoz i sigurt p\u00ebr f\u00ebmij\u00eb, i leht\u00eb dhe i ricikluesh\u00ebm pa BPA<br \/>\nT\u00eb prodhuara n\u00eb m\u00ebnyr\u00eb etike, miq\u00ebsore p\u00ebr vegan\u00ebt dhe pa mizori<br \/>\nMir\u00ebsia natyrore e 1.5 arrave t\u00eb kokosit n\u00eb \u00e7do kavanoz 70g<\/p>\n<p>Si t\u00eb p\u00ebrdoret<\/p>\n<p>Vaji i kokosit \u00ebsht\u00eb i ngurt\u00eb n\u00eb temperatur\u00ebn e dhom\u00ebs por n\u00eb m\u00ebnyr\u00eb magjike shkrihet n\u00eb ngroht\u00ebsin\u00eb e duarve tuaja. Hiqni pak nga vaji i ngurt\u00eb dhe shkrijeni n\u00eb duar. Masazhojeni but\u00ebsisht n\u00eb l\u00ebkur\u00eb, skalp ose flok\u00eb. Aplikoni \u00e7do dit\u00eb pas larjes, p\u00ebr masazh t\u00eb foshnj\u00ebs, n\u00eb ndryshimet e pelenave dhe sa her\u00eb q\u00eb l\u00ebkura ka nevoj\u00eb p\u00ebr kujdes ushqyes. Pak shkon shum\u00eb.<\/p>\n<p>\u2022 Vaj masazhi<br \/>\n\u2022 Balsam p\u00ebr pelena<br \/>\n\u2022 Krem hidratues p\u00ebr trupin<br \/>\n\u2022 Vaj flok\u00ebsh<br \/>\n\u2022 Kujdesi p\u00ebr l\u00ebkur\u00ebn e kok\u00ebs<br \/>\n\u2022 Rrudhat e l\u00ebkur\u00ebs<br \/>\n\u2022 Skuqjet dhe irritimet e l\u00ebkur\u00ebs<br \/>\n\u2022 L\u00ebkur\u00eb e that\u00eb<br \/>\n\u2022 L\u00ebkur\u00eb e prirur p\u00ebr ekzem\u00eb<br \/>\n\u2022 Pas diellit<br \/>\n\u2022 Pastrues i l\u00ebkur\u00ebs<\/p>","protected":false},"excerpt":{"rendered":"<p>Mbajeni l\u00ebkur\u00ebn delikate t\u00eb but\u00eb me Kokoso Baby\u00ae, t\u00eb mbushur me l\u00ebnd\u00eb ushqyese, qet\u00ebsuese natyrore dhe acide yndyrore q\u00eb e duan l\u00ebkur\u00ebn, ky vaj \u00e7udib\u00ebr\u00ebs me shum\u00eb funksione do t\u00eb kujdeset dhe mbroj\u00eb l\u00ebkur\u00ebn e familjes suaj n\u00eb shum\u00eb m\u00ebnyra t\u00eb ndryshme.<\/p>","protected":false},"featured_media":9185,"comment_status":"open","ping_status":"closed","template":"","meta":[],"product_brand":[],"product_cat":[251,253,252,250,256,344,254,867],"product_tag":[548,425],"class_list":{"0":"post-9127","1":"product","2":"type-product","3":"status-publish","4":"has-post-thumbnail","6":"product_cat-0-6-muaj","7":"product_cat-12-muaj","8":"product_cat-6-12-muaj","9":"product_cat-bebe","10":"product_cat-floket-trupi","11":"product_cat-kokoso-baby","12":"product_cat-kryesore","13":"product_cat-maternity","14":"product_tag-kokoso","15":"product_tag-skincare","17":"first","18":"instock","19":"shipping-taxable","20":"purchasable","21":"product-type-simple"},"jetpack_sharing_enabled":true,"_links":{"self":[{"href":"https:\/\/nakedearth.al\/en\/wp-json\/wp\/v2\/product\/9127","targetHints":{"allow":["GET"]}}],"collection":[{"href":"https:\/\/nakedearth.al\/en\/wp-json\/wp\/v2\/product"}],"about":[{"href":"https:\/\/nakedearth.al\/en\/wp-json\/wp\/v2\/types\/product"}],"replies":[{"embeddable":true,"href":"https:\/\/nakedearth.al\/en\/wp-json\/wp\/v2\/comments?post=9127"}],"wp:featuredmedia":[{"embeddable":true,"href":"https:\/\/nakedearth.al\/en\/wp-json\/wp\/v2\/media\/9185"}],"wp:attachment":[{"href":"https:\/\/nakedearth.al\/en\/wp-json\/wp\/v2\/media?parent=9127"}],"wp:term":[{"taxonomy":"product_brand","embeddable":true,"href":"https:\/\/nakedearth.al\/en\/wp-json\/wp\/v2\/product_brand?post=9127"},{"taxonomy":"product_cat","embeddable":true,"href":"https:\/\/nakedearth.al\/en\/wp-json\/wp\/v2\/product_cat?post=9127"},{"taxonomy":"product_tag","embeddable":true,"href":"https:\/\/nakedearth.al\/en\/wp-json\/wp\/v2\/product_tag?post=9127"}],"curies":[{"name":"wp","href":"https:\/\/api.w.org\/{rel}","templated":true}]}}