{"id":9143,"date":"2021-06-16T15:38:36","date_gmt":"2021-06-16T13:38:36","guid":{"rendered":"https:\/\/nakedearth.al\/?post_type=product&#038;p=9143"},"modified":"2026-02-14T21:51:21","modified_gmt":"2026-02-14T20:51:21","slug":"balm-per-fytyren","status":"publish","type":"product","link":"https:\/\/nakedearth.al\/en\/product\/balm-per-fytyren\/","title":{"rendered":"Balm p\u00ebr Fytyr\u00ebn"},"content":{"rendered":"<p>Rr\u00ebshqet leht\u00eb mbi l\u00ebkur\u00eb<br \/>\nOrganike e \u00e7ertifikuar nga Ecocert<br \/>\nKrijon nj\u00eb mburoj\u00eb ndaj motit dhe mjedisit n\u00eb fytyra delikate<br \/>\nIdeale p\u00ebr faz\u00ebn e daljes t\u00eb dh\u00ebmb\u00ebve<br \/>\nMund t\u00eb aplikohet kudo n\u00eb trup<br \/>\nQet\u00ebson duart e thata, buz\u00ebt e l\u00ebnduara, rrjedhjen e hund\u00ebve dhe faqet e cop\u00ebtuara<br \/>\nTestuar dermatologjikisht<br \/>\nI p\u00ebrshtatsh\u00ebm p\u00ebr l\u00ebkur\u00eb t\u00eb ndjeshme dhe t\u00eb prirur p\u00ebr ekzem\u00eb<br \/>\nP\u00ebrdorim i leht\u00eb &#8211; pa rr\u00ebmuj\u00eb, pa gisht<br \/>\nMadh\u00ebsia perfekte p\u00ebr xhepin ose \u00e7ant\u00ebn tuaj<br \/>\nPaketim 100% i ricikluesh\u00ebm i kartonit<\/p>\n<p>Si t\u00eb p\u00ebrdorni<\/p>\n<p>\u2022 P\u00ebrdredhni pjes\u00ebn e sip\u00ebrme dhe shtyjeni lart balsamin but\u00ebsisht nga posht\u00eb.<br \/>\n\u2022 Shtyjeni vet\u00ebm aq balsam sa t\u00eb jet\u00eb e nevojshme.<br \/>\n\u2022 Vendoseni n\u00eb l\u00ebkur\u00eb kudo q\u00eb t\u00eb jet\u00eb e nevojshme.<\/p>","protected":false},"excerpt":{"rendered":"<p>I b\u00ebr\u00eb me p\u00ebrb\u00ebr\u00ebs 100% natyral\u00eb dhe organik\u00eb, ky balsam magjik me shum\u00eb funksione krijon nj\u00eb barrier\u00eb ushqyese kund\u00ebr elementeve, hidraton l\u00ebkur\u00ebn e that\u00eb dhe qet\u00ebson acarimin nga ftohjet ose acarimi nga dalja e dh\u00ebmb\u00ebve.<\/p>","protected":false},"featured_media":9128,"comment_status":"open","ping_status":"closed","template":"","meta":[],"product_brand":[],"product_cat":[251,253,252,250,256,344],"product_tag":[],"class_list":{"0":"post-9143","1":"product","2":"type-product","3":"status-publish","4":"has-post-thumbnail","6":"product_cat-0-6-muaj","7":"product_cat-12-muaj","8":"product_cat-6-12-muaj","9":"product_cat-bebe","10":"product_cat-floket-trupi","11":"product_cat-kokoso-baby","13":"first","14":"instock","15":"shipping-taxable","16":"purchasable","17":"product-type-variable"},"jetpack_sharing_enabled":true,"_links":{"self":[{"href":"https:\/\/nakedearth.al\/en\/wp-json\/wp\/v2\/product\/9143","targetHints":{"allow":["GET"]}}],"collection":[{"href":"https:\/\/nakedearth.al\/en\/wp-json\/wp\/v2\/product"}],"about":[{"href":"https:\/\/nakedearth.al\/en\/wp-json\/wp\/v2\/types\/product"}],"replies":[{"embeddable":true,"href":"https:\/\/nakedearth.al\/en\/wp-json\/wp\/v2\/comments?post=9143"}],"wp:featuredmedia":[{"embeddable":true,"href":"https:\/\/nakedearth.al\/en\/wp-json\/wp\/v2\/media\/9128"}],"wp:attachment":[{"href":"https:\/\/nakedearth.al\/en\/wp-json\/wp\/v2\/media?parent=9143"}],"wp:term":[{"taxonomy":"product_brand","embeddable":true,"href":"https:\/\/nakedearth.al\/en\/wp-json\/wp\/v2\/product_brand?post=9143"},{"taxonomy":"product_cat","embeddable":true,"href":"https:\/\/nakedearth.al\/en\/wp-json\/wp\/v2\/product_cat?post=9143"},{"taxonomy":"product_tag","embeddable":true,"href":"https:\/\/nakedearth.al\/en\/wp-json\/wp\/v2\/product_tag?post=9143"}],"curies":[{"name":"wp","href":"https:\/\/api.w.org\/{rel}","templated":true}]}}